{"id":7110,"date":"2023-02-25T21:17:40","date_gmt":"2023-02-25T21:17:40","guid":{"rendered":"https:\/\/tavapy.gov.py\/biblioteca\/?post_type=product&#038;p=7110"},"modified":"2023-02-25T21:17:41","modified_gmt":"2023-02-25T21:17:41","slug":"el-observador-en-bioneuroemocion","status":"publish","type":"product","link":"https:\/\/tavapy.gov.py\/biblioteca\/product\/el-observador-en-bioneuroemocion\/","title":{"rendered":"EL OBSERVADOR EN BIONEUROEMOCI\u00d3N."},"content":{"rendered":"","protected":false},"excerpt":{"rendered":"<p>Esta obra publicada en el 2.013 se ha inspirado en la observaci\u00f3n de una realidad: los seres humanos estamos experimentando una toma de conciencia nueva y m\u00e1s amplia. Nuestra mente se est\u00e1 abriendo a una b\u00fasqueda en la que interaccionan, con el fin de retroalimentarse, la espiritualidad y distintos aspectos de la ciencia, como la f\u00edsica, la psicolog\u00eda y la biolog\u00eda.<\/p>\n<p>La f\u00edsica cu\u00e1ntica explica que el observador puede alterar lo observado. De alg\u00fan modo, el mundo que vemos es el mundo que queremos ver. Nuestra observaci\u00f3n determina acontecimientos futuros que afectar\u00e1n a nuestras relaciones sociales, a nuestro trabajo y, sobre todo, a nuestra salud.<\/p>\n<p>Nuestro objetivo es que el lector a\u00fane todos estos conocimientos en la observaci\u00f3n del mundo que le rodea y los acontecimientos que le toque vivir, para que as\u00ed tome conciencia de su capacidad de cambiar su vida y de la importancia del acto de observar, y tenga en cuenta que para ser un buen observador ha de suprimir los juicios.<\/p>\n<p><a href=\"https:\/\/tavapy.gov.py\/biblioteca\/wp-content\/uploads\/2023\/02\/CorberaE-El-Observador-en-BioNeuroEmocion.pdf\" target=\"_blank\" rel=\"attachment noopener wp-att-7024\"><img loading=\"lazy\" decoding=\"async\" class=\"size-full wp-image-7024 alignleft\" src=\"https:\/\/tavapy.gov.py\/biblioteca\/wp-content\/uploads\/2023\/02\/icono-PDF-copia-2-2.png\" alt=\"\" width=\"121\" height=\"140\" \/><\/a><\/p>\n","protected":false},"featured_media":7091,"comment_status":"open","ping_status":"closed","template":"","meta":{"spay_email":""},"product_cat":[361],"product_tag":[],"class_list":{"0":"post-7110","1":"product","2":"type-product","3":"status-publish","4":"has-post-thumbnail","6":"book_author-enric-corbera","7":"product_cat-neurociencia-psicologia","8":"entry"},"_links":{"self":[{"href":"https:\/\/tavapy.gov.py\/biblioteca\/wp-json\/wp\/v2\/product\/7110","targetHints":{"allow":["GET"]}}],"collection":[{"href":"https:\/\/tavapy.gov.py\/biblioteca\/wp-json\/wp\/v2\/product"}],"about":[{"href":"https:\/\/tavapy.gov.py\/biblioteca\/wp-json\/wp\/v2\/types\/product"}],"replies":[{"embeddable":true,"href":"https:\/\/tavapy.gov.py\/biblioteca\/wp-json\/wp\/v2\/comments?post=7110"}],"wp:featuredmedia":[{"embeddable":true,"href":"https:\/\/tavapy.gov.py\/biblioteca\/wp-json\/wp\/v2\/media\/7091"}],"wp:attachment":[{"href":"https:\/\/tavapy.gov.py\/biblioteca\/wp-json\/wp\/v2\/media?parent=7110"}],"wp:term":[{"taxonomy":"product_cat","embeddable":true,"href":"https:\/\/tavapy.gov.py\/biblioteca\/wp-json\/wp\/v2\/product_cat?post=7110"},{"taxonomy":"product_tag","embeddable":true,"href":"https:\/\/tavapy.gov.py\/biblioteca\/wp-json\/wp\/v2\/product_tag?post=7110"}],"curies":[{"name":"wp","href":"https:\/\/api.w.org\/{rel}","templated":true}]}}