{"id":7111,"date":"2023-02-25T21:26:15","date_gmt":"2023-02-25T21:26:15","guid":{"rendered":"https:\/\/tavapy.gov.py\/biblioteca\/?post_type=product&#038;p=7111"},"modified":"2023-02-25T21:26:16","modified_gmt":"2023-02-25T21:26:16","slug":"tratado-en-bioneuroemocion-bases-biologicas-para-el-cambio-de-conciencia","status":"publish","type":"product","link":"https:\/\/tavapy.gov.py\/biblioteca\/product\/tratado-en-bioneuroemocion-bases-biologicas-para-el-cambio-de-conciencia\/","title":{"rendered":"TRATADO EN BIONEUROEMOCI\u00d3N: BASES BIOL\u00d3GICAS PARA EL CAMBIO DE CONCIENCIA."},"content":{"rendered":"","protected":false},"excerpt":{"rendered":"<p>En este tratado largamente esperado, publicado en el 2.014, Enric Corbera y Montserrata Batll\u00f3 nos ofrecen una visi\u00f3n completa de la BioNeuroEmoci\u00f3n, una nueva disciplina emergente que est\u00e1 dando respuestas a miles de terapeutas y clientes, y que pronto ser\u00e1 impartida en facultades universitarias de Argentina y M\u00e9xico.<\/p>\n<p>La BioNeuroEmoci\u00f3n aborda el conflicto emocional y sus efectos en nuestra fisiolog\u00eda, estableciendo para su detecci\u00f3n y resoluci\u00f3n algunos puntos fundamentales. En primer lugar, hace hincapi\u00e9 en el \u00e1rbol geneal\u00f3gico o transgeneracional: como dicen los autores, su experiencia cl\u00ednica les ense\u00f1a que nuestras vidas son en gran medida una manifestaci\u00f3n de programas heredados. Se trata, por tanto, de despertar la conciencia para liberarnos y poder ser fieles a nosotros mismos y a lo que realmente queremos.<\/p>\n<p>En resumen, lo que aqu\u00ed se plantea es una nueva forma de entender la vida: se trata de abandonar el paradigma newtoniano, el del victimismo al que llamamos adolescencia emocional para adentrarnos en la madurez emocional, en el paradigma hol\u00edstico, en el que somos los autores conscientes e inconscientes de nuestras vidas. De esta manera la persona siente que su salud est\u00e1 en sus propias manos y que pueda participar activamente en su recuperaci\u00f3n f\u00edsica y mental.<\/p>\n<p><a href=\"https:\/\/tavapy.gov.py\/biblioteca\/wp-content\/uploads\/2023\/02\/CorberaE-Tratado-en-BioNeuroEmocion.pdf\" target=\"_blank\" rel=\"attachment noopener wp-att-7024\"><img loading=\"lazy\" decoding=\"async\" class=\"size-full wp-image-7024 alignleft\" src=\"https:\/\/tavapy.gov.py\/biblioteca\/wp-content\/uploads\/2023\/02\/icono-PDF-copia-2-2.png\" alt=\"\" width=\"121\" height=\"140\" \/><\/a><\/p>\n","protected":false},"featured_media":7093,"comment_status":"open","ping_status":"closed","template":"","meta":{"spay_email":""},"product_cat":[959],"product_tag":[],"class_list":{"0":"post-7111","1":"product","2":"type-product","3":"status-publish","4":"has-post-thumbnail","6":"book_author-enric-corbera","7":"product_cat-biologia-salud-nueva-cosmologia","8":"entry"},"_links":{"self":[{"href":"https:\/\/tavapy.gov.py\/biblioteca\/wp-json\/wp\/v2\/product\/7111","targetHints":{"allow":["GET"]}}],"collection":[{"href":"https:\/\/tavapy.gov.py\/biblioteca\/wp-json\/wp\/v2\/product"}],"about":[{"href":"https:\/\/tavapy.gov.py\/biblioteca\/wp-json\/wp\/v2\/types\/product"}],"replies":[{"embeddable":true,"href":"https:\/\/tavapy.gov.py\/biblioteca\/wp-json\/wp\/v2\/comments?post=7111"}],"wp:featuredmedia":[{"embeddable":true,"href":"https:\/\/tavapy.gov.py\/biblioteca\/wp-json\/wp\/v2\/media\/7093"}],"wp:attachment":[{"href":"https:\/\/tavapy.gov.py\/biblioteca\/wp-json\/wp\/v2\/media?parent=7111"}],"wp:term":[{"taxonomy":"product_cat","embeddable":true,"href":"https:\/\/tavapy.gov.py\/biblioteca\/wp-json\/wp\/v2\/product_cat?post=7111"},{"taxonomy":"product_tag","embeddable":true,"href":"https:\/\/tavapy.gov.py\/biblioteca\/wp-json\/wp\/v2\/product_tag?post=7111"}],"curies":[{"name":"wp","href":"https:\/\/api.w.org\/{rel}","templated":true}]}}