{"id":7112,"date":"2023-02-25T21:31:50","date_gmt":"2023-02-25T21:31:50","guid":{"rendered":"https:\/\/tavapy.gov.py\/biblioteca\/?post_type=product&#038;p=7112"},"modified":"2023-02-25T21:34:52","modified_gmt":"2023-02-25T21:34:52","slug":"brainfluence-100-formas-de-convencer-y-persuadir-a-traves-del-neuromarketing","status":"publish","type":"product","link":"https:\/\/tavapy.gov.py\/biblioteca\/product\/brainfluence-100-formas-de-convencer-y-persuadir-a-traves-del-neuromarketing\/","title":{"rendered":"BRAINFLUENCE: 100 FORMAS DE CONVENCER Y PERSUADIR A TRAV\u00c9S DEL NEUROMARKETING."},"content":{"rendered":"","protected":false},"excerpt":{"rendered":"<p>Un libro para persuadir e influir sobre los dem\u00e1s. Un libro que concentra todas las novedades del neuromarketing. De acuerdo con la neurociencia, el 95% de nuestros pensamientos, emociones y aprendizaje ocurre antes de que seamos conscientes de ello, sin embargo, los grandes esfuerzos del marketing se siguen concentrando en los mensajes racionales que apelan al 5%.<\/p>\n<p>Brainfluence, obra publicada en el 2.015, explica c\u00f3mo funciona el cerebro y explica tanto c\u00f3mo su funcionamiento influye en nuestras acciones y tambi\u00e9n c\u00f3mo se puede llegar a influir en c\u00f3mo pensamos<\/p>\n<p>A trav\u00e9s 100 breves consejos, imprescindibles para cualquier experto en marketing o en comunicaci\u00f3n, podr\u00e1 aprender c\u00f3mo colocar sus productos, c\u00f3mo fijar precios, lograr fidelidad a una marca y mucho m\u00e1s. Tambi\u00e9n es lectura imprescindible para todos los que consumimos cotidianamente y nos dejamos influir por quienes hacen uso de estos 100 consejos.<\/p>\n<p><a href=\"https:\/\/tavapy.gov.py\/biblioteca\/wp-content\/uploads\/2023\/02\/DooleyR-Brainfluence-Gestion-del-conocimiento.pdf\" target=\"_blank\" rel=\"attachment noopener wp-att-7024\"><img loading=\"lazy\" decoding=\"async\" class=\"size-full wp-image-7024 alignleft\" src=\"https:\/\/tavapy.gov.py\/biblioteca\/wp-content\/uploads\/2023\/02\/icono-PDF-copia-2-2.png\" alt=\"\" width=\"121\" height=\"140\" \/><\/a><\/p>\n","protected":false},"featured_media":7095,"comment_status":"open","ping_status":"closed","template":"","meta":{"spay_email":""},"product_cat":[954],"product_tag":[],"class_list":{"0":"post-7112","1":"product","2":"type-product","3":"status-publish","4":"has-post-thumbnail","6":"book_author-roger-dooley","7":"product_cat-neurociencia-marketing-publicidad","8":"entry"},"_links":{"self":[{"href":"https:\/\/tavapy.gov.py\/biblioteca\/wp-json\/wp\/v2\/product\/7112","targetHints":{"allow":["GET"]}}],"collection":[{"href":"https:\/\/tavapy.gov.py\/biblioteca\/wp-json\/wp\/v2\/product"}],"about":[{"href":"https:\/\/tavapy.gov.py\/biblioteca\/wp-json\/wp\/v2\/types\/product"}],"replies":[{"embeddable":true,"href":"https:\/\/tavapy.gov.py\/biblioteca\/wp-json\/wp\/v2\/comments?post=7112"}],"wp:featuredmedia":[{"embeddable":true,"href":"https:\/\/tavapy.gov.py\/biblioteca\/wp-json\/wp\/v2\/media\/7095"}],"wp:attachment":[{"href":"https:\/\/tavapy.gov.py\/biblioteca\/wp-json\/wp\/v2\/media?parent=7112"}],"wp:term":[{"taxonomy":"product_cat","embeddable":true,"href":"https:\/\/tavapy.gov.py\/biblioteca\/wp-json\/wp\/v2\/product_cat?post=7112"},{"taxonomy":"product_tag","embeddable":true,"href":"https:\/\/tavapy.gov.py\/biblioteca\/wp-json\/wp\/v2\/product_tag?post=7112"}],"curies":[{"name":"wp","href":"https:\/\/api.w.org\/{rel}","templated":true}]}}