{"id":7114,"date":"2023-02-26T14:09:57","date_gmt":"2023-02-26T14:09:57","guid":{"rendered":"https:\/\/tavapy.gov.py\/biblioteca\/?post_type=product&#038;p=7114"},"modified":"2023-02-26T14:09:57","modified_gmt":"2023-02-26T14:09:57","slug":"reimaginando-la-educacion-21-claves-para-transformar-la-escuela","status":"publish","type":"product","link":"https:\/\/tavapy.gov.py\/biblioteca\/product\/reimaginando-la-educacion-21-claves-para-transformar-la-escuela\/","title":{"rendered":"REIMAGINANDO LA EDUCACI\u00d3N: 21 CLAVES PARA TRANSFORMAR LA ESCUELA."},"content":{"rendered":"","protected":false},"excerpt":{"rendered":"<p>Xavier Aragay, art\u00edfice del proceso de renovaci\u00f3n pedag\u00f3gica de las escuelas jesuitas de Catalu\u00f1a, nos ofrece las claves para transformar la escuela del futuro, en esta obra publicada en el 2.017.<\/p>\n<p>Xavier Aragay lider\u00f3 el proyecto Horizonte 2020 con el que las escuelas jesuitas de Catalu\u00f1a iniciaron un proceso de profunda renovaci\u00f3n pedag\u00f3gica. Siendo el suyo un modelo de \u00e9xito probado, el autor nos presenta enReimaginando la educaci\u00f3nlas 21 claves para transformar desde dentro nuestro sistema educativo.<\/p>\n<p>A trav\u00e9s de conceptos claves y peque\u00f1as actividades, descubriremos las flaquezas y las fortalezas de nuestro entorno educativo para, con ello, alcanzar el principal objetivo de una escuela ideal: formar a las personas del futuro.<\/p>\n<p><a href=\"https:\/\/tavapy.gov.py\/biblioteca\/wp-content\/uploads\/2023\/02\/AragayX-Reimaginando-la-educacion.-21-claves-para-transformar-la-escuela.pdf\" target=\"_blank\" rel=\"attachment noopener wp-att-7024\"><img loading=\"lazy\" decoding=\"async\" class=\"size-full wp-image-7024 alignleft\" src=\"https:\/\/tavapy.gov.py\/biblioteca\/wp-content\/uploads\/2023\/02\/icono-PDF-copia-2-2.png\" alt=\"\" width=\"121\" height=\"140\" \/><\/a><\/p>\n","protected":false},"featured_media":7115,"comment_status":"open","ping_status":"closed","template":"","meta":{"spay_email":""},"product_cat":[962],"product_tag":[],"class_list":{"0":"post-7114","1":"product","2":"type-product","3":"status-publish","4":"has-post-thumbnail","6":"book_author-xavier-aragay","7":"product_cat-pedagogia-historia-y-filosofia-de-la-educacion","8":"entry"},"_links":{"self":[{"href":"https:\/\/tavapy.gov.py\/biblioteca\/wp-json\/wp\/v2\/product\/7114","targetHints":{"allow":["GET"]}}],"collection":[{"href":"https:\/\/tavapy.gov.py\/biblioteca\/wp-json\/wp\/v2\/product"}],"about":[{"href":"https:\/\/tavapy.gov.py\/biblioteca\/wp-json\/wp\/v2\/types\/product"}],"replies":[{"embeddable":true,"href":"https:\/\/tavapy.gov.py\/biblioteca\/wp-json\/wp\/v2\/comments?post=7114"}],"wp:featuredmedia":[{"embeddable":true,"href":"https:\/\/tavapy.gov.py\/biblioteca\/wp-json\/wp\/v2\/media\/7115"}],"wp:attachment":[{"href":"https:\/\/tavapy.gov.py\/biblioteca\/wp-json\/wp\/v2\/media?parent=7114"}],"wp:term":[{"taxonomy":"product_cat","embeddable":true,"href":"https:\/\/tavapy.gov.py\/biblioteca\/wp-json\/wp\/v2\/product_cat?post=7114"},{"taxonomy":"product_tag","embeddable":true,"href":"https:\/\/tavapy.gov.py\/biblioteca\/wp-json\/wp\/v2\/product_tag?post=7114"}],"curies":[{"name":"wp","href":"https:\/\/api.w.org\/{rel}","templated":true}]}}