{"id":7156,"date":"2023-02-26T14:29:41","date_gmt":"2023-02-26T14:29:41","guid":{"rendered":"https:\/\/tavapy.gov.py\/biblioteca\/?post_type=product&#038;p=7156"},"modified":"2023-02-26T14:29:41","modified_gmt":"2023-02-26T14:29:41","slug":"el-arte-en-la-ensenanza","status":"publish","type":"product","link":"https:\/\/tavapy.gov.py\/biblioteca\/product\/el-arte-en-la-ensenanza\/","title":{"rendered":"EL ARTE EN LA ENSE\u00d1ANZA."},"content":{"rendered":"","protected":false},"excerpt":{"rendered":"<p>El arte desborda ampliamente el taller de pl\u00e1stica y atraviesa numerosas \u00e1reas curriculares, pr\u00e1cticas y escenarios: hay arte en las paredes de las instituciones, en los libros y materiales para la ense\u00f1anza, en los nuevos dispositivos tecnol\u00f3gicos\u2026<\/p>\n<p>Hay expresiones del arte en las producciones de los chicos y j\u00f3venes, en los actos escolares y en las visitas y salidas a la ciudad\u2026 El arte en la ense\u00f1anza vincula las experiencias est\u00e9ticas con lo cotidiano, con el cuerpo, con la acci\u00f3n y con la creaci\u00f3n. Un arte que nos es com\u00fan a todos y no queda restringido a los \u00abtalentosos\u00bb; una actividad humana potente para expresarnos, comunicarnos y desarrollar una vida m\u00e1s digna, m\u00e1s reflexiva y m\u00e1s justa.<\/p>\n<p>El lector encontrar\u00e1 en este libro publicado en el 2.012, un texto rico en desarrollos te\u00f3ricos, entramado con el relato de proyectos escolares, actividades y propuestas concretas de intervenci\u00f3n en las aulas. Una invitaci\u00f3n a redescubrir y poner en valor lo mejor de nuestras tradiciones y legados y a delinear e inventar pr\u00e1cticas de ense\u00f1anza que convoquen a conocer sin resignar la emoci\u00f3n y la imaginaci\u00f3n.<\/p>\n<p><a href=\"https:\/\/tavapy.gov.py\/biblioteca\/wp-content\/uploads\/2023\/02\/AugustowskyG-El-arte-de-la-ensenanza.pdf\" target=\"_blank\" rel=\"attachment noopener wp-att-7024\"><img loading=\"lazy\" decoding=\"async\" class=\"size-full wp-image-7024 alignleft\" src=\"https:\/\/tavapy.gov.py\/biblioteca\/wp-content\/uploads\/2023\/02\/icono-PDF-copia-2-2.png\" alt=\"\" width=\"121\" height=\"140\" \/><\/a><\/p>\n","protected":false},"featured_media":7121,"comment_status":"open","ping_status":"closed","template":"","meta":{"spay_email":""},"product_cat":[965],"product_tag":[],"class_list":{"0":"post-7156","1":"product","2":"type-product","3":"status-publish","4":"has-post-thumbnail","6":"book_author-gabriela-augustowsky","7":"product_cat-pedagogia-didactica-y-metodologia","8":"entry"},"_links":{"self":[{"href":"https:\/\/tavapy.gov.py\/biblioteca\/wp-json\/wp\/v2\/product\/7156","targetHints":{"allow":["GET"]}}],"collection":[{"href":"https:\/\/tavapy.gov.py\/biblioteca\/wp-json\/wp\/v2\/product"}],"about":[{"href":"https:\/\/tavapy.gov.py\/biblioteca\/wp-json\/wp\/v2\/types\/product"}],"replies":[{"embeddable":true,"href":"https:\/\/tavapy.gov.py\/biblioteca\/wp-json\/wp\/v2\/comments?post=7156"}],"wp:featuredmedia":[{"embeddable":true,"href":"https:\/\/tavapy.gov.py\/biblioteca\/wp-json\/wp\/v2\/media\/7121"}],"wp:attachment":[{"href":"https:\/\/tavapy.gov.py\/biblioteca\/wp-json\/wp\/v2\/media?parent=7156"}],"wp:term":[{"taxonomy":"product_cat","embeddable":true,"href":"https:\/\/tavapy.gov.py\/biblioteca\/wp-json\/wp\/v2\/product_cat?post=7156"},{"taxonomy":"product_tag","embeddable":true,"href":"https:\/\/tavapy.gov.py\/biblioteca\/wp-json\/wp\/v2\/product_tag?post=7156"}],"curies":[{"name":"wp","href":"https:\/\/api.w.org\/{rel}","templated":true}]}}