{"id":7157,"date":"2023-02-26T14:37:26","date_gmt":"2023-02-26T14:37:26","guid":{"rendered":"https:\/\/tavapy.gov.py\/biblioteca\/?post_type=product&#038;p=7157"},"modified":"2023-02-26T14:37:26","modified_gmt":"2023-02-26T14:37:26","slug":"diez-claves-de-la-educacion","status":"publish","type":"product","link":"https:\/\/tavapy.gov.py\/biblioteca\/product\/diez-claves-de-la-educacion\/","title":{"rendered":"DIEZ CLAVES DE LA EDUCACI\u00d3N."},"content":{"rendered":"","protected":false},"excerpt":{"rendered":"<p>Un libro que aborda, de modo sencillo y ofreciendo soluciones pr\u00e1cticas, la respuesta a una pregunta en la que nos jugamos todo, o casi todo: \u00bfQu\u00e9 es educar?<\/p>\n<p>Este libro nace de unas conferencias de gran \u00e9xito que el autor imparte en Espa\u00f1a y Am\u00e9rica. Es el libro que una madre preocupada y un profesor desanimado podr\u00edan ofrecer a un hijo o a un alumno, con esta serena propuesta: \u00b4Creo que esto es educar, y es lo que me gustar\u00eda hacer por ti\u00b4.<\/p>\n<p>Un texto sencillo, publicado en el 2.006, para padres y profesores que buscan soluciones pr\u00e1cticas. Para lectores con poco tiempo. Y tambi\u00e9n para j\u00f3venes, pues son protagonistas de estos cap\u00edtulos que abordan 10 puntos esenciales en toda educaci\u00f3n.<\/p>\n<p><a href=\"https:\/\/tavapy.gov.py\/biblioteca\/wp-content\/uploads\/2023\/02\/AyllonJ-10-claves-de-la-educacion.pdf\" target=\"_blank\" rel=\"attachment noopener wp-att-7024\"><img loading=\"lazy\" decoding=\"async\" class=\"size-full wp-image-7024 alignleft\" src=\"https:\/\/tavapy.gov.py\/biblioteca\/wp-content\/uploads\/2023\/02\/icono-PDF-copia-2-2.png\" alt=\"\" width=\"121\" height=\"140\" \/><\/a><\/p>\n","protected":false},"featured_media":7124,"comment_status":"open","ping_status":"closed","template":"","meta":{"spay_email":""},"product_cat":[962],"product_tag":[],"class_list":{"0":"post-7157","1":"product","2":"type-product","3":"status-publish","4":"has-post-thumbnail","6":"book_author-jose-ramon-ayllon","7":"product_cat-pedagogia-historia-y-filosofia-de-la-educacion","8":"entry"},"_links":{"self":[{"href":"https:\/\/tavapy.gov.py\/biblioteca\/wp-json\/wp\/v2\/product\/7157","targetHints":{"allow":["GET"]}}],"collection":[{"href":"https:\/\/tavapy.gov.py\/biblioteca\/wp-json\/wp\/v2\/product"}],"about":[{"href":"https:\/\/tavapy.gov.py\/biblioteca\/wp-json\/wp\/v2\/types\/product"}],"replies":[{"embeddable":true,"href":"https:\/\/tavapy.gov.py\/biblioteca\/wp-json\/wp\/v2\/comments?post=7157"}],"wp:featuredmedia":[{"embeddable":true,"href":"https:\/\/tavapy.gov.py\/biblioteca\/wp-json\/wp\/v2\/media\/7124"}],"wp:attachment":[{"href":"https:\/\/tavapy.gov.py\/biblioteca\/wp-json\/wp\/v2\/media?parent=7157"}],"wp:term":[{"taxonomy":"product_cat","embeddable":true,"href":"https:\/\/tavapy.gov.py\/biblioteca\/wp-json\/wp\/v2\/product_cat?post=7157"},{"taxonomy":"product_tag","embeddable":true,"href":"https:\/\/tavapy.gov.py\/biblioteca\/wp-json\/wp\/v2\/product_tag?post=7157"}],"curies":[{"name":"wp","href":"https:\/\/api.w.org\/{rel}","templated":true}]}}