{"id":7158,"date":"2023-02-26T14:45:53","date_gmt":"2023-02-26T14:45:53","guid":{"rendered":"https:\/\/tavapy.gov.py\/biblioteca\/?post_type=product&#038;p=7158"},"modified":"2023-02-26T14:45:53","modified_gmt":"2023-02-26T14:45:53","slug":"contra-la-empatia-argumentos-para-una-compasion-racional","status":"publish","type":"product","link":"https:\/\/tavapy.gov.py\/biblioteca\/product\/contra-la-empatia-argumentos-para-una-compasion-racional\/","title":{"rendered":"CONTRA LA EMPAT\u00cdA: ARGUMENTOS PARA UNA COMPASI\u00d3N RACIONAL."},"content":{"rendered":"","protected":false},"excerpt":{"rendered":"<p>Es habitual que pensemos que nuestra capacidad de experimentar el sufrimiento de los otros es una especie de fuente de nuestra bondad; sin embargo, no hay nada m\u00e1s equivocado. Paul Bloom, maestro de la universidad de Yale, revela que la empat\u00eda es uno de los principales motores de la inequidad y la inmoralidad en la sociedad. Lejos de ayudarnos a mejorar nuestras relaciones, la empat\u00eda es una emoci\u00f3n caprichosa e irracional que apela a nuestros propios prejuicios e, ir\u00f3nicamente, nos lleva con frecuencia a la crueldad.<\/p>\n<p>Bloom, basando sus argumentos en investigaciones cient\u00edficas, ejemplifica que algunas de las peores decisiones tomadas por individuos y naciones -a qui\u00e9n dar dinero, c\u00f3mo responder al cambio clim\u00e1tico, a qui\u00e9n meter en prisi\u00f3n- son impulsadas normalmente por honestas, aunque desviadas, emociones. Con precisi\u00f3n y sabidur\u00eda, Contra la empat\u00eda evidencia c\u00f3mo \u00e9sta distorsiona todos los aspectos de nuestra vida, desde la filantrop\u00eda y la caridad, hasta el sistema de justicia; desde la sanidad y la educaci\u00f3n, hasta la paternidad y el matrimonio. Sin empat\u00eda, insiste Bloom, nuestras decisiones ser\u00edan m\u00e1s claras, m\u00e1s justas y, s\u00ed, m\u00e1s morales.<\/p>\n<p><a href=\"https:\/\/tavapy.gov.py\/biblioteca\/wp-content\/uploads\/2023\/02\/BloomP-Contra-La-Empatia.pdf\" target=\"_blank\" rel=\"attachment noopener wp-att-7024\"><img loading=\"lazy\" decoding=\"async\" class=\"size-full wp-image-7024 alignleft\" src=\"https:\/\/tavapy.gov.py\/biblioteca\/wp-content\/uploads\/2023\/02\/icono-PDF-copia-2-2.png\" alt=\"\" width=\"121\" height=\"140\" \/><\/a><\/p>\n","protected":false},"featured_media":7127,"comment_status":"open","ping_status":"closed","template":"","meta":{"spay_email":""},"product_cat":[968],"product_tag":[],"class_list":{"0":"post-7158","1":"product","2":"type-product","3":"status-publish","4":"has-post-thumbnail","6":"book_author-paul-bloom","7":"product_cat-psicologia-filosofia-etica","8":"entry"},"_links":{"self":[{"href":"https:\/\/tavapy.gov.py\/biblioteca\/wp-json\/wp\/v2\/product\/7158","targetHints":{"allow":["GET"]}}],"collection":[{"href":"https:\/\/tavapy.gov.py\/biblioteca\/wp-json\/wp\/v2\/product"}],"about":[{"href":"https:\/\/tavapy.gov.py\/biblioteca\/wp-json\/wp\/v2\/types\/product"}],"replies":[{"embeddable":true,"href":"https:\/\/tavapy.gov.py\/biblioteca\/wp-json\/wp\/v2\/comments?post=7158"}],"wp:featuredmedia":[{"embeddable":true,"href":"https:\/\/tavapy.gov.py\/biblioteca\/wp-json\/wp\/v2\/media\/7127"}],"wp:attachment":[{"href":"https:\/\/tavapy.gov.py\/biblioteca\/wp-json\/wp\/v2\/media?parent=7158"}],"wp:term":[{"taxonomy":"product_cat","embeddable":true,"href":"https:\/\/tavapy.gov.py\/biblioteca\/wp-json\/wp\/v2\/product_cat?post=7158"},{"taxonomy":"product_tag","embeddable":true,"href":"https:\/\/tavapy.gov.py\/biblioteca\/wp-json\/wp\/v2\/product_tag?post=7158"}],"curies":[{"name":"wp","href":"https:\/\/api.w.org\/{rel}","templated":true}]}}