{"id":7159,"date":"2023-02-26T17:09:47","date_gmt":"2023-02-26T17:09:47","guid":{"rendered":"https:\/\/tavapy.gov.py\/biblioteca\/?post_type=product&#038;p=7159"},"modified":"2023-02-26T17:09:48","modified_gmt":"2023-02-26T17:09:48","slug":"herramientas-de-la-mente-el-aprendizaje-en-la-infancia-desde-la-perspectiva-de-vygotsky","status":"publish","type":"product","link":"https:\/\/tavapy.gov.py\/biblioteca\/product\/herramientas-de-la-mente-el-aprendizaje-en-la-infancia-desde-la-perspectiva-de-vygotsky\/","title":{"rendered":"HERRAMIENTAS DE LA MENTE. EL APRENDIZAJE EN LA INFANCIA DESDE LA PERSPECTIVA DE VYGOTSKY."},"content":{"rendered":"","protected":false},"excerpt":{"rendered":"<p>Herramientas de la mente, porque su prop\u00f3sito es capacitar a los maestros para que pongan a disposici\u00f3n de los ni\u00f1os las herramientas de la mente necesarias para el aprendizaje, pero tambi\u00e9n porque el propio libro es una herramienta para el maestro.<\/p>\n<p>Las herramientas mentales son ideas que aprendemos de otros, ideas que modificamos y transmitimos. Vygotsky, sus disc\u00edpulos y colegas, nos legaron maravillosas herramientas de la mente que nosotros esperamos transmitir a los lectores de este libro.<\/p>\n<p>La obra Las herramientas de la mente. El aprendizaje en la infancia desde la perspectiva de Vygotsky fue publicada en 1.996.<\/p>\n<p><a href=\"https:\/\/tavapy.gov.py\/biblioteca\/wp-content\/uploads\/2023\/02\/BodrovaH-Herramientas-de-la-Mente.pdf\" target=\"_blank\" rel=\"attachment noopener wp-att-7024\"><img loading=\"lazy\" decoding=\"async\" class=\"size-full wp-image-7024 alignleft\" src=\"https:\/\/tavapy.gov.py\/biblioteca\/wp-content\/uploads\/2023\/02\/icono-PDF-copia-2-2.png\" alt=\"\" width=\"121\" height=\"140\" \/><\/a><\/p>\n","protected":false},"featured_media":7130,"comment_status":"open","ping_status":"closed","template":"","meta":{"spay_email":""},"product_cat":[196],"product_tag":[],"class_list":{"0":"post-7159","1":"product","2":"type-product","3":"status-publish","4":"has-post-thumbnail","6":"book_author-elena-bodrova","7":"product_cat-psicologia-educacion","8":"entry"},"_links":{"self":[{"href":"https:\/\/tavapy.gov.py\/biblioteca\/wp-json\/wp\/v2\/product\/7159","targetHints":{"allow":["GET"]}}],"collection":[{"href":"https:\/\/tavapy.gov.py\/biblioteca\/wp-json\/wp\/v2\/product"}],"about":[{"href":"https:\/\/tavapy.gov.py\/biblioteca\/wp-json\/wp\/v2\/types\/product"}],"replies":[{"embeddable":true,"href":"https:\/\/tavapy.gov.py\/biblioteca\/wp-json\/wp\/v2\/comments?post=7159"}],"wp:featuredmedia":[{"embeddable":true,"href":"https:\/\/tavapy.gov.py\/biblioteca\/wp-json\/wp\/v2\/media\/7130"}],"wp:attachment":[{"href":"https:\/\/tavapy.gov.py\/biblioteca\/wp-json\/wp\/v2\/media?parent=7159"}],"wp:term":[{"taxonomy":"product_cat","embeddable":true,"href":"https:\/\/tavapy.gov.py\/biblioteca\/wp-json\/wp\/v2\/product_cat?post=7159"},{"taxonomy":"product_tag","embeddable":true,"href":"https:\/\/tavapy.gov.py\/biblioteca\/wp-json\/wp\/v2\/product_tag?post=7159"}],"curies":[{"name":"wp","href":"https:\/\/api.w.org\/{rel}","templated":true}]}}