{"id":7160,"date":"2023-02-26T17:16:56","date_gmt":"2023-02-26T17:16:56","guid":{"rendered":"https:\/\/tavapy.gov.py\/biblioteca\/?post_type=product&#038;p=7160"},"modified":"2023-02-26T17:16:56","modified_gmt":"2023-02-26T17:16:56","slug":"la-educacion-puerta-de-la-cultura","status":"publish","type":"product","link":"https:\/\/tavapy.gov.py\/biblioteca\/product\/la-educacion-puerta-de-la-cultura\/","title":{"rendered":"LA EDUCACI\u00d3N, PUERTA DE LA CULTURA."},"content":{"rendered":"","protected":false},"excerpt":{"rendered":"<p>Bruner analiza las implicaciones de la psicolog\u00eda cultural en la educaci\u00f3n, en esta publicada en 1.997. Este enfoque de la psicolog\u00eda parte del supuesto de que la actividad mental humana no se produce en solitario. \u00abNo se puede entender la actividad mental a no ser que se tenga en cuenta el contexto cultural y sus recursos, que le dan a la mente su forma y amplitud.\u00bb<\/p>\n<p>El autor se\u00f1ala que los grandes cambios tecnol\u00f3gicos del mundo actual afectan a la vida humana en todos sus terrenos (trabajo, familia, comunidades y relaciones interpersonales). Ante esto las nuevas generaciones tienen que aprender no solo a manejar grandes cantidades de informaci\u00f3n e interaccionar con un mundo tecnol\u00f3gico cambiante, sino tambi\u00e9n a desarrollar un concepto de s\u00ed mismos como ciudadanos del mundo al mismo tiempo que conservar su identidad local.<\/p>\n<p>Esto supone un desaf\u00edo para las escuelas y la educaci\u00f3n en general, en la medida en que estas deben dejar de ser veh\u00edculos de transmisi\u00f3n de conocimientos y habilidades teniendo en cuenta el contexto cultural. La escuela es el primer y m\u00e1s importante contacto que el ni\u00f1o tiene con su cultura, en la cual trata de comprender sus complejidades y contradicciones.<\/p>\n<p>Por ello el objetivo de la educaci\u00f3n es ayudarle a encontrar su camino en su cultura ayud\u00e1ndole no solo a dominar unas determinadas habilidades t\u00e9cnicas, sino a conocer y tomar conciencia del mundo en el que va a vivir.<\/p>\n<p><a href=\"https:\/\/tavapy.gov.py\/biblioteca\/wp-content\/uploads\/2023\/02\/BrunerJ-Educacion-puerta-de-la-cultura.pdf\" target=\"_blank\" rel=\"attachment noopener wp-att-7024\"><img loading=\"lazy\" decoding=\"async\" class=\"size-full wp-image-7024 alignleft\" src=\"https:\/\/tavapy.gov.py\/biblioteca\/wp-content\/uploads\/2023\/02\/icono-PDF-copia-2-2.png\" alt=\"\" width=\"121\" height=\"140\" \/><\/a><\/p>\n","protected":false},"featured_media":7133,"comment_status":"open","ping_status":"closed","template":"","meta":{"spay_email":""},"product_cat":[196],"product_tag":[],"class_list":{"0":"post-7160","1":"product","2":"type-product","3":"status-publish","4":"has-post-thumbnail","6":"book_author-jerome-bruner","7":"product_cat-psicologia-educacion","8":"entry"},"_links":{"self":[{"href":"https:\/\/tavapy.gov.py\/biblioteca\/wp-json\/wp\/v2\/product\/7160","targetHints":{"allow":["GET"]}}],"collection":[{"href":"https:\/\/tavapy.gov.py\/biblioteca\/wp-json\/wp\/v2\/product"}],"about":[{"href":"https:\/\/tavapy.gov.py\/biblioteca\/wp-json\/wp\/v2\/types\/product"}],"replies":[{"embeddable":true,"href":"https:\/\/tavapy.gov.py\/biblioteca\/wp-json\/wp\/v2\/comments?post=7160"}],"wp:featuredmedia":[{"embeddable":true,"href":"https:\/\/tavapy.gov.py\/biblioteca\/wp-json\/wp\/v2\/media\/7133"}],"wp:attachment":[{"href":"https:\/\/tavapy.gov.py\/biblioteca\/wp-json\/wp\/v2\/media?parent=7160"}],"wp:term":[{"taxonomy":"product_cat","embeddable":true,"href":"https:\/\/tavapy.gov.py\/biblioteca\/wp-json\/wp\/v2\/product_cat?post=7160"},{"taxonomy":"product_tag","embeddable":true,"href":"https:\/\/tavapy.gov.py\/biblioteca\/wp-json\/wp\/v2\/product_tag?post=7160"}],"curies":[{"name":"wp","href":"https:\/\/api.w.org\/{rel}","templated":true}]}}