{"id":7166,"date":"2023-02-26T17:21:56","date_gmt":"2023-02-26T17:21:56","guid":{"rendered":"https:\/\/tavapy.gov.py\/biblioteca\/?post_type=product&#038;p=7166"},"modified":"2023-02-26T17:21:57","modified_gmt":"2023-02-26T17:21:57","slug":"desarrollo-cognitivo-y-educacion","status":"publish","type":"product","link":"https:\/\/tavapy.gov.py\/biblioteca\/product\/desarrollo-cognitivo-y-educacion\/","title":{"rendered":"DESARROLLO COGNITIVO Y EDUCACI\u00d3N."},"content":{"rendered":"","protected":false},"excerpt":{"rendered":"<p>El presente volumen selecciona los trabajos m\u00e1s representativos en la problem\u00e1tica del desarrollo y la educaci\u00f3n que Bruner (uno de los m\u00e1s grandes psic\u00f3logos de nuestro siglo) ha ido elaborando en su larga y muy fruct\u00edfera trayectoria intelectual. El sentido de la diversidad de los textos que aparecen aqu\u00ed compilados radica en la estrecha convergencia existente en Bruner entre sus concepciones evolutivas y sus puntos de vista educativos; hasta tal extremo que sus teor\u00edas sobre el desarrollo se entienden mejor a la luz de sus ideas sobre educaci\u00f3n y viceversa.<\/p>\n<p>El libro publicado en 1.988 se divide en tres partes: la primera contiene trabajos centrados en el desarrollo cognitivo, resaltando en ellos de manera muy especial el papel formador y estructurante de la cultura, as\u00ed como la crucial responsabilidad de la escuela en la concreci\u00f3n del perfil de desarrollo intelectual de los alumnos. Los textos de la segunda parte abordan una amplia diversidad de cuestiones relacionadas con la educaci\u00f3n, desde una explicitaci\u00f3n minuciosa de c\u00f3mo su misi\u00f3n consiste en llevar al individuo -m\u00e1s all\u00e1 del desarrollo dado- en cada momento de su evoluci\u00f3n, hasta tomas de postura ante la problem\u00e1tica de las reformas educativas, de los programas llamados compensatorios&#8230;<\/p>\n<p>Finalmente, el volumen se cierra con un ensayo autobiogr\u00e1fico en donde se ponen de manifiesto no s\u00f3lo la trayectoria intelectual del autor, sino tambi\u00e9n su perfil humano, su extraordinaria cultura, su prosa cuidada, su ingenio, su gusto por el trabajo en equipo, sus relaciones con Piaget, Luria, Tajfel, Chomsky, Allport, Jakobson y con tantos otros cl\u00e1sicos de nuestro tiempo.<\/p>\n<p><a href=\"https:\/\/tavapy.gov.py\/biblioteca\/wp-content\/uploads\/2023\/02\/BrunerJ-Desarrollo-cognitivo-y-educacion.pdf\" target=\"_blank\" rel=\"attachment noopener wp-att-7024\"><img loading=\"lazy\" decoding=\"async\" class=\"size-full wp-image-7024 alignleft\" src=\"https:\/\/tavapy.gov.py\/biblioteca\/wp-content\/uploads\/2023\/02\/icono-PDF-copia-2-2.png\" alt=\"\" width=\"121\" height=\"140\" \/><\/a><\/p>\n<p>&nbsp;<\/p>\n","protected":false},"featured_media":7135,"comment_status":"open","ping_status":"closed","template":"","meta":{"spay_email":""},"product_cat":[196],"product_tag":[],"class_list":{"0":"post-7166","1":"product","2":"type-product","3":"status-publish","4":"has-post-thumbnail","6":"book_author-jerome-bruner","7":"product_cat-psicologia-educacion","8":"entry"},"_links":{"self":[{"href":"https:\/\/tavapy.gov.py\/biblioteca\/wp-json\/wp\/v2\/product\/7166","targetHints":{"allow":["GET"]}}],"collection":[{"href":"https:\/\/tavapy.gov.py\/biblioteca\/wp-json\/wp\/v2\/product"}],"about":[{"href":"https:\/\/tavapy.gov.py\/biblioteca\/wp-json\/wp\/v2\/types\/product"}],"replies":[{"embeddable":true,"href":"https:\/\/tavapy.gov.py\/biblioteca\/wp-json\/wp\/v2\/comments?post=7166"}],"wp:featuredmedia":[{"embeddable":true,"href":"https:\/\/tavapy.gov.py\/biblioteca\/wp-json\/wp\/v2\/media\/7135"}],"wp:attachment":[{"href":"https:\/\/tavapy.gov.py\/biblioteca\/wp-json\/wp\/v2\/media?parent=7166"}],"wp:term":[{"taxonomy":"product_cat","embeddable":true,"href":"https:\/\/tavapy.gov.py\/biblioteca\/wp-json\/wp\/v2\/product_cat?post=7166"},{"taxonomy":"product_tag","embeddable":true,"href":"https:\/\/tavapy.gov.py\/biblioteca\/wp-json\/wp\/v2\/product_tag?post=7166"}],"curies":[{"name":"wp","href":"https:\/\/api.w.org\/{rel}","templated":true}]}}