{"id":7171,"date":"2023-02-26T17:28:25","date_gmt":"2023-02-26T17:28:25","guid":{"rendered":"https:\/\/tavapy.gov.py\/biblioteca\/?post_type=product&#038;p=7171"},"modified":"2023-02-26T17:28:26","modified_gmt":"2023-02-26T17:28:26","slug":"el-libro-de-los-mapas-mentales-como-utilizar-al-maximo-las-capacidades-de-la-mente","status":"publish","type":"product","link":"https:\/\/tavapy.gov.py\/biblioteca\/product\/el-libro-de-los-mapas-mentales-como-utilizar-al-maximo-las-capacidades-de-la-mente\/","title":{"rendered":"EL LIBRO DE LOS MAPAS MENTALES: C\u00d3MO UTILIZAR AL M\u00c1XIMO LAS CAPACIDADES DE LA MENTE."},"content":{"rendered":"","protected":false},"excerpt":{"rendered":"<p>Este libro sorprendente publicado en el 2.005 es una introducci\u00f3n al trazado de Mapas Mentales, un m\u00e9todo de an\u00e1lisis sencillo y revolucionario que permite utilizar al m\u00e1ximo todas las capacidades de la mente.<\/p>\n<p>Trazar un mapa mental es dibujar un organigrama que va recogiendo, mediante colores, formas y dibujos, todos los puntos importantes de un tema, e indica gr\u00e1ficamente sus distintas relaciones, imitando as\u00ed la forma en que el cerebro procesa la informaci\u00f3n y que constituye nuestra manera natural de \u00abpensar\u00bb.<\/p>\n<p>Una obra para todo el que desee utilizar al m\u00e1ximo el potencial de su cerebro. He aqu\u00ed t\u00e9cnicas sorprendentes para obtener un mejor rendimiento de la memoria, la concentraci\u00f3n y la creatividad en todos los procesos de aprendizaje. Con numerosas l\u00e1minas e ilustraciones en color.<\/p>\n<p><a href=\"https:\/\/tavapy.gov.py\/biblioteca\/wp-content\/uploads\/2023\/02\/BuzanT-El-libro-de-los-mapas-mentales.pdf\" target=\"_blank\" rel=\"attachment noopener wp-att-7024\"><img loading=\"lazy\" decoding=\"async\" class=\"size-full wp-image-7024 alignleft\" src=\"https:\/\/tavapy.gov.py\/biblioteca\/wp-content\/uploads\/2023\/02\/icono-PDF-copia-2-2.png\" alt=\"\" width=\"121\" height=\"140\" \/><\/a><\/p>\n","protected":false},"featured_media":7137,"comment_status":"open","ping_status":"closed","template":"","meta":{"spay_email":""},"product_cat":[971],"product_tag":[],"class_list":{"0":"post-7171","1":"product","2":"type-product","3":"status-publish","4":"has-post-thumbnail","6":"book_author-tony-buzan","7":"product_cat-pedagogia-metodologia-psicologia","8":"entry"},"_links":{"self":[{"href":"https:\/\/tavapy.gov.py\/biblioteca\/wp-json\/wp\/v2\/product\/7171","targetHints":{"allow":["GET"]}}],"collection":[{"href":"https:\/\/tavapy.gov.py\/biblioteca\/wp-json\/wp\/v2\/product"}],"about":[{"href":"https:\/\/tavapy.gov.py\/biblioteca\/wp-json\/wp\/v2\/types\/product"}],"replies":[{"embeddable":true,"href":"https:\/\/tavapy.gov.py\/biblioteca\/wp-json\/wp\/v2\/comments?post=7171"}],"wp:featuredmedia":[{"embeddable":true,"href":"https:\/\/tavapy.gov.py\/biblioteca\/wp-json\/wp\/v2\/media\/7137"}],"wp:attachment":[{"href":"https:\/\/tavapy.gov.py\/biblioteca\/wp-json\/wp\/v2\/media?parent=7171"}],"wp:term":[{"taxonomy":"product_cat","embeddable":true,"href":"https:\/\/tavapy.gov.py\/biblioteca\/wp-json\/wp\/v2\/product_cat?post=7171"},{"taxonomy":"product_tag","embeddable":true,"href":"https:\/\/tavapy.gov.py\/biblioteca\/wp-json\/wp\/v2\/product_tag?post=7171"}],"curies":[{"name":"wp","href":"https:\/\/api.w.org\/{rel}","templated":true}]}}