{"id":7172,"date":"2023-02-26T17:34:29","date_gmt":"2023-02-26T17:34:29","guid":{"rendered":"https:\/\/tavapy.gov.py\/biblioteca\/?post_type=product&#038;p=7172"},"modified":"2023-02-26T17:34:29","modified_gmt":"2023-02-26T17:34:29","slug":"el-magico-prodigioso","status":"publish","type":"product","link":"https:\/\/tavapy.gov.py\/biblioteca\/product\/el-magico-prodigioso\/","title":{"rendered":"EL M\u00c1GICO PRODIGIOSO."},"content":{"rendered":"","protected":false},"excerpt":{"rendered":"<p>Una obra de una fuerza colosal en la que el ingenio teatral de Calder\u00f3n de la marca se despliega en toda su deslumbrante riqueza. El m\u00e1gico prodigioso es, entre todas las obras de Calder\u00f3n de la Barca, la que m\u00e1s atra\u00eda a Azor\u00edn. Garc\u00eda Lorca la consideraba tan grande como el fausto y el mismo Goethe en Alemania, o Shelley en Inglaterra, la exaltaban como una creaci\u00f3n genial.<\/p>\n<p>Obra densa y compleja, su intenci\u00f3n dominante es, sin duda, teol\u00f3gica y moral. Pero se trata de un drama que se desarrolla en el Barroco espa\u00f1ol y el c\u00f3digo de honor domina f\u00e9rreamente el comportamiento de los personajes. Si a ello se a\u00f1ade el \u00edmpetu de amor que mueve todas las escenas, se comprender\u00e1 la fuerza colosal de una obra en la que el ingenio teatral de Calder\u00f3n de la marca se despliega en toda su deslumbrante riqueza.<\/p>\n<p>La obra El m\u00e1gico prodigioso de Pedro Calder\u00f3n de la Barca fue publicada en 1.637.<\/p>\n<p><a href=\"https:\/\/tavapy.gov.py\/biblioteca\/wp-content\/uploads\/2023\/02\/Calderon-de-la-BarcaP-El_magico_prodigioso.pdf\" target=\"_blank\" rel=\"attachment noopener wp-att-7024\"><img loading=\"lazy\" decoding=\"async\" class=\"size-full wp-image-7024 alignleft\" src=\"https:\/\/tavapy.gov.py\/biblioteca\/wp-content\/uploads\/2023\/02\/icono-PDF-copia-2-2.png\" alt=\"\" width=\"121\" height=\"140\" \/><\/a><\/p>\n","protected":false},"featured_media":7140,"comment_status":"open","ping_status":"closed","template":"","meta":{"spay_email":""},"product_cat":[673],"product_tag":[],"class_list":{"0":"post-7172","1":"product","2":"type-product","3":"status-publish","4":"has-post-thumbnail","6":"book_author-pedro-calderon-de-la-barca","7":"product_cat-literatura-teatro","8":"entry"},"_links":{"self":[{"href":"https:\/\/tavapy.gov.py\/biblioteca\/wp-json\/wp\/v2\/product\/7172","targetHints":{"allow":["GET"]}}],"collection":[{"href":"https:\/\/tavapy.gov.py\/biblioteca\/wp-json\/wp\/v2\/product"}],"about":[{"href":"https:\/\/tavapy.gov.py\/biblioteca\/wp-json\/wp\/v2\/types\/product"}],"replies":[{"embeddable":true,"href":"https:\/\/tavapy.gov.py\/biblioteca\/wp-json\/wp\/v2\/comments?post=7172"}],"wp:featuredmedia":[{"embeddable":true,"href":"https:\/\/tavapy.gov.py\/biblioteca\/wp-json\/wp\/v2\/media\/7140"}],"wp:attachment":[{"href":"https:\/\/tavapy.gov.py\/biblioteca\/wp-json\/wp\/v2\/media?parent=7172"}],"wp:term":[{"taxonomy":"product_cat","embeddable":true,"href":"https:\/\/tavapy.gov.py\/biblioteca\/wp-json\/wp\/v2\/product_cat?post=7172"},{"taxonomy":"product_tag","embeddable":true,"href":"https:\/\/tavapy.gov.py\/biblioteca\/wp-json\/wp\/v2\/product_tag?post=7172"}],"curies":[{"name":"wp","href":"https:\/\/api.w.org\/{rel}","templated":true}]}}