{"id":7173,"date":"2023-02-26T17:39:55","date_gmt":"2023-02-26T17:39:55","guid":{"rendered":"https:\/\/tavapy.gov.py\/biblioteca\/?post_type=product&#038;p=7173"},"modified":"2023-02-26T17:39:55","modified_gmt":"2023-02-26T17:39:55","slug":"el-arte-de-dar-clase-segun-un-linguista","status":"publish","type":"product","link":"https:\/\/tavapy.gov.py\/biblioteca\/product\/el-arte-de-dar-clase-segun-un-linguista\/","title":{"rendered":"EL ARTE DE DAR CLASE: SEGUN UN LING\u00dcISTA."},"content":{"rendered":"","protected":false},"excerpt":{"rendered":"<p>\u00bfCu\u00e1l es el secreto de una buena clase? \u00bfC\u00f3mo se consigue captar y retener la atenci\u00f3n del alumnado? \u00bfC\u00f3mo puede el profesor lidiar con el estres? \u00bfC\u00f3mo debe gestionar la relaci\u00f3n con los estudiantes? \u00bfDe que mecanismos dispone para detectar y controlar posibles situaciones conflictivas?<\/p>\n<p>Este libro publicado en el 2.021 responde a estas y otras muchas preguntas que se hacen los docentes. Pone especial atenci\u00f3n en el aprendizaje de la ling\u00fc\u00edstica \u2013materia en la que el autor es especialista\u2013, pero sus consejos van mucho m\u00e1s all\u00e1 de esta disciplina y son \u00fatiles para cualquier profesor o persona que deba impartir seminarios o conferencias.<\/p>\n<p>El libro explica, siempre de un modo claro, \u00e1gil y did\u00e1ctico, c\u00f3mo crear din\u00e1micas de grupo, c\u00f3mo generar un buen ambiente, c\u00f3mo animar a trabajar en equipo, c\u00f3mo hacerse entender, c\u00f3mo gestionar el tiempo, c\u00f3mo manejarse con las nuevas tecnolog\u00edas digitales y saber valorar sus pros y contras\u2026<\/p>\n<p>Un manual repleto de pistas y claves, que incorpora abundantes cuadros con informaci\u00f3n sintetizada y pr\u00e1ctica. Una herramienta fundamental para los docentes.<\/p>\n<p><a href=\"https:\/\/tavapy.gov.py\/biblioteca\/wp-content\/uploads\/2023\/02\/CassanyD-El-arte-de-dar-clase.pdf\" target=\"_blank\" rel=\"attachment noopener wp-att-7024\"><img loading=\"lazy\" decoding=\"async\" class=\"size-full wp-image-7024 alignleft\" src=\"https:\/\/tavapy.gov.py\/biblioteca\/wp-content\/uploads\/2023\/02\/icono-PDF-copia-2-2.png\" alt=\"\" width=\"121\" height=\"140\" \/><\/a><\/p>\n","protected":false},"featured_media":7143,"comment_status":"open","ping_status":"closed","template":"","meta":{"spay_email":""},"product_cat":[965],"product_tag":[],"class_list":{"0":"post-7173","1":"product","2":"type-product","3":"status-publish","4":"has-post-thumbnail","6":"book_author-daniel-cassany","7":"product_cat-pedagogia-didactica-y-metodologia","8":"entry"},"_links":{"self":[{"href":"https:\/\/tavapy.gov.py\/biblioteca\/wp-json\/wp\/v2\/product\/7173","targetHints":{"allow":["GET"]}}],"collection":[{"href":"https:\/\/tavapy.gov.py\/biblioteca\/wp-json\/wp\/v2\/product"}],"about":[{"href":"https:\/\/tavapy.gov.py\/biblioteca\/wp-json\/wp\/v2\/types\/product"}],"replies":[{"embeddable":true,"href":"https:\/\/tavapy.gov.py\/biblioteca\/wp-json\/wp\/v2\/comments?post=7173"}],"wp:featuredmedia":[{"embeddable":true,"href":"https:\/\/tavapy.gov.py\/biblioteca\/wp-json\/wp\/v2\/media\/7143"}],"wp:attachment":[{"href":"https:\/\/tavapy.gov.py\/biblioteca\/wp-json\/wp\/v2\/media?parent=7173"}],"wp:term":[{"taxonomy":"product_cat","embeddable":true,"href":"https:\/\/tavapy.gov.py\/biblioteca\/wp-json\/wp\/v2\/product_cat?post=7173"},{"taxonomy":"product_tag","embeddable":true,"href":"https:\/\/tavapy.gov.py\/biblioteca\/wp-json\/wp\/v2\/product_tag?post=7173"}],"curies":[{"name":"wp","href":"https:\/\/api.w.org\/{rel}","templated":true}]}}