{"id":7174,"date":"2023-02-26T17:45:17","date_gmt":"2023-02-26T17:45:17","guid":{"rendered":"https:\/\/tavapy.gov.py\/biblioteca\/?post_type=product&#038;p=7174"},"modified":"2023-02-26T17:46:15","modified_gmt":"2023-02-26T17:46:15","slug":"el-peregrino-de-compostela","status":"publish","type":"product","link":"https:\/\/tavapy.gov.py\/biblioteca\/product\/el-peregrino-de-compostela\/","title":{"rendered":"EL PEREGRINO DE COMPOSTELA. DIARIO DE UN MAGO."},"content":{"rendered":"","protected":false},"excerpt":{"rendered":"<p>La experiencia de recorrer el Camino de Santiago inspir\u00f3 a Paulo Coelho a escribir esta novela, complemento ideal de El Alquimista, el gran bestseller internacional. Ambas narran dos grandes experiencias vitales, dos viajes transformadores.<\/p>\n<p>Ad\u00e9ntrate en el cautivador relato del peregrinaje de Coelho hacia Santiago en compa\u00f1\u00eda de su gu\u00eda espiritual, el misterioso y enigm\u00e1tico Petrus.<\/p>\n<p>Novela de aventuras y gu\u00eda de autodescubrimiento, este emocionante relato nos ofrece la combinaci\u00f3n perfecta de encanto y conocimiento. Una deslumbrante par\u00e1bola sobre la necesidad de hallar nuestro camino en la vida.<\/p>\n<p>El libro El peregrino de Compostela de Paulo Coelho fue publicado en 1.987.<\/p>\n<p><a href=\"https:\/\/tavapy.gov.py\/biblioteca\/wp-content\/uploads\/2023\/02\/CoelhoP-El-peregrino-de-Compostela.pdf\" target=\"_blank\" rel=\"attachment noopener wp-att-7024\"><img loading=\"lazy\" decoding=\"async\" class=\"size-full wp-image-7024 alignleft\" src=\"https:\/\/tavapy.gov.py\/biblioteca\/wp-content\/uploads\/2023\/02\/icono-PDF-copia-2-2.png\" alt=\"\" width=\"121\" height=\"140\" \/><\/a><\/p>\n","protected":false},"featured_media":7146,"comment_status":"open","ping_status":"closed","template":"","meta":{"spay_email":""},"product_cat":[777],"product_tag":[],"class_list":{"0":"post-7174","1":"product","2":"type-product","3":"status-publish","4":"has-post-thumbnail","6":"book_author-paulo-coelho","7":"product_cat-novela-contemporanea","8":"entry"},"_links":{"self":[{"href":"https:\/\/tavapy.gov.py\/biblioteca\/wp-json\/wp\/v2\/product\/7174","targetHints":{"allow":["GET"]}}],"collection":[{"href":"https:\/\/tavapy.gov.py\/biblioteca\/wp-json\/wp\/v2\/product"}],"about":[{"href":"https:\/\/tavapy.gov.py\/biblioteca\/wp-json\/wp\/v2\/types\/product"}],"replies":[{"embeddable":true,"href":"https:\/\/tavapy.gov.py\/biblioteca\/wp-json\/wp\/v2\/comments?post=7174"}],"wp:featuredmedia":[{"embeddable":true,"href":"https:\/\/tavapy.gov.py\/biblioteca\/wp-json\/wp\/v2\/media\/7146"}],"wp:attachment":[{"href":"https:\/\/tavapy.gov.py\/biblioteca\/wp-json\/wp\/v2\/media?parent=7174"}],"wp:term":[{"taxonomy":"product_cat","embeddable":true,"href":"https:\/\/tavapy.gov.py\/biblioteca\/wp-json\/wp\/v2\/product_cat?post=7174"},{"taxonomy":"product_tag","embeddable":true,"href":"https:\/\/tavapy.gov.py\/biblioteca\/wp-json\/wp\/v2\/product_tag?post=7174"}],"curies":[{"name":"wp","href":"https:\/\/api.w.org\/{rel}","templated":true}]}}