{"id":7175,"date":"2023-02-26T17:49:30","date_gmt":"2023-02-26T17:49:30","guid":{"rendered":"https:\/\/tavapy.gov.py\/biblioteca\/?post_type=product&#038;p=7175"},"modified":"2023-02-26T17:49:31","modified_gmt":"2023-02-26T17:49:31","slug":"once-minutos","status":"publish","type":"product","link":"https:\/\/tavapy.gov.py\/biblioteca\/product\/once-minutos\/","title":{"rendered":"ONCE MINUTOS."},"content":{"rendered":"","protected":false},"excerpt":{"rendered":"<p>Mar\u00eda es de un pueblo al norte de Brasil. Todav\u00eda adolescente, viaja a R\u00edo de Janeiro, d\u00f3nde conoce a un empresario que le ofrece un buen trabajo en Ginebra. All\u00ed, Mar\u00eda sue\u00f1a con encontrar fama y fortuna, pero acabar\u00e1 ejerciendo la prostituci\u00f3n.<\/p>\n<p>El aprendizaje que extraer\u00e1 de sus duras experiencias modificar\u00e1 para siempre su actitud ante s\u00ed misma y ante la vida. Once minutos es una novela que explora la naturaleza del sexo y del amor, la intensa y dif\u00edcil relaci\u00f3n entre cuerpo y alma, y c\u00f3mo alcanzar la perfecta uni\u00f3n entre ambas.<\/p>\n<p>Once minutos, obra publicada en el 2.003, ofrece al lector una experiencia inigualable de lectura y reflexi\u00f3n.<\/p>\n<p><a href=\"https:\/\/tavapy.gov.py\/biblioteca\/wp-content\/uploads\/2023\/02\/CoelhoP-Once-minutos.pdf\" target=\"_blank\" rel=\"attachment noopener wp-att-7024\"><img loading=\"lazy\" decoding=\"async\" class=\"size-full wp-image-7024 alignleft\" src=\"https:\/\/tavapy.gov.py\/biblioteca\/wp-content\/uploads\/2023\/02\/icono-PDF-copia-2-2.png\" alt=\"\" width=\"121\" height=\"140\" \/><\/a><\/p>\n","protected":false},"featured_media":7148,"comment_status":"open","ping_status":"closed","template":"","meta":{"spay_email":""},"product_cat":[777],"product_tag":[],"class_list":{"0":"post-7175","1":"product","2":"type-product","3":"status-publish","4":"has-post-thumbnail","6":"book_author-paulo-coelho","7":"product_cat-novela-contemporanea","8":"entry"},"_links":{"self":[{"href":"https:\/\/tavapy.gov.py\/biblioteca\/wp-json\/wp\/v2\/product\/7175","targetHints":{"allow":["GET"]}}],"collection":[{"href":"https:\/\/tavapy.gov.py\/biblioteca\/wp-json\/wp\/v2\/product"}],"about":[{"href":"https:\/\/tavapy.gov.py\/biblioteca\/wp-json\/wp\/v2\/types\/product"}],"replies":[{"embeddable":true,"href":"https:\/\/tavapy.gov.py\/biblioteca\/wp-json\/wp\/v2\/comments?post=7175"}],"wp:featuredmedia":[{"embeddable":true,"href":"https:\/\/tavapy.gov.py\/biblioteca\/wp-json\/wp\/v2\/media\/7148"}],"wp:attachment":[{"href":"https:\/\/tavapy.gov.py\/biblioteca\/wp-json\/wp\/v2\/media?parent=7175"}],"wp:term":[{"taxonomy":"product_cat","embeddable":true,"href":"https:\/\/tavapy.gov.py\/biblioteca\/wp-json\/wp\/v2\/product_cat?post=7175"},{"taxonomy":"product_tag","embeddable":true,"href":"https:\/\/tavapy.gov.py\/biblioteca\/wp-json\/wp\/v2\/product_tag?post=7175"}],"curies":[{"name":"wp","href":"https:\/\/api.w.org\/{rel}","templated":true}]}}