{"id":7176,"date":"2023-02-26T17:52:35","date_gmt":"2023-02-26T17:52:35","guid":{"rendered":"https:\/\/tavapy.gov.py\/biblioteca\/?post_type=product&#038;p=7176"},"modified":"2023-02-26T17:52:36","modified_gmt":"2023-02-26T17:52:36","slug":"adulterio","status":"publish","type":"product","link":"https:\/\/tavapy.gov.py\/biblioteca\/product\/adulterio\/","title":{"rendered":"ADULTERIO."},"content":{"rendered":"","protected":false},"excerpt":{"rendered":"<p>Si no has amado no has vivido.<\/p>\n<p>Linda est\u00e1 casada con un hombre rico, tienen dos hijos y la familia vive en una hermosa casa en Ginebra, Suiza. Trabaja en el peri\u00f3dico m\u00e1s importante del pa\u00eds, es guapa, viste bien y tiene todo lo que se pueda desear. A ojos de todos, su vida es perfecta.<\/p>\n<p>Sin embargo, no es feliz; una gran insatisfacci\u00f3n la corroe y se siente culpable por no ser capaz de disfrutar de lo que tiene. Por eso no habla con nadie de lo que sucede. Ama a su marido pero la relaci\u00f3n con \u00e9l se ha vuelto rutinaria, ap\u00e1tica.<\/p>\n<p>Un d\u00eda, el peri\u00f3dico la env\u00eda a entrevistar a Jacob K\u00f6nig, un antiguo novio del instituto que ahora es un pol\u00edtico de cierta relevancia. Este encuentro es suficiente para que ella se sienta capaz de hacer algo con lo que so\u00f1aba desde muchacha, y empieza a dar rienda suelta a sus fantas\u00edas.<\/p>\n<p>Vuelve a sentir pasi\u00f3n por la vida. Ahora har\u00e1 todo lo que sea para conquistar ese amor imposible y descender\u00e1 hasta el fondo del pozo de las emociones humanas para, por fin, encontrar su redenci\u00f3n.<\/p>\n<p>La obra Adulterio de Paulo Coelho fue publicada en el 2.014.<\/p>\n<p><a href=\"https:\/\/tavapy.gov.py\/biblioteca\/wp-content\/uploads\/2023\/02\/CoelhoP-Adulterio.pdf\" target=\"_blank\" rel=\"attachment noopener wp-att-7024\"><img loading=\"lazy\" decoding=\"async\" class=\"size-full wp-image-7024 alignleft\" src=\"https:\/\/tavapy.gov.py\/biblioteca\/wp-content\/uploads\/2023\/02\/icono-PDF-copia-2-2.png\" alt=\"\" width=\"121\" height=\"140\" \/><\/a><\/p>\n","protected":false},"featured_media":7150,"comment_status":"open","ping_status":"closed","template":"","meta":{"spay_email":""},"product_cat":[777],"product_tag":[],"class_list":{"0":"post-7176","1":"product","2":"type-product","3":"status-publish","4":"has-post-thumbnail","6":"book_author-paulo-coelho","7":"product_cat-novela-contemporanea","8":"entry"},"_links":{"self":[{"href":"https:\/\/tavapy.gov.py\/biblioteca\/wp-json\/wp\/v2\/product\/7176","targetHints":{"allow":["GET"]}}],"collection":[{"href":"https:\/\/tavapy.gov.py\/biblioteca\/wp-json\/wp\/v2\/product"}],"about":[{"href":"https:\/\/tavapy.gov.py\/biblioteca\/wp-json\/wp\/v2\/types\/product"}],"replies":[{"embeddable":true,"href":"https:\/\/tavapy.gov.py\/biblioteca\/wp-json\/wp\/v2\/comments?post=7176"}],"wp:featuredmedia":[{"embeddable":true,"href":"https:\/\/tavapy.gov.py\/biblioteca\/wp-json\/wp\/v2\/media\/7150"}],"wp:attachment":[{"href":"https:\/\/tavapy.gov.py\/biblioteca\/wp-json\/wp\/v2\/media?parent=7176"}],"wp:term":[{"taxonomy":"product_cat","embeddable":true,"href":"https:\/\/tavapy.gov.py\/biblioteca\/wp-json\/wp\/v2\/product_cat?post=7176"},{"taxonomy":"product_tag","embeddable":true,"href":"https:\/\/tavapy.gov.py\/biblioteca\/wp-json\/wp\/v2\/product_tag?post=7176"}],"curies":[{"name":"wp","href":"https:\/\/api.w.org\/{rel}","templated":true}]}}