{"id":7177,"date":"2023-02-26T17:57:18","date_gmt":"2023-02-26T17:57:18","guid":{"rendered":"https:\/\/tavapy.gov.py\/biblioteca\/?post_type=product&#038;p=7177"},"modified":"2023-02-26T17:57:18","modified_gmt":"2023-02-26T17:57:18","slug":"las-aventuras-de-sherlock-holmes","status":"publish","type":"product","link":"https:\/\/tavapy.gov.py\/biblioteca\/product\/las-aventuras-de-sherlock-holmes\/","title":{"rendered":"LAS AVENTURAS DE SHERLOCK HOLMES."},"content":{"rendered":"","protected":false},"excerpt":{"rendered":"<p>Colecci\u00f3n de 12 relatos protagonizados por Sherlock Holmes. Las mejores intrigas del inmortal detective Sherlock Holmes.<\/p>\n<p>En los doce relatos recogidos en este libro, Sherlock Holmes despliega toda su genialidad y potencial de razonamiento y, junto a Watson, forman una de las parejas m\u00e1s c\u00e9lebres de la ficci\u00f3n.<\/p>\n<p>En Esc\u00e1ndalo en Bohemia, el rey de Bohemia solicita la ayuda de Sherlock Holmes para recuperar una imagen que puede usarse en su contra. En La liga de los Pelirrojos, un hombre acude al detective en busca de consejo sobre la desaparici\u00f3n de una extra\u00f1a sociedad de pelirrojos.<\/p>\n<p>En El misterio de Boscombe Valley, Holmes investiga el asesinato de un hombre cuyo hijo es el principal sospechoso. En Las cinco semillas de naranja, los detectives se enfrentan a un caso familiar: dos hermanos y un hijo reciben cartas del KKK que contienen cinco pepitas de naranja, un presagio de la muerte.<\/p>\n<p>En La banda de lunares, Helen Stoner ruega a Sherlock Holmes que le ayude a resolver la muerte de su hermana, fallecida un d\u00eda antes de su boda. Ahora la mujer teme correr la misma suerte.<\/p>\n<p>La obra Las aventuras de Sherlock Holmes de Arthur Conan Doyle fue publicada en 1.892.<\/p>\n<p><a href=\"https:\/\/tavapy.gov.py\/biblioteca\/wp-content\/uploads\/2023\/02\/Conan-DoyleA-Las_aventuras_de_Sherlock_Holmes.pdf\" target=\"_blank\" rel=\"attachment noopener wp-att-7024\"><img loading=\"lazy\" decoding=\"async\" class=\"size-full wp-image-7024 alignleft\" src=\"https:\/\/tavapy.gov.py\/biblioteca\/wp-content\/uploads\/2023\/02\/icono-PDF-copia-2-2.png\" alt=\"\" width=\"121\" height=\"140\" \/><\/a><\/p>\n","protected":false},"featured_media":7152,"comment_status":"open","ping_status":"closed","template":"","meta":{"spay_email":""},"product_cat":[753],"product_tag":[],"class_list":{"0":"post-7177","1":"product","2":"type-product","3":"status-publish","4":"has-post-thumbnail","6":"book_author-arthur-conan-doyle","7":"product_cat-novela-policiaca","8":"entry"},"_links":{"self":[{"href":"https:\/\/tavapy.gov.py\/biblioteca\/wp-json\/wp\/v2\/product\/7177","targetHints":{"allow":["GET"]}}],"collection":[{"href":"https:\/\/tavapy.gov.py\/biblioteca\/wp-json\/wp\/v2\/product"}],"about":[{"href":"https:\/\/tavapy.gov.py\/biblioteca\/wp-json\/wp\/v2\/types\/product"}],"replies":[{"embeddable":true,"href":"https:\/\/tavapy.gov.py\/biblioteca\/wp-json\/wp\/v2\/comments?post=7177"}],"wp:featuredmedia":[{"embeddable":true,"href":"https:\/\/tavapy.gov.py\/biblioteca\/wp-json\/wp\/v2\/media\/7152"}],"wp:attachment":[{"href":"https:\/\/tavapy.gov.py\/biblioteca\/wp-json\/wp\/v2\/media?parent=7177"}],"wp:term":[{"taxonomy":"product_cat","embeddable":true,"href":"https:\/\/tavapy.gov.py\/biblioteca\/wp-json\/wp\/v2\/product_cat?post=7177"},{"taxonomy":"product_tag","embeddable":true,"href":"https:\/\/tavapy.gov.py\/biblioteca\/wp-json\/wp\/v2\/product_tag?post=7177"}],"curies":[{"name":"wp","href":"https:\/\/api.w.org\/{rel}","templated":true}]}}