{"id":7216,"date":"2023-02-26T21:24:31","date_gmt":"2023-02-26T21:24:31","guid":{"rendered":"https:\/\/tavapy.gov.py\/biblioteca\/?post_type=product&#038;p=7216"},"modified":"2023-02-26T21:24:32","modified_gmt":"2023-02-26T21:24:32","slug":"el-codice-del-peregrino","status":"publish","type":"product","link":"https:\/\/tavapy.gov.py\/biblioteca\/product\/el-codice-del-peregrino\/","title":{"rendered":"EL C\u00d3DICE DEL PEREGRINO."},"content":{"rendered":"","protected":false},"excerpt":{"rendered":"<p>Una novela pol\u00e9mica y reveladora sobre el robo del C\u00f3dice Calixtino, publicada por Jos\u00e9 Luis Corral en el 2.012.<\/p>\n<p>Diego y Patricia, una pareja de tra\ufb01cantes internacionales de obras de arte, son contratados por un millonario franc\u00e9s para realizar un trabajo \u00abespecial\u00bb: robar el C\u00f3dice Calixtino, un manuscrito del siglo XII custodiado en la catedral de Santiago de Compostela.<\/p>\n<p>El C\u00f3dice es mucho m\u00e1s que una gu\u00eda para el peregrino. En sus p\u00e1ginas, oculto mediante una t\u00e9cnica medieval, se esconde un evangelio desconocido, donde se revelan datos inquietantes sobre la historia encubierta de la familia de Jesucristo, sus asombrosas relaciones de parentesco, los con\ufb02ictivos or\u00edgenes del cristianismo, el sepulcro del ap\u00f3stol Santiago y el culto a sus presuntas reliquias, que propici\u00f3 el desarrollo del Camino.<\/p>\n<p>Una trama apasionante cuajada de sorpresas, intrigas y conspiraciones en torno al descubrimiento de la genealog\u00eda de Jes\u00fas.<\/p>\n<p><a href=\"https:\/\/tavapy.gov.py\/biblioteca\/wp-content\/uploads\/2023\/02\/CorralJL-El-codice-del-peregrino-1.pdf\" target=\"_blank\" rel=\"attachment noopener wp-att-7024\"><img loading=\"lazy\" decoding=\"async\" class=\"size-full wp-image-7024 alignleft\" src=\"https:\/\/tavapy.gov.py\/biblioteca\/wp-content\/uploads\/2023\/02\/icono-PDF-copia-2-2.png\" alt=\"\" width=\"121\" height=\"140\" \/><\/a><\/p>\n","protected":false},"featured_media":7214,"comment_status":"open","ping_status":"closed","template":"","meta":{"spay_email":""},"product_cat":[753],"product_tag":[],"class_list":{"0":"post-7216","1":"product","2":"type-product","3":"status-publish","4":"has-post-thumbnail","6":"book_author-jose-luis-corral","7":"product_cat-novela-policiaca","8":"entry"},"_links":{"self":[{"href":"https:\/\/tavapy.gov.py\/biblioteca\/wp-json\/wp\/v2\/product\/7216","targetHints":{"allow":["GET"]}}],"collection":[{"href":"https:\/\/tavapy.gov.py\/biblioteca\/wp-json\/wp\/v2\/product"}],"about":[{"href":"https:\/\/tavapy.gov.py\/biblioteca\/wp-json\/wp\/v2\/types\/product"}],"replies":[{"embeddable":true,"href":"https:\/\/tavapy.gov.py\/biblioteca\/wp-json\/wp\/v2\/comments?post=7216"}],"wp:featuredmedia":[{"embeddable":true,"href":"https:\/\/tavapy.gov.py\/biblioteca\/wp-json\/wp\/v2\/media\/7214"}],"wp:attachment":[{"href":"https:\/\/tavapy.gov.py\/biblioteca\/wp-json\/wp\/v2\/media?parent=7216"}],"wp:term":[{"taxonomy":"product_cat","embeddable":true,"href":"https:\/\/tavapy.gov.py\/biblioteca\/wp-json\/wp\/v2\/product_cat?post=7216"},{"taxonomy":"product_tag","embeddable":true,"href":"https:\/\/tavapy.gov.py\/biblioteca\/wp-json\/wp\/v2\/product_tag?post=7216"}],"curies":[{"name":"wp","href":"https:\/\/api.w.org\/{rel}","templated":true}]}}