{"id":7218,"date":"2023-02-26T23:31:15","date_gmt":"2023-02-26T23:31:15","guid":{"rendered":"https:\/\/tavapy.gov.py\/biblioteca\/?post_type=product&#038;p=7218"},"modified":"2023-02-26T23:31:15","modified_gmt":"2023-02-26T23:31:15","slug":"las-12-palancas-del-exito-hacia-la-grandeza-primordial","status":"publish","type":"product","link":"https:\/\/tavapy.gov.py\/biblioteca\/product\/las-12-palancas-del-exito-hacia-la-grandeza-primordial\/","title":{"rendered":"LAS 12 PALANCAS DEL \u00c9XITO: HACIA LA GRANDEZA PRIMORDIAL."},"content":{"rendered":"","protected":false},"excerpt":{"rendered":"<p>Stephen R. Covey, el legendario autor de Los 7 h\u00e1bitos de la gente altamente efectiva, cre\u00eda que s\u00f3lo hay dos tipos de vida: una vida de grandeza primaria y una vida de grandeza secundaria.<\/p>\n<p>En sus libros y sus seminarios ense\u00f1\u00f3 que las recompensas intr\u00ednsecas de la grandeza primaria (integridad, responsabilidad y colaboraci\u00f3n significativa) superaban con mucho las recompensas superficiales de la grandeza secundaria (dinero, popularidad y la vida de placer egoc\u00e9ntrico que algunos consideran un \u00ab\u00e9xito\u00bb).<\/p>\n<p>En esta obra p\u00f3stuma publicada en el 2.015, Covey presenta las 12 palancas del \u00e9xito que conducen a una vida de grandeza primaria.<\/p>\n<p><a href=\"https:\/\/tavapy.gov.py\/biblioteca\/wp-content\/uploads\/2023\/02\/CoveyS-Las-12-palancas-del-exito.pdf\" target=\"_blank\" rel=\"attachment noopener wp-att-7024\"><img loading=\"lazy\" decoding=\"async\" class=\"size-full wp-image-7024 alignleft\" src=\"https:\/\/tavapy.gov.py\/biblioteca\/wp-content\/uploads\/2023\/02\/icono-PDF-copia-2-2.png\" alt=\"\" width=\"121\" height=\"140\" \/><\/a><\/p>\n","protected":false},"featured_media":7182,"comment_status":"open","ping_status":"closed","template":"","meta":{"spay_email":""},"product_cat":[922],"product_tag":[],"class_list":{"0":"post-7218","1":"product","2":"type-product","3":"status-publish","4":"has-post-thumbnail","6":"book_author-stephen-covey","7":"product_cat-autoayuda-crecimiento-personal","8":"entry"},"_links":{"self":[{"href":"https:\/\/tavapy.gov.py\/biblioteca\/wp-json\/wp\/v2\/product\/7218","targetHints":{"allow":["GET"]}}],"collection":[{"href":"https:\/\/tavapy.gov.py\/biblioteca\/wp-json\/wp\/v2\/product"}],"about":[{"href":"https:\/\/tavapy.gov.py\/biblioteca\/wp-json\/wp\/v2\/types\/product"}],"replies":[{"embeddable":true,"href":"https:\/\/tavapy.gov.py\/biblioteca\/wp-json\/wp\/v2\/comments?post=7218"}],"wp:featuredmedia":[{"embeddable":true,"href":"https:\/\/tavapy.gov.py\/biblioteca\/wp-json\/wp\/v2\/media\/7182"}],"wp:attachment":[{"href":"https:\/\/tavapy.gov.py\/biblioteca\/wp-json\/wp\/v2\/media?parent=7218"}],"wp:term":[{"taxonomy":"product_cat","embeddable":true,"href":"https:\/\/tavapy.gov.py\/biblioteca\/wp-json\/wp\/v2\/product_cat?post=7218"},{"taxonomy":"product_tag","embeddable":true,"href":"https:\/\/tavapy.gov.py\/biblioteca\/wp-json\/wp\/v2\/product_tag?post=7218"}],"curies":[{"name":"wp","href":"https:\/\/api.w.org\/{rel}","templated":true}]}}