{"id":7219,"date":"2023-02-26T23:36:45","date_gmt":"2023-02-26T23:36:45","guid":{"rendered":"https:\/\/tavapy.gov.py\/biblioteca\/?post_type=product&#038;p=7219"},"modified":"2023-02-26T23:36:46","modified_gmt":"2023-02-26T23:36:46","slug":"fluir-una-psicologia-de-la-felicidad","status":"publish","type":"product","link":"https:\/\/tavapy.gov.py\/biblioteca\/product\/fluir-una-psicologia-de-la-felicidad\/","title":{"rendered":"FLUIR: UNA PSICOLOG\u00cdA DE LA FELICIDAD."},"content":{"rendered":"","protected":false},"excerpt":{"rendered":"<p>\u00a1Aprende a ser creativo y alcanza la genuina calidad de vida!<\/p>\n<p>Cada a\u00f1o se publican en el mundo multitud de t\u00edtulos en los que se nos aconseja sobre c\u00f3mo mantener la forma f\u00edsica, ganar dinero, o desarrollar la autoestima. Sin embargo, lo que estos libros no explican es la manera de incrementar \u00abla calidad de la experiencia\u00bb. Debemos preguntarnos: \u00bfqu\u00e9 es lo que realmente hace felices a las personas?, \u00bfcu\u00e1l es el fundamento de que la vida merezca ser vivida?<\/p>\n<p>Durante m\u00e1s de veinte a\u00f1os, Mihaly Csikszentmihalyi se ha entregado al estudio de los \u00abestados de experiencia \u00f3ptima\u00bb, esos momentos en los que uno se siente pose\u00eddo por un profundo sentimiento de gozo creativo, momentos de concentraci\u00f3n activa, de absorci\u00f3n en lo que se est\u00e1 haciendo. Como resultado de sus investigaciones, el autor explica que el meollo de la \u00abexperiencia \u00f3ptima\u00bb es un estado de conciencia al que denomina flow, \u00abfluir\u00bb.<\/p>\n<p>El presente libro publicado en 1.990 explica c\u00f3mo este fluir puede ser controlado, provocado incluso. Puesto que todo el mundo tiene, alguna vez, una \u00abexperiencia \u00f3ptima\u00bb, se trata de reconocer sus caracter\u00edsticas y potenciar este sentimiento de fuerza, de superaci\u00f3n del ego limitado, en el que el tiempo parece desaparecer y con \u00e9l los conflictos emocionales.<\/p>\n<p><a href=\"https:\/\/tavapy.gov.py\/biblioteca\/wp-content\/uploads\/2023\/02\/CsikszentmihalyiM-Fuir-Una-Psicologia-de-la-Felicidad.pdf\" target=\"_blank\" rel=\"attachment noopener wp-att-7024\"><img loading=\"lazy\" decoding=\"async\" class=\"size-full wp-image-7024 alignleft\" src=\"https:\/\/tavapy.gov.py\/biblioteca\/wp-content\/uploads\/2023\/02\/icono-PDF-copia-2-2.png\" alt=\"\" width=\"121\" height=\"140\" \/><\/a><\/p>\n","protected":false},"featured_media":7184,"comment_status":"open","ping_status":"closed","template":"","meta":{"spay_email":""},"product_cat":[408],"product_tag":[],"class_list":{"0":"post-7219","1":"product","2":"type-product","3":"status-publish","4":"has-post-thumbnail","6":"book_author-mihaly-csikszentmihalyi","7":"product_cat-autoayuda-psicologia-espiritualidad","8":"entry"},"_links":{"self":[{"href":"https:\/\/tavapy.gov.py\/biblioteca\/wp-json\/wp\/v2\/product\/7219","targetHints":{"allow":["GET"]}}],"collection":[{"href":"https:\/\/tavapy.gov.py\/biblioteca\/wp-json\/wp\/v2\/product"}],"about":[{"href":"https:\/\/tavapy.gov.py\/biblioteca\/wp-json\/wp\/v2\/types\/product"}],"replies":[{"embeddable":true,"href":"https:\/\/tavapy.gov.py\/biblioteca\/wp-json\/wp\/v2\/comments?post=7219"}],"wp:featuredmedia":[{"embeddable":true,"href":"https:\/\/tavapy.gov.py\/biblioteca\/wp-json\/wp\/v2\/media\/7184"}],"wp:attachment":[{"href":"https:\/\/tavapy.gov.py\/biblioteca\/wp-json\/wp\/v2\/media?parent=7219"}],"wp:term":[{"taxonomy":"product_cat","embeddable":true,"href":"https:\/\/tavapy.gov.py\/biblioteca\/wp-json\/wp\/v2\/product_cat?post=7219"},{"taxonomy":"product_tag","embeddable":true,"href":"https:\/\/tavapy.gov.py\/biblioteca\/wp-json\/wp\/v2\/product_tag?post=7219"}],"curies":[{"name":"wp","href":"https:\/\/api.w.org\/{rel}","templated":true}]}}