{"id":7221,"date":"2023-02-27T00:20:35","date_gmt":"2023-02-27T00:20:35","guid":{"rendered":"https:\/\/tavapy.gov.py\/biblioteca\/?post_type=product&#038;p=7221"},"modified":"2023-02-27T00:20:35","modified_gmt":"2023-02-27T00:20:35","slug":"la-marquesa-de-gange","status":"publish","type":"product","link":"https:\/\/tavapy.gov.py\/biblioteca\/product\/la-marquesa-de-gange\/","title":{"rendered":"LA MARQUESA DE GANGE."},"content":{"rendered":"","protected":false},"excerpt":{"rendered":"<p>La marquesa de Gange es una joven adornada con todas las virtudes (porque en Sade, tanto las virtudes como los vicios s\u00f3lo se manifiestan en sus casos m\u00e1s extremos) y casada con un hombre igualmente encantador, a la que el destino no deja de perseguir con tristezas.<\/p>\n<p>Su cu\u00f1ado, que es sacerdote, la desea y la persigue continuamente, reteni\u00e9ndola incluso contra su voluntad. Ella se resiste y este tira y afloja entre ambos da origen a un argumento en que la pobre marquesa se ve cada vez m\u00e1s asediada y su cu\u00f1ado se vuelve cada vez m\u00e1s insistente. M\u00e1s tarde se le une incluso su otro cu\u00f1ado y ambos intentan hacerse con sus favores hasta que, vi\u00e9ndose rechazados, deciden matarla.<\/p>\n<p>La v\u00edctima virtuosa est\u00e1 condenada a morir, igual que ocurre en Justine, pero aqu\u00ed los malvados tambi\u00e9n reciben su justo castigo por sus fechor\u00edas, si bien sus muertes, al final de todo, aparecen m\u00e1s como un recurso literario que como un desenlace espont\u00e1neo de la acci\u00f3n.<\/p>\n<p>La obra La marquesa de Gange del Marqu\u00e9s de Sade fue publicada en 1.813.<\/p>\n<p><a href=\"https:\/\/tavapy.gov.py\/biblioteca\/wp-content\/uploads\/2023\/02\/De-SadeMLa_marquesa_de_Gange.pdf\" target=\"_blank\" rel=\"attachment noopener wp-att-7024\"><img loading=\"lazy\" decoding=\"async\" class=\"size-full wp-image-7024 alignleft\" src=\"https:\/\/tavapy.gov.py\/biblioteca\/wp-content\/uploads\/2023\/02\/icono-PDF-copia-2-2.png\" alt=\"\" width=\"121\" height=\"140\" \/><\/a><\/p>\n","protected":false},"featured_media":7190,"comment_status":"open","ping_status":"closed","template":"","meta":{"spay_email":""},"product_cat":[57],"product_tag":[],"class_list":{"0":"post-7221","1":"product","2":"type-product","3":"status-publish","4":"has-post-thumbnail","6":"book_author-marques-de-sade","7":"product_cat-novela","8":"entry"},"_links":{"self":[{"href":"https:\/\/tavapy.gov.py\/biblioteca\/wp-json\/wp\/v2\/product\/7221","targetHints":{"allow":["GET"]}}],"collection":[{"href":"https:\/\/tavapy.gov.py\/biblioteca\/wp-json\/wp\/v2\/product"}],"about":[{"href":"https:\/\/tavapy.gov.py\/biblioteca\/wp-json\/wp\/v2\/types\/product"}],"replies":[{"embeddable":true,"href":"https:\/\/tavapy.gov.py\/biblioteca\/wp-json\/wp\/v2\/comments?post=7221"}],"wp:featuredmedia":[{"embeddable":true,"href":"https:\/\/tavapy.gov.py\/biblioteca\/wp-json\/wp\/v2\/media\/7190"}],"wp:attachment":[{"href":"https:\/\/tavapy.gov.py\/biblioteca\/wp-json\/wp\/v2\/media?parent=7221"}],"wp:term":[{"taxonomy":"product_cat","embeddable":true,"href":"https:\/\/tavapy.gov.py\/biblioteca\/wp-json\/wp\/v2\/product_cat?post=7221"},{"taxonomy":"product_tag","embeddable":true,"href":"https:\/\/tavapy.gov.py\/biblioteca\/wp-json\/wp\/v2\/product_tag?post=7221"}],"curies":[{"name":"wp","href":"https:\/\/api.w.org\/{rel}","templated":true}]}}