{"id":7222,"date":"2023-02-27T00:26:27","date_gmt":"2023-02-27T00:26:27","guid":{"rendered":"https:\/\/tavapy.gov.py\/biblioteca\/?post_type=product&#038;p=7222"},"modified":"2023-02-27T00:26:27","modified_gmt":"2023-02-27T00:26:27","slug":"el-cerebro-matematico-como-nacen-viven-y-a-veces-mueren-los-numeros-en-nuestra-mente","status":"publish","type":"product","link":"https:\/\/tavapy.gov.py\/biblioteca\/product\/el-cerebro-matematico-como-nacen-viven-y-a-veces-mueren-los-numeros-en-nuestra-mente\/","title":{"rendered":"EL CEREBRO MATEM\u00c1TICO: C\u00d3MO NACEN, VIVEN Y A VECES MUEREN LOS N\u00daMEROS EN NUESTRA MENTE."},"content":{"rendered":"","protected":false},"excerpt":{"rendered":"<p>\u00bfDe d\u00f3nde vienen realmente los n\u00fameros y c\u00f3mo llegan a nuestra mente? \u00bfPor qu\u00e9 algunas personas tienen facilidad para lidiar con ellos y a muchas otras les resulta tan dif\u00edcil dominarlos? Este libro ofrece respuestas a estas y otras apasionantes preguntas que delinean lo que Stanislas Dehaene llama \u00abel sentido del n\u00famero\u00bb: nuestra capacidad para representar cantidades y para entender esos s\u00edmbolos abstractos, relacionarlos, sumarlos, multiplicarlos o dividirlos. Al igual que la percepci\u00f3n del color o el reconocimiento de la ubicaci\u00f3n de objetos en el espacio, este sentido \u00a1est\u00e1 instalado en nuestro cerebro!<\/p>\n<p>El autor de esta obra publicad aen el 2.019 inicia su recorrido con el descubrimiento de que ratas, palomas y chimpanc\u00e9s pueden realizar algunos c\u00e1lculos sencillos, y de que los beb\u00e9s poseen una intuici\u00f3n innata para reconocer cantidades y comparar magnitudes. Nos cuenta tambi\u00e9n qu\u00e9 les ocurre a pacientes con lesiones cerebrales que pierden la capacidad para determinar cantidades triviales, o c\u00f3mo los llamados \u00abidiotas sabios\u00bb son incapaces de operaciones mentales simples y hasta de valerse por s\u00ed mismos, pero pueden ser genios en matem\u00e1ticas.<\/p>\n<p>El viaje nos lleva adem\u00e1s por el origen de los n\u00fameros, nos explica la influencia del lenguaje en el c\u00e1lculo (por qu\u00e9, por ejemplo, los alumnos chinos tienen m\u00e1s \u00e9xito con las matem\u00e1ticas que sus pares occidentales), y hasta qu\u00e9 pasa con culturas sin palabras para los n\u00fameros, o que s\u00f3lo pueden nombrar cantidades hasta cinco.<\/p>\n<p>Las investigaciones de Dehaene lograron comprender el papel de peque\u00f1as \u00e1reas discretas de la corteza parietal humana en las distintas operaciones matem\u00e1ticas y demostraron el asiento biol\u00f3gico de nuestro sentido del n\u00famero, aquel que empleamos de manera inconsciente desde que tenemos uso de raz\u00f3n, y seguramente antes tambi\u00e9n. El autor nos invita a pasear por cuentas, cantidades, mapas y surcos corticales para, una vez m\u00e1s, conocernos a nosotros mismos y a esa impresionante m\u00e1quina que llevamos sobre el cuello y entre nuestras orejas.<\/p>\n<p><a href=\"https:\/\/tavapy.gov.py\/biblioteca\/wp-content\/uploads\/2023\/02\/DehaeneS-El-Cerebro-Matematico.pdf\" target=\"_blank\" rel=\"attachment noopener wp-att-7024\"><img loading=\"lazy\" decoding=\"async\" class=\"size-full wp-image-7024 alignleft\" src=\"https:\/\/tavapy.gov.py\/biblioteca\/wp-content\/uploads\/2023\/02\/icono-PDF-copia-2-2.png\" alt=\"\" width=\"121\" height=\"140\" \/><\/a><\/p>\n","protected":false},"featured_media":7193,"comment_status":"open","ping_status":"closed","template":"","meta":{"spay_email":""},"product_cat":[737],"product_tag":[],"class_list":{"0":"post-7222","1":"product","2":"type-product","3":"status-publish","4":"has-post-thumbnail","6":"book_author-stanislas-dehaene","7":"product_cat-ciencia-matematicas-divulgativas","8":"entry"},"_links":{"self":[{"href":"https:\/\/tavapy.gov.py\/biblioteca\/wp-json\/wp\/v2\/product\/7222","targetHints":{"allow":["GET"]}}],"collection":[{"href":"https:\/\/tavapy.gov.py\/biblioteca\/wp-json\/wp\/v2\/product"}],"about":[{"href":"https:\/\/tavapy.gov.py\/biblioteca\/wp-json\/wp\/v2\/types\/product"}],"replies":[{"embeddable":true,"href":"https:\/\/tavapy.gov.py\/biblioteca\/wp-json\/wp\/v2\/comments?post=7222"}],"wp:featuredmedia":[{"embeddable":true,"href":"https:\/\/tavapy.gov.py\/biblioteca\/wp-json\/wp\/v2\/media\/7193"}],"wp:attachment":[{"href":"https:\/\/tavapy.gov.py\/biblioteca\/wp-json\/wp\/v2\/media?parent=7222"}],"wp:term":[{"taxonomy":"product_cat","embeddable":true,"href":"https:\/\/tavapy.gov.py\/biblioteca\/wp-json\/wp\/v2\/product_cat?post=7222"},{"taxonomy":"product_tag","embeddable":true,"href":"https:\/\/tavapy.gov.py\/biblioteca\/wp-json\/wp\/v2\/product_tag?post=7222"}],"curies":[{"name":"wp","href":"https:\/\/api.w.org\/{rel}","templated":true}]}}