{"id":7223,"date":"2023-02-27T00:32:19","date_gmt":"2023-02-27T00:32:19","guid":{"rendered":"https:\/\/tavapy.gov.py\/biblioteca\/?post_type=product&#038;p=7223"},"modified":"2023-02-27T00:32:20","modified_gmt":"2023-02-27T00:32:20","slug":"aprender-a-leer-de-las-ciencias-cognitivas-al-aula","status":"publish","type":"product","link":"https:\/\/tavapy.gov.py\/biblioteca\/product\/aprender-a-leer-de-las-ciencias-cognitivas-al-aula\/","title":{"rendered":"APRENDER A LEER: DE LAS CIENCIAS COGNITIVAS AL AULA."},"content":{"rendered":"","protected":false},"excerpt":{"rendered":"<p>Entre los 5 y los 7 a\u00f1os de edad, casi todos los ni\u00f1os aprenden a leer. Aunque a los adultos esto nos parezca un hecho natural, se trata de una verdadera proeza que causa una revoluci\u00f3n en el cerebro. Stanislas Dehaene, protagonista de los descubrimientos neurocient\u00edficos m\u00e1s importantes, explica las claves de la ciencia de la lectura y su puesta en pr\u00e1ctica en la escuela, para orientar a los padres y los maestros, que acompa\u00f1an a los ni\u00f1os en su haza\u00f1a.<\/p>\n<p>Este libro publicado en el 2.011 describe el funcionamiento del cerebro que lee, y explica que aprender a leer consiste en tomar conciencia de las estructuras de la lengua oral y conectarlas eficazmente con el c\u00f3digo visual de las letras. Atentos a la aplicaci\u00f3n de sus conocimientos en la escuela y en el \u00e1mbito familiar, Dehaene y su equipo no se limitan a un \u00fanico m\u00e9todo \u00f3ptimo: ofrecen una serie de principios educativos que facilitan el descubrimiento de la lectura. As\u00ed, los juegos con los sonidos de las palabras, tanto como la atenci\u00f3n debidamente concentrada, permiten acelerar la automatizaci\u00f3n del desciframiento, y liberar recursos en la mente para dedicar a la comprensi\u00f3n de los textos.<\/p>\n<p>El avance gradual, la diversidad de ejemplos y la adaptaci\u00f3n al nivel de los ni\u00f1os contribuyen a mejorar la ense\u00f1anza, garantizando la diversi\u00f3n en el aula. La clara y \u00e1gil explicaci\u00f3n no pierde de vista las posibles dificultades, como la adquisici\u00f3n de la lectura en medios desfavorecidos y tambi\u00e9n la dislexia.<\/p>\n<p>Con la convicci\u00f3n de que una pol\u00edtica educativa rigurosa y estimulante para los maestros puede traer sus frutos, se presentan aqu\u00ed experiencias exitosas que aplicaron estas ideas y tambi\u00e9n una orientaci\u00f3n pedag\u00f3gica basada en las dificultades propias de nuestra lengua. Aprender a leer confirma con creces que es deseable y posible atravesar el puente que lleva de los laboratorios a las aulas.<\/p>\n<p><a href=\"https:\/\/tavapy.gov.py\/biblioteca\/wp-content\/uploads\/2023\/02\/DehaeneS-Aprender-a-leer-1.pdf\" target=\"_blank\" rel=\"attachment noopener wp-att-7024\"><img loading=\"lazy\" decoding=\"async\" class=\"size-full wp-image-7024 alignleft\" src=\"https:\/\/tavapy.gov.py\/biblioteca\/wp-content\/uploads\/2023\/02\/icono-PDF-copia-2-2.png\" alt=\"\" width=\"121\" height=\"140\" \/><\/a><\/p>\n","protected":false},"featured_media":7195,"comment_status":"open","ping_status":"closed","template":"","meta":{"spay_email":""},"product_cat":[361],"product_tag":[],"class_list":{"0":"post-7223","1":"product","2":"type-product","3":"status-publish","4":"has-post-thumbnail","6":"book_author-stanislas-dehaene","7":"product_cat-neurociencia-psicologia","8":"entry"},"_links":{"self":[{"href":"https:\/\/tavapy.gov.py\/biblioteca\/wp-json\/wp\/v2\/product\/7223","targetHints":{"allow":["GET"]}}],"collection":[{"href":"https:\/\/tavapy.gov.py\/biblioteca\/wp-json\/wp\/v2\/product"}],"about":[{"href":"https:\/\/tavapy.gov.py\/biblioteca\/wp-json\/wp\/v2\/types\/product"}],"replies":[{"embeddable":true,"href":"https:\/\/tavapy.gov.py\/biblioteca\/wp-json\/wp\/v2\/comments?post=7223"}],"wp:featuredmedia":[{"embeddable":true,"href":"https:\/\/tavapy.gov.py\/biblioteca\/wp-json\/wp\/v2\/media\/7195"}],"wp:attachment":[{"href":"https:\/\/tavapy.gov.py\/biblioteca\/wp-json\/wp\/v2\/media?parent=7223"}],"wp:term":[{"taxonomy":"product_cat","embeddable":true,"href":"https:\/\/tavapy.gov.py\/biblioteca\/wp-json\/wp\/v2\/product_cat?post=7223"},{"taxonomy":"product_tag","embeddable":true,"href":"https:\/\/tavapy.gov.py\/biblioteca\/wp-json\/wp\/v2\/product_tag?post=7223"}],"curies":[{"name":"wp","href":"https:\/\/api.w.org\/{rel}","templated":true}]}}