{"id":7224,"date":"2023-02-27T00:39:27","date_gmt":"2023-02-27T00:39:27","guid":{"rendered":"https:\/\/tavapy.gov.py\/biblioteca\/?post_type=product&#038;p=7224"},"modified":"2023-02-27T00:39:27","modified_gmt":"2023-02-27T00:39:27","slug":"como-aprendemos-los-cuatro-pilares-con-los-que-la-educacion-puede-potenciar-los-talentos-de-nuestro-cerebro","status":"publish","type":"product","link":"https:\/\/tavapy.gov.py\/biblioteca\/product\/como-aprendemos-los-cuatro-pilares-con-los-que-la-educacion-puede-potenciar-los-talentos-de-nuestro-cerebro\/","title":{"rendered":"\u00bfC\u00d3MO APRENDEMOS? LOS CUATRO PILARES CON LOS QUE LA EDUCACI\u00d3N PUEDE POTENCIAR LOS TALENTOS DE NUESTRO CEREBRO."},"content":{"rendered":"","protected":false},"excerpt":{"rendered":"<p>El cerebro humano es una m\u00e1quina extraordinaria, capaz de transformarse a s\u00ed misma a partir de la experiencia y de albergar talentos que nos vuelven \u00fanicos como especie: lenguaje, lectura, matem\u00e1ticas, creaci\u00f3n art\u00edstica. La m\u00e1s asombrosa de sus facultades es sin dudas la del aprendizaje, aquella que nos permite no solo adaptarnos a las circunstancias, sino tambi\u00e9n lanzarnos con entusiasmo en busca de lo desconocido.<\/p>\n<p>Un beb\u00e9 aprende m\u00e1s r\u00e1pido y m\u00e1s profundo que cualquier dispositivo de inteligencia artificial. Y por si esto fuera poco, los seres humanos han inventado un medio de inconmensurable eficacia para expandir su fabulosa capacidad. \u00bfRobots inteligentes? \u00bfSupercomputadoras? No: la escuela, esa poderosa instituci\u00f3n de alcance masivo que acelera el desarrollo de nuestras habilidades y la transmisi\u00f3n del conocimiento acumulado por generaciones.<\/p>\n<p>Reuniendo aportes de las neurociencias, la psicolog\u00eda cognitiva, la inform\u00e1tica y la pedagog\u00eda, \u00bfC\u00f3mo aprendemos? obra publicada en el 2.018 explora en detalle las investigaciones acerca del aprendizaje y sus fundamentos biol\u00f3gicos: \u00bfcu\u00e1les son los procesos neuronales implicados?, \u00bfpor qu\u00e9 la infancia y la juventud son tan sensibles?, \u00bfpodemos seguir aprendiendo toda la vida?, \u00bfcu\u00e1nto hay de innato y cu\u00e1nto de adquirido en los dominios m\u00e1s relevantes de nuestro conocimiento?<\/p>\n<p>\u00bfTodos somos iguales a la hora de aprender? \u00bfCu\u00e1l es el rol de la memoria, de la atenci\u00f3n? \u00bfQu\u00e9 papel cumplen la nutrici\u00f3n, el sue\u00f1o o la actividad f\u00edsica en el desarrollo? \u00bfQu\u00e9 funci\u00f3n tiene el error?<\/p>\n<p>De la mano de los cuatro pilares del aprendizaje \u2013la atenci\u00f3n, el compromiso activo, el buen feedback y la consolidaci\u00f3n\u2013, Stanislas Dehaene lleva recomendaciones precisas para implementar en la familia y en la escuela de manera cotidiana.<\/p>\n<p><a href=\"https:\/\/tavapy.gov.py\/biblioteca\/wp-content\/uploads\/2023\/02\/DehaeneS-Como-aprendemos.pdf\" target=\"_blank\" rel=\"attachment noopener wp-att-7024\"><img loading=\"lazy\" decoding=\"async\" class=\"size-full wp-image-7024 alignleft\" src=\"https:\/\/tavapy.gov.py\/biblioteca\/wp-content\/uploads\/2023\/02\/icono-PDF-copia-2-2.png\" alt=\"\" width=\"121\" height=\"140\" \/><\/a><\/p>\n","protected":false},"featured_media":7197,"comment_status":"open","ping_status":"closed","template":"","meta":{"spay_email":""},"product_cat":[361],"product_tag":[],"class_list":{"0":"post-7224","1":"product","2":"type-product","3":"status-publish","4":"has-post-thumbnail","6":"book_author-stanislas-dehaene","7":"product_cat-neurociencia-psicologia","8":"entry"},"_links":{"self":[{"href":"https:\/\/tavapy.gov.py\/biblioteca\/wp-json\/wp\/v2\/product\/7224","targetHints":{"allow":["GET"]}}],"collection":[{"href":"https:\/\/tavapy.gov.py\/biblioteca\/wp-json\/wp\/v2\/product"}],"about":[{"href":"https:\/\/tavapy.gov.py\/biblioteca\/wp-json\/wp\/v2\/types\/product"}],"replies":[{"embeddable":true,"href":"https:\/\/tavapy.gov.py\/biblioteca\/wp-json\/wp\/v2\/comments?post=7224"}],"wp:featuredmedia":[{"embeddable":true,"href":"https:\/\/tavapy.gov.py\/biblioteca\/wp-json\/wp\/v2\/media\/7197"}],"wp:attachment":[{"href":"https:\/\/tavapy.gov.py\/biblioteca\/wp-json\/wp\/v2\/media?parent=7224"}],"wp:term":[{"taxonomy":"product_cat","embeddable":true,"href":"https:\/\/tavapy.gov.py\/biblioteca\/wp-json\/wp\/v2\/product_cat?post=7224"},{"taxonomy":"product_tag","embeddable":true,"href":"https:\/\/tavapy.gov.py\/biblioteca\/wp-json\/wp\/v2\/product_tag?post=7224"}],"curies":[{"name":"wp","href":"https:\/\/api.w.org\/{rel}","templated":true}]}}