{"id":7225,"date":"2023-02-27T00:43:55","date_gmt":"2023-02-27T00:43:55","guid":{"rendered":"https:\/\/tavapy.gov.py\/biblioteca\/?post_type=product&#038;p=7225"},"modified":"2023-02-27T00:43:56","modified_gmt":"2023-02-27T00:43:56","slug":"en-busca-de-la-mente-el-largo-camino-para-comprender-la-vida-mental-y-lo-que-aun-queda-por-descubrir","status":"publish","type":"product","link":"https:\/\/tavapy.gov.py\/biblioteca\/product\/en-busca-de-la-mente-el-largo-camino-para-comprender-la-vida-mental-y-lo-que-aun-queda-por-descubrir\/","title":{"rendered":"EN BUSCA DE LA MENTE: EL LARGO CAMINO PARA COMPRENDER LA VIDA MENTAL (Y LO QUE A\u00daN QUEDA POR DESCUBRIR)."},"content":{"rendered":"","protected":false},"excerpt":{"rendered":"<p>Cunde en nuestros d\u00edas la ilusi\u00f3n de que la neurociencia puede explicarlo todo: los sue\u00f1os y las adicciones, las dificultades de aprendizaje, nuestras decisiones financieras y nuestros consumos, los trastornos de la alimentaci\u00f3n y los sentimientos religiosos. En la vereda de enfrente, los esc\u00e9pticos insisten en que la mente es un misterio demasiado complejo para nuestro limitado entendimiento. \u00bfCu\u00e1nto hay de cierto en estas posiciones?<\/p>\n<p>Para responder esa pregunta sin soluciones m\u00e1gicas, Stanislas Dehaene, uno de los mayores expertos en la materia, nos propone un atrapante recorrido por las investigaciones de la psicolog\u00eda cognitiva experimental. En esta obra publicada en el 2.019, sistematiza las evidencias que nos confirman que estamos hechos para conocer y conocernos, as\u00ed como los experimentos y an\u00e1lisis que permitieron adentrarse en los mecanismos de la mente.<\/p>\n<p>Poco a poco, el trabajo conjunto de un ej\u00e9rcito de disciplinas \u2013la psicolog\u00eda, la neurobiolog\u00eda, la antropolog\u00eda, la f\u00edsica, la matem\u00e1tica, la computaci\u00f3n y la filosof\u00eda\u2013 logr\u00f3 descubrir y entender procesos fundamentales: c\u00f3mo hace el cerebro para contar hasta diez, para leer sus primeras palabras, para saber que es parte de un cuerpo que siente, se mueve y se emociona (y c\u00f3mo todo eso le permite tomar decisiones).<\/p>\n<p>No fue f\u00e1cil llegar hasta aqu\u00ed, y falta mucho para dar por resuelto el desaf\u00edo, pero el optimismo est\u00e1 bien fundado. Los nuevos avances en la comprensi\u00f3n de la vida mental prometen revolucionarias mejoras para la salud y para la educaci\u00f3n, lo que redobla la expectativa. As\u00ed, este maravilloso libro nos aporta una primera lecci\u00f3n para saber d\u00f3nde est\u00e1 y hacia d\u00f3nde va el estudio de eso que nos es tan cercano y a la vez tan misterioso: nuestra propia mente.<\/p>\n<p><a href=\"https:\/\/tavapy.gov.py\/biblioteca\/wp-content\/uploads\/2023\/02\/DehaeneS-En-busca-de-la-mente.pdf\" target=\"_blank\" rel=\"attachment noopener wp-att-7024\"><img loading=\"lazy\" decoding=\"async\" class=\"size-full wp-image-7024 alignleft\" src=\"https:\/\/tavapy.gov.py\/biblioteca\/wp-content\/uploads\/2023\/02\/icono-PDF-copia-2-2.png\" alt=\"\" width=\"121\" height=\"140\" \/><\/a><\/p>\n","protected":false},"featured_media":7199,"comment_status":"open","ping_status":"closed","template":"","meta":{"spay_email":""},"product_cat":[361],"product_tag":[],"class_list":{"0":"post-7225","1":"product","2":"type-product","3":"status-publish","4":"has-post-thumbnail","6":"book_author-stanislas-dehaene","7":"product_cat-neurociencia-psicologia","8":"entry"},"_links":{"self":[{"href":"https:\/\/tavapy.gov.py\/biblioteca\/wp-json\/wp\/v2\/product\/7225","targetHints":{"allow":["GET"]}}],"collection":[{"href":"https:\/\/tavapy.gov.py\/biblioteca\/wp-json\/wp\/v2\/product"}],"about":[{"href":"https:\/\/tavapy.gov.py\/biblioteca\/wp-json\/wp\/v2\/types\/product"}],"replies":[{"embeddable":true,"href":"https:\/\/tavapy.gov.py\/biblioteca\/wp-json\/wp\/v2\/comments?post=7225"}],"wp:featuredmedia":[{"embeddable":true,"href":"https:\/\/tavapy.gov.py\/biblioteca\/wp-json\/wp\/v2\/media\/7199"}],"wp:attachment":[{"href":"https:\/\/tavapy.gov.py\/biblioteca\/wp-json\/wp\/v2\/media?parent=7225"}],"wp:term":[{"taxonomy":"product_cat","embeddable":true,"href":"https:\/\/tavapy.gov.py\/biblioteca\/wp-json\/wp\/v2\/product_cat?post=7225"},{"taxonomy":"product_tag","embeddable":true,"href":"https:\/\/tavapy.gov.py\/biblioteca\/wp-json\/wp\/v2\/product_tag?post=7225"}],"curies":[{"name":"wp","href":"https:\/\/api.w.org\/{rel}","templated":true}]}}