{"id":7226,"date":"2023-02-27T00:48:58","date_gmt":"2023-02-27T00:48:58","guid":{"rendered":"https:\/\/tavapy.gov.py\/biblioteca\/?post_type=product&#038;p=7226"},"modified":"2023-02-27T00:48:58","modified_gmt":"2023-02-27T00:48:58","slug":"las-claves-de-la-creatividad-empresarial-como-gestionar-el-talento-innovador","status":"publish","type":"product","link":"https:\/\/tavapy.gov.py\/biblioteca\/product\/las-claves-de-la-creatividad-empresarial-como-gestionar-el-talento-innovador\/","title":{"rendered":"LAS CLAVES DE LA CREATIVIDAD EMPRESARIAL: C\u00d3MO GESTIONAR EL TALENTO INNOVADOR."},"content":{"rendered":"","protected":false},"excerpt":{"rendered":"<p>En cualquier negocio o actividad la creatividad y la innovaci\u00f3n que antes supon\u00edan una ventaja competitiva son ahora absolutamente necesarias para la supervivencia de las empresas y para el desarrollo eficaz y eficiente de los servicios p\u00fablicos.<\/p>\n<p>Para conseguir que nuestra orga-nizaci\u00f3n se transforme en una plataforma innovadora se ha de actuar en varios niveles: La capacidad creativa de las personas, el clima de la organizaci\u00f3n, el estilo de liderazgo de los directivos y mandos interme-dios y la estructura y pol\u00edticas de la organizaci\u00f3n.<\/p>\n<p>Esta obra publicada en el 2.017 describe c\u00f3mo influye el modo en que funciona nuestro cerebro en nuestra capacidad de generar ideas nuevas y \u00fatiles, analiza las cualidades que nos hacen m\u00e1s creativos y la motivaci\u00f3n que hay detr\u00e1s del trabajo innovador y describe los factores que promueven la creatividad en los grupos. Los procesos de generaci\u00f3n de ideas nos ayudan a superar las soluciones convencionales y a encontrar respuestas nuevas y disruptivas a los desaf\u00edos que se nos presentan cada d\u00eda.<\/p>\n<p>El \u00faltimo cap\u00edtulo del libro describe en detalle este proceso con ejemplos sacados de la propia experiencia y de casos conocidos en el \u00e1mbito empresarial y de la administraci\u00f3n p\u00fablica. \u00abEl autor de este libro desagrega de forma excelente y muy sencilla las claves para tener \u00e9xito en el proceso de innovaci\u00f3n\u00bb.<\/p>\n<p><a href=\"https:\/\/tavapy.gov.py\/biblioteca\/wp-content\/uploads\/2023\/02\/Delgado-CervinoJ-Las-claves-de-la-creatividad-empresarial.-Como-gestionar-el-talento-innovador.pdf\" target=\"_blank\" rel=\"attachment noopener wp-att-7024\"><img loading=\"lazy\" decoding=\"async\" class=\"size-full wp-image-7024 alignleft\" src=\"https:\/\/tavapy.gov.py\/biblioteca\/wp-content\/uploads\/2023\/02\/icono-PDF-copia-2-2.png\" alt=\"\" width=\"121\" height=\"140\" \/><\/a><\/p>\n","protected":false},"featured_media":7201,"comment_status":"open","ping_status":"closed","template":"","meta":{"spay_email":""},"product_cat":[742],"product_tag":[],"class_list":{"0":"post-7226","1":"product","2":"type-product","3":"status-publish","4":"has-post-thumbnail","6":"book_author-jorge-delgado-cervino","7":"product_cat-empresas-gestion-empresarial","8":"entry"},"_links":{"self":[{"href":"https:\/\/tavapy.gov.py\/biblioteca\/wp-json\/wp\/v2\/product\/7226","targetHints":{"allow":["GET"]}}],"collection":[{"href":"https:\/\/tavapy.gov.py\/biblioteca\/wp-json\/wp\/v2\/product"}],"about":[{"href":"https:\/\/tavapy.gov.py\/biblioteca\/wp-json\/wp\/v2\/types\/product"}],"replies":[{"embeddable":true,"href":"https:\/\/tavapy.gov.py\/biblioteca\/wp-json\/wp\/v2\/comments?post=7226"}],"wp:featuredmedia":[{"embeddable":true,"href":"https:\/\/tavapy.gov.py\/biblioteca\/wp-json\/wp\/v2\/media\/7201"}],"wp:attachment":[{"href":"https:\/\/tavapy.gov.py\/biblioteca\/wp-json\/wp\/v2\/media?parent=7226"}],"wp:term":[{"taxonomy":"product_cat","embeddable":true,"href":"https:\/\/tavapy.gov.py\/biblioteca\/wp-json\/wp\/v2\/product_cat?post=7226"},{"taxonomy":"product_tag","embeddable":true,"href":"https:\/\/tavapy.gov.py\/biblioteca\/wp-json\/wp\/v2\/product_tag?post=7226"}],"curies":[{"name":"wp","href":"https:\/\/api.w.org\/{rel}","templated":true}]}}