{"id":7227,"date":"2023-02-27T00:54:59","date_gmt":"2023-02-27T00:54:59","guid":{"rendered":"https:\/\/tavapy.gov.py\/biblioteca\/?post_type=product&#038;p=7227"},"modified":"2023-02-27T00:54:59","modified_gmt":"2023-02-27T00:54:59","slug":"que-es-coaching-para-novatos","status":"publish","type":"product","link":"https:\/\/tavapy.gov.py\/biblioteca\/product\/que-es-coaching-para-novatos\/","title":{"rendered":"QU\u00c9 ES COACHING PARA NOVATOS."},"content":{"rendered":"","protected":false},"excerpt":{"rendered":"<p>El objetivo de este libro publicado en el 2.014 no es otro que hacer de mapa muy sencillo, para aquellas personas interesadas en el coaching que no conocen demasiado sobre esta metodolog\u00eda y desean rascar un poquito m\u00e1s en las caracter\u00edsticas de esta eficaz disciplina.<\/p>\n<p>Lo cierto es que no siempre resulta f\u00e1cil encontrar respuestas satisfactorias libres de exceso de paja o teor\u00eda que nos ayude a entender de verdad, qu\u00e9 conseguir\u00e9 yo inici\u00e1ndome en una determinada aventura de conocimiento; as\u00ed que justo ese es nuestro prop\u00f3sito con esta lectura:<\/p>\n<p>Ofrecerte respuestas claras, sencillas y \u00fatiles para que despejes todas esas inc\u00f3gnitas que pueden despertarse cuando escuchas la palabra coaching.<\/p>\n<p><a href=\"https:\/\/tavapy.gov.py\/biblioteca\/wp-content\/uploads\/2023\/02\/DuarteS-Que-es-coaching-para-novatos.pdf\" target=\"_blank\" rel=\"attachment noopener wp-att-7024\"><img loading=\"lazy\" decoding=\"async\" class=\"size-full wp-image-7024 alignleft\" src=\"https:\/\/tavapy.gov.py\/biblioteca\/wp-content\/uploads\/2023\/02\/icono-PDF-copia-2-2.png\" alt=\"\" width=\"121\" height=\"140\" \/><\/a><\/p>\n","protected":false},"featured_media":7204,"comment_status":"open","ping_status":"closed","template":"","meta":{"spay_email":""},"product_cat":[743],"product_tag":[],"class_list":{"0":"post-7227","1":"product","2":"type-product","3":"status-publish","4":"has-post-thumbnail","6":"book_author-sara-duarte","7":"product_cat-autoayuda-psicologia-superacion-personal","8":"entry"},"_links":{"self":[{"href":"https:\/\/tavapy.gov.py\/biblioteca\/wp-json\/wp\/v2\/product\/7227","targetHints":{"allow":["GET"]}}],"collection":[{"href":"https:\/\/tavapy.gov.py\/biblioteca\/wp-json\/wp\/v2\/product"}],"about":[{"href":"https:\/\/tavapy.gov.py\/biblioteca\/wp-json\/wp\/v2\/types\/product"}],"replies":[{"embeddable":true,"href":"https:\/\/tavapy.gov.py\/biblioteca\/wp-json\/wp\/v2\/comments?post=7227"}],"wp:featuredmedia":[{"embeddable":true,"href":"https:\/\/tavapy.gov.py\/biblioteca\/wp-json\/wp\/v2\/media\/7204"}],"wp:attachment":[{"href":"https:\/\/tavapy.gov.py\/biblioteca\/wp-json\/wp\/v2\/media?parent=7227"}],"wp:term":[{"taxonomy":"product_cat","embeddable":true,"href":"https:\/\/tavapy.gov.py\/biblioteca\/wp-json\/wp\/v2\/product_cat?post=7227"},{"taxonomy":"product_tag","embeddable":true,"href":"https:\/\/tavapy.gov.py\/biblioteca\/wp-json\/wp\/v2\/product_tag?post=7227"}],"curies":[{"name":"wp","href":"https:\/\/api.w.org\/{rel}","templated":true}]}}