{"id":7228,"date":"2023-02-27T01:42:53","date_gmt":"2023-02-27T01:42:53","guid":{"rendered":"https:\/\/tavapy.gov.py\/biblioteca\/?post_type=product&#038;p=7228"},"modified":"2023-02-27T01:42:53","modified_gmt":"2023-02-27T01:42:53","slug":"educar-con-inteligencia-emocional-como-conseguir-que-nuestros-hijos-sean-sociables-felices-y-responsables","status":"publish","type":"product","link":"https:\/\/tavapy.gov.py\/biblioteca\/product\/educar-con-inteligencia-emocional-como-conseguir-que-nuestros-hijos-sean-sociables-felices-y-responsables\/","title":{"rendered":"EDUCAR CON INTELIGENCIA EMOCIONAL: C\u00d3MO CONSEGUIR QUE NUESTROS HIJOS SEAN SOCIABLES, FELICES Y RESPONSABLES."},"content":{"rendered":"","protected":false},"excerpt":{"rendered":"<p>Sugerencias, actividades y consejos pr\u00e1cticos para que los padres ayuden a sus hijos a utilizar las emociones del modo m\u00e1s positivo.<\/p>\n<p>En las p\u00e1ginas de este libro publicado en 1.999, los padres aprender\u00e1n a comunicarse con sus hijos en el nivel m\u00e1s profundo y gratificante, y a asistirles a la hora de sortear con \u00e9xito el intrincado laberinto de las relaciones con los dem\u00e1s.<\/p>\n<p>Tomando los cinco principios b\u00e1sicos del gran \u00e9xito de Daniel Goleman, Inteligencia emocional, los autores explican c\u00f3mo aplicarlos para obtener buenos resultados en la educaci\u00f3n de los ni\u00f1os. Con este fin ofrecen sugerencias, actividades y consejos pr\u00e1cticos, que ayudar\u00e1n a los padres a utilizar sus emociones como la rivalidad entre hermanos, conflictos con los amigos, situaciones escolares o la presi\u00f3n ejercida por los compa\u00f1eros.<\/p>\n<p><a href=\"https:\/\/tavapy.gov.py\/biblioteca\/wp-content\/uploads\/2023\/02\/EliasM-Educar-con-inteligencia-emocional.pdf\" target=\"_blank\" rel=\"attachment noopener wp-att-7024\"><img loading=\"lazy\" decoding=\"async\" class=\"size-full wp-image-7024 alignleft\" src=\"https:\/\/tavapy.gov.py\/biblioteca\/wp-content\/uploads\/2023\/02\/icono-PDF-copia-2-2.png\" alt=\"\" width=\"121\" height=\"140\" \/><\/a><\/p>\n","protected":false},"featured_media":7207,"comment_status":"open","ping_status":"closed","template":"","meta":{"spay_email":""},"product_cat":[982],"product_tag":[],"class_list":{"0":"post-7228","1":"product","2":"type-product","3":"status-publish","4":"has-post-thumbnail","6":"book_author-maurice-elias","7":"product_cat-pedagogia-psicologia-inteligencia-emocional","8":"entry"},"_links":{"self":[{"href":"https:\/\/tavapy.gov.py\/biblioteca\/wp-json\/wp\/v2\/product\/7228","targetHints":{"allow":["GET"]}}],"collection":[{"href":"https:\/\/tavapy.gov.py\/biblioteca\/wp-json\/wp\/v2\/product"}],"about":[{"href":"https:\/\/tavapy.gov.py\/biblioteca\/wp-json\/wp\/v2\/types\/product"}],"replies":[{"embeddable":true,"href":"https:\/\/tavapy.gov.py\/biblioteca\/wp-json\/wp\/v2\/comments?post=7228"}],"wp:featuredmedia":[{"embeddable":true,"href":"https:\/\/tavapy.gov.py\/biblioteca\/wp-json\/wp\/v2\/media\/7207"}],"wp:attachment":[{"href":"https:\/\/tavapy.gov.py\/biblioteca\/wp-json\/wp\/v2\/media?parent=7228"}],"wp:term":[{"taxonomy":"product_cat","embeddable":true,"href":"https:\/\/tavapy.gov.py\/biblioteca\/wp-json\/wp\/v2\/product_cat?post=7228"},{"taxonomy":"product_tag","embeddable":true,"href":"https:\/\/tavapy.gov.py\/biblioteca\/wp-json\/wp\/v2\/product_tag?post=7228"}],"curies":[{"name":"wp","href":"https:\/\/api.w.org\/{rel}","templated":true}]}}