{"id":7229,"date":"2023-02-27T01:48:30","date_gmt":"2023-02-27T01:48:30","guid":{"rendered":"https:\/\/tavapy.gov.py\/biblioteca\/?post_type=product&#038;p=7229"},"modified":"2023-02-27T01:48:30","modified_gmt":"2023-02-27T01:48:30","slug":"aprendizaje-humano","status":"publish","type":"product","link":"https:\/\/tavapy.gov.py\/biblioteca\/product\/aprendizaje-humano\/","title":{"rendered":"APRENDIZAJE HUMANO."},"content":{"rendered":"","protected":false},"excerpt":{"rendered":"<p>Este libro publicado en el 2.005 presenta las \u00faltimas tendencias y aportaciones en el campo de la psicolog\u00eda del aprendizaje, con varios cap\u00edtulos dedicados al aprendizaje cognitivo, al aprendizaje complejo y a la motivaci\u00f3n. Es apropiado para las asignaturas troncales de Aprendizaje y cognici\u00f3n, y tambien para Motivaci\u00f3n.<\/p>\n<p>El aprendizaje humano es un proceso fascinante y los psic\u00f3logos no dejan de descubrir nuevas cosas sobre el mismo. Sin embargo, resulta triste comprobar lo poco que las personas ajenas a este campo saben sobre su propia manera de aprender y de ayudar a los dem\u00e1s a aprender.<\/p>\n<p>Sobre este aspecto, este libro es rotundo: la forma en que una cosa se ense\u00f1a, se estudia y se piensa, supone una diferencia esencial respecto a lo que se aprende, lo bien que se comprende, durante cu\u00e1nto tiempo se recuerda, y lo bien que se puede aplicar a las nuevas situaciones y problemas.<\/p>\n<p>La autora, Jeanne Ellis Ormrod, es una de las mayores especialistas en el \u00e1rea del aprendizaje humano a nivel mundial.<\/p>\n<p><a href=\"https:\/\/tavapy.gov.py\/biblioteca\/wp-content\/uploads\/2023\/02\/Ellis-OrmrodJ-Aprendizaje-humano.pdf\" target=\"_blank\" rel=\"attachment noopener wp-att-7024\"><img loading=\"lazy\" decoding=\"async\" class=\"size-full wp-image-7024 alignleft\" src=\"https:\/\/tavapy.gov.py\/biblioteca\/wp-content\/uploads\/2023\/02\/icono-PDF-copia-2-2.png\" alt=\"\" width=\"121\" height=\"140\" \/><\/a><\/p>\n","protected":false},"featured_media":7210,"comment_status":"open","ping_status":"closed","template":"","meta":{"spay_email":""},"product_cat":[849],"product_tag":[],"class_list":{"0":"post-7229","1":"product","2":"type-product","3":"status-publish","4":"has-post-thumbnail","6":"book_author-jeanne-ellis-ormrod","7":"product_cat-psicologia-evolutiva-y-del-desarrollo","8":"entry"},"_links":{"self":[{"href":"https:\/\/tavapy.gov.py\/biblioteca\/wp-json\/wp\/v2\/product\/7229","targetHints":{"allow":["GET"]}}],"collection":[{"href":"https:\/\/tavapy.gov.py\/biblioteca\/wp-json\/wp\/v2\/product"}],"about":[{"href":"https:\/\/tavapy.gov.py\/biblioteca\/wp-json\/wp\/v2\/types\/product"}],"replies":[{"embeddable":true,"href":"https:\/\/tavapy.gov.py\/biblioteca\/wp-json\/wp\/v2\/comments?post=7229"}],"wp:featuredmedia":[{"embeddable":true,"href":"https:\/\/tavapy.gov.py\/biblioteca\/wp-json\/wp\/v2\/media\/7210"}],"wp:attachment":[{"href":"https:\/\/tavapy.gov.py\/biblioteca\/wp-json\/wp\/v2\/media?parent=7229"}],"wp:term":[{"taxonomy":"product_cat","embeddable":true,"href":"https:\/\/tavapy.gov.py\/biblioteca\/wp-json\/wp\/v2\/product_cat?post=7229"},{"taxonomy":"product_tag","embeddable":true,"href":"https:\/\/tavapy.gov.py\/biblioteca\/wp-json\/wp\/v2\/product_tag?post=7229"}],"curies":[{"name":"wp","href":"https:\/\/api.w.org\/{rel}","templated":true}]}}