{"id":7270,"date":"2023-02-28T00:11:52","date_gmt":"2023-02-28T00:11:52","guid":{"rendered":"https:\/\/tavapy.gov.py\/biblioteca\/?post_type=product&#038;p=7270"},"modified":"2023-02-28T00:13:46","modified_gmt":"2023-02-28T00:13:46","slug":"el-arte-de-comunicar-manual-de-uso-del-lenguaje-positivo","status":"publish","type":"product","link":"https:\/\/tavapy.gov.py\/biblioteca\/product\/el-arte-de-comunicar-manual-de-uso-del-lenguaje-positivo\/","title":{"rendered":"EL ARTE DE COMUNICAR. MANUAL DE USO DEL LENGUAJE POSITIVO."},"content":{"rendered":"","protected":false},"excerpt":{"rendered":"<p>\u00abLas palabras bien utilizadas pueden ser el origen de una nueva sociedad\u00bb. \u00abEl principal error de la comunicaci\u00f3n es la incomunicaci\u00f3n\u00bb. \u00abDesarrollar la habilidad de comunicar en el momento oportuno es una cuesti\u00f3n de sensibilidad, inteligencia y empat\u00eda\u00bb. \u00bfHas pensado que nuestra relaci\u00f3n con los dem\u00e1s y con nosotros mismos est\u00e1 basada en c\u00f3mo utilizamos la comunicaci\u00f3n?<\/p>\n<p>Tomar conciencia del poder de esta herramienta, y utilizarla inteligentemente, nos permitir\u00e1 vivir mejor. Partiendo de esta tesis El arte de comunicar ofrece al lector las claves para utilizar la comunicaci\u00f3n como una aliada que puede llegar a cambiarnos la vida.<\/p>\n<p>Aunque no todos, la mayor parte de los problemas que tenemos con las personas de nuestro entorno (laboral, familiar, amigos&#8230;) as\u00ed como con nosotros mismos (ansiedades, envidias, insatisfacciones&#8230;) son fruto de una deficiente comunicaci\u00f3n. Resolverlos est\u00e1, en gran medida, en nuestras manos.<\/p>\n<p>Este libro publicado en el 2.019 puede ponernos en el camino de ser m\u00e1s eficaces, fuertes, felices y plenos. \u00abInteresant\u00edsima relaci\u00f3n entre vivir bien y comunicarse bien. Leo Farache tiene toda la raz\u00f3n cuando escribe que una cosa depende de la otra. Un libro para no perderse\u00bb. \u00abLa comunicaci\u00f3n es una herramienta m\u00e1gica, prep\u00e1rate para descubrir en este libro sus poderes. Sentir\u00e1s una gran ilusi\u00f3n cuando el arte de la comunicaci\u00f3n forme parte de tu vida, y la transmitir\u00e1s a los dem\u00e1s\u00bb.<\/p>\n<p><a href=\"https:\/\/tavapy.gov.py\/biblioteca\/wp-content\/uploads\/2023\/02\/FaracheL-El-arte-de-comunicar-Desarrollo-personal.pdf\" target=\"_blank\" rel=\"noopener\"><img loading=\"lazy\" decoding=\"async\" class=\"size-full wp-image-7271 alignleft\" src=\"https:\/\/tavapy.gov.py\/biblioteca\/wp-content\/uploads\/2023\/02\/icono-PDF-copia-2-3.png\" alt=\"\" width=\"121\" height=\"140\" \/><\/a><\/p>\n","protected":false},"featured_media":7230,"comment_status":"open","ping_status":"closed","template":"","meta":{"spay_email":""},"product_cat":[985],"product_tag":[],"class_list":{"0":"post-7270","1":"product","2":"type-product","3":"status-publish","4":"has-post-thumbnail","6":"book_author-leo-farache","7":"product_cat-comunicacion-psicologia-pedagogia","8":"entry"},"_links":{"self":[{"href":"https:\/\/tavapy.gov.py\/biblioteca\/wp-json\/wp\/v2\/product\/7270","targetHints":{"allow":["GET"]}}],"collection":[{"href":"https:\/\/tavapy.gov.py\/biblioteca\/wp-json\/wp\/v2\/product"}],"about":[{"href":"https:\/\/tavapy.gov.py\/biblioteca\/wp-json\/wp\/v2\/types\/product"}],"replies":[{"embeddable":true,"href":"https:\/\/tavapy.gov.py\/biblioteca\/wp-json\/wp\/v2\/comments?post=7270"}],"wp:featuredmedia":[{"embeddable":true,"href":"https:\/\/tavapy.gov.py\/biblioteca\/wp-json\/wp\/v2\/media\/7230"}],"wp:attachment":[{"href":"https:\/\/tavapy.gov.py\/biblioteca\/wp-json\/wp\/v2\/media?parent=7270"}],"wp:term":[{"taxonomy":"product_cat","embeddable":true,"href":"https:\/\/tavapy.gov.py\/biblioteca\/wp-json\/wp\/v2\/product_cat?post=7270"},{"taxonomy":"product_tag","embeddable":true,"href":"https:\/\/tavapy.gov.py\/biblioteca\/wp-json\/wp\/v2\/product_tag?post=7270"}],"curies":[{"name":"wp","href":"https:\/\/api.w.org\/{rel}","templated":true}]}}