{"id":7272,"date":"2023-02-28T00:22:13","date_gmt":"2023-02-28T00:22:13","guid":{"rendered":"https:\/\/tavapy.gov.py\/biblioteca\/?post_type=product&#038;p=7272"},"modified":"2023-02-28T00:22:13","modified_gmt":"2023-02-28T00:22:13","slug":"la-modularidad-de-la-mente-un-ensayo-sobre-la-psicologia-de-las-facultades","status":"publish","type":"product","link":"https:\/\/tavapy.gov.py\/biblioteca\/product\/la-modularidad-de-la-mente-un-ensayo-sobre-la-psicologia-de-las-facultades\/","title":{"rendered":"LA MODULARIDAD DE LA MENTE. UN ENSAYO SOBRE LA PSICOLOGIA DE LAS FACULTADES."},"content":{"rendered":"","protected":false},"excerpt":{"rendered":"<p>El tema obordado por Fodor en esta obra es fundamental en la psicolog\u00eda de la percepci\u00f3n, los procesos cognitivos y la acci\u00f3n. Es el problema m\u00e1s importante de cuantos se formula todo interesado por un estudio serio de la neurobiolog\u00eda del comportamiento.<\/p>\n<p>Este libro publicado en 1.983 constituye el primer estudio monogr\u00e1fico de importancia dedicado al examen de las diversas variantes de la psicolog\u00eda de las facultades.<\/p>\n<p><a href=\"https:\/\/tavapy.gov.py\/biblioteca\/wp-content\/uploads\/2023\/02\/FodorJ-la-modularidad-de-la-mente-un-ensayo-sobre-la-psicologia-de-las-facultades.pdf\" target=\"_blank\" rel=\"attachment noopener wp-att-7271\"><img loading=\"lazy\" decoding=\"async\" class=\"size-full wp-image-7271 alignleft\" src=\"https:\/\/tavapy.gov.py\/biblioteca\/wp-content\/uploads\/2023\/02\/icono-PDF-copia-2-3.png\" alt=\"\" width=\"121\" height=\"140\" \/><\/a><\/p>\n","protected":false},"featured_media":7233,"comment_status":"open","ping_status":"closed","template":"","meta":{"spay_email":""},"product_cat":[987],"product_tag":[],"class_list":{"0":"post-7272","1":"product","2":"type-product","3":"status-publish","4":"has-post-thumbnail","6":"book_author-jerry-fodor","7":"product_cat-psicologia-percepcion","8":"entry"},"_links":{"self":[{"href":"https:\/\/tavapy.gov.py\/biblioteca\/wp-json\/wp\/v2\/product\/7272","targetHints":{"allow":["GET"]}}],"collection":[{"href":"https:\/\/tavapy.gov.py\/biblioteca\/wp-json\/wp\/v2\/product"}],"about":[{"href":"https:\/\/tavapy.gov.py\/biblioteca\/wp-json\/wp\/v2\/types\/product"}],"replies":[{"embeddable":true,"href":"https:\/\/tavapy.gov.py\/biblioteca\/wp-json\/wp\/v2\/comments?post=7272"}],"wp:featuredmedia":[{"embeddable":true,"href":"https:\/\/tavapy.gov.py\/biblioteca\/wp-json\/wp\/v2\/media\/7233"}],"wp:attachment":[{"href":"https:\/\/tavapy.gov.py\/biblioteca\/wp-json\/wp\/v2\/media?parent=7272"}],"wp:term":[{"taxonomy":"product_cat","embeddable":true,"href":"https:\/\/tavapy.gov.py\/biblioteca\/wp-json\/wp\/v2\/product_cat?post=7272"},{"taxonomy":"product_tag","embeddable":true,"href":"https:\/\/tavapy.gov.py\/biblioteca\/wp-json\/wp\/v2\/product_tag?post=7272"}],"curies":[{"name":"wp","href":"https:\/\/api.w.org\/{rel}","templated":true}]}}