{"id":7274,"date":"2023-02-28T00:44:55","date_gmt":"2023-02-28T00:44:55","guid":{"rendered":"https:\/\/tavapy.gov.py\/biblioteca\/?post_type=product&#038;p=7274"},"modified":"2023-02-28T00:44:55","modified_gmt":"2023-02-28T00:44:55","slug":"prevencion-en-dificultades-del-desarrollo-y-del-aprendizaje","status":"publish","type":"product","link":"https:\/\/tavapy.gov.py\/biblioteca\/product\/prevencion-en-dificultades-del-desarrollo-y-del-aprendizaje\/","title":{"rendered":"PREVENCI\u00d3N EN DIFICULTADES DEL DESARROLLO Y DEL APRENDIZAJE."},"content":{"rendered":"","protected":false},"excerpt":{"rendered":"<p>Las dificultades del desarrollo surgen en el proceso de construcci\u00f3n de las personas y su mundo, por lo que la ayuda y actuaci\u00f3n preventiva son b\u00e1sicas para conseguir niveles de desarrollo \u00f3ptimos y satisfactorios. De ah\u00ed que una obra que aborde las cuestiones nucleares de las dificultades del desarrollo y del aprendizaje sea relevante y necesaria para los profesionales de la educaci\u00f3n y para las familias.<\/p>\n<p>En este libro publicado en el 2.014 se proporcionan claves para la optimizaci\u00f3n del desarrollo y los avances que se han producido en los \u00faltimos a\u00f1os en el campo de las dificultades del desarrollo de los primeros a\u00f1os, y de las que surgen en los aprendizajes espec\u00edficos despu\u00e9s. Se trata de avances cient\u00edficos y tecnol\u00f3gicos en las aplicaciones profesionales y en las pol\u00edticas educativas y de respuesta a estas dificultades, adem\u00e1s de los avances sociales.<\/p>\n<p>Es en este contexto en el que se sit\u00faa la presente obra, con un foco predominante en la prevenci\u00f3n y en la actuaci\u00f3n. En la primera parte se abordan las dificultades del desarrollo desde los enfoques integrales y las medidas educativas para afrontarlas, pasando por la ilustraci\u00f3n de programas integrales de estas caracter\u00edsticas como el TEACCH, para centrarse en las dificultades del desarrollo del lenguaje, la intervenci\u00f3n con los padres en el hogar para el fomento de la comunicaci\u00f3n y del lenguaje, las dificultades por problemas atencionales, de hiperactividad e impulsividad, o las dificultades en personas con d\u00e9ficits auditivos.<\/p>\n<p>En la segunda parte se analizan las dificultades del aprendizaje desde la conceptualizaci\u00f3n con un enfoque preventivo, las de lectura, las de comprensi\u00f3n lectora, las iniciales de escritura, las del c\u00e1lculo y las matem\u00e1ticas y las relacionadas con la convivencia y relaciones interpersonales, incluyendo el papel de la familia en este proceso optimizador del desarrollo y del aprendizaje de los alumnos.<\/p>\n<p><a href=\"https:\/\/tavapy.gov.py\/biblioteca\/wp-content\/uploads\/2023\/02\/Garcia-SanchezJ-Prevencion-en-dificultades-del-desarrollo-y-del-aprendizaje.pdf\" target=\"_blank\" rel=\"attachment noopener wp-att-7271\"><img loading=\"lazy\" decoding=\"async\" class=\"size-full wp-image-7271 alignleft\" src=\"https:\/\/tavapy.gov.py\/biblioteca\/wp-content\/uploads\/2023\/02\/icono-PDF-copia-2-3.png\" alt=\"\" width=\"121\" height=\"140\" \/><\/a><\/p>\n","protected":false},"featured_media":7239,"comment_status":"open","ping_status":"closed","template":"","meta":{"spay_email":""},"product_cat":[196],"product_tag":[],"class_list":{"0":"post-7274","1":"product","2":"type-product","3":"status-publish","4":"has-post-thumbnail","6":"book_author-jesus-nicasio-garcia-sanchez","7":"product_cat-psicologia-educacion","8":"entry"},"_links":{"self":[{"href":"https:\/\/tavapy.gov.py\/biblioteca\/wp-json\/wp\/v2\/product\/7274","targetHints":{"allow":["GET"]}}],"collection":[{"href":"https:\/\/tavapy.gov.py\/biblioteca\/wp-json\/wp\/v2\/product"}],"about":[{"href":"https:\/\/tavapy.gov.py\/biblioteca\/wp-json\/wp\/v2\/types\/product"}],"replies":[{"embeddable":true,"href":"https:\/\/tavapy.gov.py\/biblioteca\/wp-json\/wp\/v2\/comments?post=7274"}],"wp:featuredmedia":[{"embeddable":true,"href":"https:\/\/tavapy.gov.py\/biblioteca\/wp-json\/wp\/v2\/media\/7239"}],"wp:attachment":[{"href":"https:\/\/tavapy.gov.py\/biblioteca\/wp-json\/wp\/v2\/media?parent=7274"}],"wp:term":[{"taxonomy":"product_cat","embeddable":true,"href":"https:\/\/tavapy.gov.py\/biblioteca\/wp-json\/wp\/v2\/product_cat?post=7274"},{"taxonomy":"product_tag","embeddable":true,"href":"https:\/\/tavapy.gov.py\/biblioteca\/wp-json\/wp\/v2\/product_tag?post=7274"}],"curies":[{"name":"wp","href":"https:\/\/api.w.org\/{rel}","templated":true}]}}