{"id":7275,"date":"2023-02-28T01:51:40","date_gmt":"2023-02-28T01:51:40","guid":{"rendered":"https:\/\/tavapy.gov.py\/biblioteca\/?post_type=product&#038;p=7275"},"modified":"2023-02-28T01:55:31","modified_gmt":"2023-02-28T01:55:31","slug":"crear-hoy-la-escuela-del-manana-la-educacion-y-el-futuro-de-nues-tros-hijos","status":"publish","type":"product","link":"https:\/\/tavapy.gov.py\/biblioteca\/product\/crear-hoy-la-escuela-del-manana-la-educacion-y-el-futuro-de-nues-tros-hijos\/","title":{"rendered":"CREAR HOY LA ESCUELA DEL MA\u00d1ANA: LA EDUCACI\u00d3N Y EL FUTURO DE NUES TROS HIJOS."},"content":{"rendered":"","protected":false},"excerpt":{"rendered":"<p>Richard Gerver presenta su perspectiva sobre las fuerzas m\u00e1s amplias que contribuyen a moldear la educaci\u00f3n en estos primeros a\u00f1os del siglo XXI. Sobre este tel\u00f3n de fondo, describe exactamente c\u00f3mo el y su equipo transformaron una escuela en decadencia en Inglaterra, y vieron c\u00f3mo en unos pocos a\u00f1os evolucionaba desde el abandono y la desesperanza hasta alcanzar el \u00e9xito a nivel local y el aplauso internacional.<\/p>\n<p>Richard Gerver plantea en esta obra los aspectos fundamentales que contribuyen a moldear la educaci\u00f3n del siglo XXI. Y describe c\u00f3mo su equipo y el transformaron una escuela en decadencia hasta lograr que alcanzara \u00e9xito local y el aplauso internacional.<\/p>\n<p>Su transformador trabajo en la Escuela Primaria Grange constituye tambi\u00e9n un ejemplo alentador de c\u00f3mo funciona en la pr\u00e1ctica la personalizaci\u00f3n del aprendizaje: cada escuela es distinta y cada ni\u00f1o es especial. De ah\u00ed que no exista un modelo \u00fanico de este nuevo paradigma educativo que surta efecto en todas partes. La tarea de los educadores consiste en aplicar estos principios de forma creativa en sus propias comunidades.<\/p>\n<p>La obra Crear hoy la escuela del ma\u00f1ana: la educaci\u00f3n y el futuro de nuestros hijos fue publicada en el 2.010.<\/p>\n<p><a href=\"https:\/\/tavapy.gov.py\/biblioteca\/wp-content\/uploads\/2023\/02\/GeverR-Crear-hoy-la-escuela-del-manana.-La-educacion-y-el-futuro-de-nuestros-hijos.pdf\" target=\"_blank\" rel=\"attachment noopener wp-att-7271\"><img loading=\"lazy\" decoding=\"async\" class=\"size-full wp-image-7271 alignleft\" src=\"https:\/\/tavapy.gov.py\/biblioteca\/wp-content\/uploads\/2023\/02\/icono-PDF-copia-2-3.png\" alt=\"\" width=\"121\" height=\"140\" \/><\/a><\/p>\n","protected":false},"featured_media":7242,"comment_status":"open","ping_status":"closed","template":"","meta":{"spay_email":""},"product_cat":[962],"product_tag":[],"class_list":{"0":"post-7275","1":"product","2":"type-product","3":"status-publish","4":"has-post-thumbnail","6":"book_author-richard-gerver","7":"product_cat-pedagogia-historia-y-filosofia-de-la-educacion","8":"entry"},"_links":{"self":[{"href":"https:\/\/tavapy.gov.py\/biblioteca\/wp-json\/wp\/v2\/product\/7275","targetHints":{"allow":["GET"]}}],"collection":[{"href":"https:\/\/tavapy.gov.py\/biblioteca\/wp-json\/wp\/v2\/product"}],"about":[{"href":"https:\/\/tavapy.gov.py\/biblioteca\/wp-json\/wp\/v2\/types\/product"}],"replies":[{"embeddable":true,"href":"https:\/\/tavapy.gov.py\/biblioteca\/wp-json\/wp\/v2\/comments?post=7275"}],"wp:featuredmedia":[{"embeddable":true,"href":"https:\/\/tavapy.gov.py\/biblioteca\/wp-json\/wp\/v2\/media\/7242"}],"wp:attachment":[{"href":"https:\/\/tavapy.gov.py\/biblioteca\/wp-json\/wp\/v2\/media?parent=7275"}],"wp:term":[{"taxonomy":"product_cat","embeddable":true,"href":"https:\/\/tavapy.gov.py\/biblioteca\/wp-json\/wp\/v2\/product_cat?post=7275"},{"taxonomy":"product_tag","embeddable":true,"href":"https:\/\/tavapy.gov.py\/biblioteca\/wp-json\/wp\/v2\/product_tag?post=7275"}],"curies":[{"name":"wp","href":"https:\/\/api.w.org\/{rel}","templated":true}]}}