{"id":7277,"date":"2023-02-28T02:09:33","date_gmt":"2023-02-28T02:09:33","guid":{"rendered":"https:\/\/tavapy.gov.py\/biblioteca\/?post_type=product&#038;p=7277"},"modified":"2023-02-28T02:09:33","modified_gmt":"2023-02-28T02:09:33","slug":"el-profeta","status":"publish","type":"product","link":"https:\/\/tavapy.gov.py\/biblioteca\/product\/el-profeta\/","title":{"rendered":"EL PROFETA."},"content":{"rendered":"","protected":false},"excerpt":{"rendered":"<p>Pocos libros poseen al mismo tiempo una profundidad, una frescura y una poes\u00eda comparables a las de El Profeta, de Khalil Gibr\u00e1n.<\/p>\n<p>Al Mustaf\u00e1, el Elegido, el Bienamado, como las aguas tranquilas y en calma, como un espejo luminoso, refleja en sus discursos el Yo divino de los habitantes de Orfalese. Gibran, el poeta, el fil\u00f3sofo, brinda a sus lectores la oportunidad de encontrarse a s\u00ed mismos a trav\u00e9s de estas palabras sencillas y cargadas de veracidad.<\/p>\n<p>El hecho de que El profeta se haya convertido para muchos en libro de cabecera y que sus palabras entra\u00f1ables alcancen directamente el coraz\u00f3n de sus lectores ha permitido que se hayan editado millones de copias de este libro.<\/p>\n<p>La obra El profeta de Khalil Gibr\u00e1n fue publicada en 1.923.<\/p>\n<p><a href=\"https:\/\/tavapy.gov.py\/biblioteca\/wp-content\/uploads\/2023\/02\/GibranK-El-profeta.pdf\" target=\"_blank\" rel=\"attachment noopener wp-att-7271\"><img loading=\"lazy\" decoding=\"async\" class=\"size-full wp-image-7271 alignleft\" src=\"https:\/\/tavapy.gov.py\/biblioteca\/wp-content\/uploads\/2023\/02\/icono-PDF-copia-2-3.png\" alt=\"\" width=\"121\" height=\"140\" \/><\/a><\/p>\n","protected":false},"featured_media":7248,"comment_status":"open","ping_status":"closed","template":"","meta":{"spay_email":""},"product_cat":[992],"product_tag":[],"class_list":{"0":"post-7277","1":"product","2":"type-product","3":"status-publish","4":"has-post-thumbnail","6":"book_author-khalil-gibran","7":"product_cat-autoayuda-novela-espiritualidad","8":"entry"},"_links":{"self":[{"href":"https:\/\/tavapy.gov.py\/biblioteca\/wp-json\/wp\/v2\/product\/7277","targetHints":{"allow":["GET"]}}],"collection":[{"href":"https:\/\/tavapy.gov.py\/biblioteca\/wp-json\/wp\/v2\/product"}],"about":[{"href":"https:\/\/tavapy.gov.py\/biblioteca\/wp-json\/wp\/v2\/types\/product"}],"replies":[{"embeddable":true,"href":"https:\/\/tavapy.gov.py\/biblioteca\/wp-json\/wp\/v2\/comments?post=7277"}],"wp:featuredmedia":[{"embeddable":true,"href":"https:\/\/tavapy.gov.py\/biblioteca\/wp-json\/wp\/v2\/media\/7248"}],"wp:attachment":[{"href":"https:\/\/tavapy.gov.py\/biblioteca\/wp-json\/wp\/v2\/media?parent=7277"}],"wp:term":[{"taxonomy":"product_cat","embeddable":true,"href":"https:\/\/tavapy.gov.py\/biblioteca\/wp-json\/wp\/v2\/product_cat?post=7277"},{"taxonomy":"product_tag","embeddable":true,"href":"https:\/\/tavapy.gov.py\/biblioteca\/wp-json\/wp\/v2\/product_tag?post=7277"}],"curies":[{"name":"wp","href":"https:\/\/api.w.org\/{rel}","templated":true}]}}