{"id":7278,"date":"2023-02-28T02:18:56","date_gmt":"2023-02-28T02:18:56","guid":{"rendered":"https:\/\/tavapy.gov.py\/biblioteca\/?post_type=product&#038;p=7278"},"modified":"2023-02-28T02:18:57","modified_gmt":"2023-02-28T02:18:57","slug":"david-y-goliat-desvalidos-inadaptados-y-el-arte-de-luchar-contra-gigantes","status":"publish","type":"product","link":"https:\/\/tavapy.gov.py\/biblioteca\/product\/david-y-goliat-desvalidos-inadaptados-y-el-arte-de-luchar-contra-gigantes\/","title":{"rendered":"DAVID Y GOLIAT: DESVALIDOS, INADAPTADOS Y EL ARTE DE LUCHAR CONTRA GIGANTES."},"content":{"rendered":"","protected":false},"excerpt":{"rendered":"<p>\u00bfEstamos seguros de que el poderoso siempre lleva las de ganar? Un libro magn\u00edficamente escrito sobre las poderosas ventajas de lo poco convencional.<\/p>\n<p>Hace 3.000 a\u00f1os, en un campo de batalla de la antigua Palestina, un pastor derrib\u00f3 a un poderoso guerrero vali\u00e9ndose \u00fanicamente de una piedra y una honda. Desde entonces los nombres de David y Goliat se han convertido en el s\u00edmbolo de la lucha entre el desvalido y el gigante. La victoria de David fue inveros\u00edmil y milagrosa. No deber\u00eda haber ganado. \u00bfO s\u00ed?<\/p>\n<p>En David y Goliat, obra publicada en el 2.013, Malcolm Gladwell cuestiona el modo en el que pensamos sobre obst\u00e1culos y desventajas, ofreciendo una nueva interpretaci\u00f3n de lo que significa ser discriminado, vivir con una discapacidad, perder a un padre, tener que ir a una universidad mediocre o sufrir cualquier otro tipo de desgracia.<\/p>\n<p>Gladwell parte de la historia real de lo que sucedi\u00f3 hace siglos entre el gigante y el pastor. Desde ah\u00ed, David y Goliat analiza el conflicto de Irlanda del Norte, la mente de los investigadores del c\u00e1ncer y la de los l\u00edderes de los derechos civiles, el alto precio de la venganza y la din\u00e1mica de las clases que obtienen buenos resultados, y de las que no, para demostrar cu\u00e1nto de lo que hay de bello y de importante en el mundo se origina en el sufrimiento y en la adversidad.<\/p>\n<p>En la tradici\u00f3n de sus anteriores best sellers -Inteligencia intuitiva, La clave del \u00e9xito, Fueras de serie y Lo que vio el perro-, Gladwell recurre a la historia, a la psicolog\u00eda, a la ciencia y a su maestr\u00eda como narrador para dar nueva forma al modo en que concebimos el mundo que nos rodea.<\/p>\n<p><a href=\"https:\/\/tavapy.gov.py\/biblioteca\/wp-content\/uploads\/2023\/02\/GladwellM-David-Y-Goliat.pdf\" target=\"_blank\" rel=\"attachment noopener wp-att-7271\"><img loading=\"lazy\" decoding=\"async\" class=\"size-full wp-image-7271 alignleft\" src=\"https:\/\/tavapy.gov.py\/biblioteca\/wp-content\/uploads\/2023\/02\/icono-PDF-copia-2-3.png\" alt=\"\" width=\"121\" height=\"140\" \/><\/a><\/p>\n","protected":false},"featured_media":7250,"comment_status":"open","ping_status":"closed","template":"","meta":{"spay_email":""},"product_cat":[994],"product_tag":[],"class_list":{"0":"post-7278","1":"product","2":"type-product","3":"status-publish","4":"has-post-thumbnail","6":"book_author-malcolm-gladwell","7":"product_cat-autoayuda-crecimiento-personal-espiritualidad","8":"entry"},"_links":{"self":[{"href":"https:\/\/tavapy.gov.py\/biblioteca\/wp-json\/wp\/v2\/product\/7278","targetHints":{"allow":["GET"]}}],"collection":[{"href":"https:\/\/tavapy.gov.py\/biblioteca\/wp-json\/wp\/v2\/product"}],"about":[{"href":"https:\/\/tavapy.gov.py\/biblioteca\/wp-json\/wp\/v2\/types\/product"}],"replies":[{"embeddable":true,"href":"https:\/\/tavapy.gov.py\/biblioteca\/wp-json\/wp\/v2\/comments?post=7278"}],"wp:featuredmedia":[{"embeddable":true,"href":"https:\/\/tavapy.gov.py\/biblioteca\/wp-json\/wp\/v2\/media\/7250"}],"wp:attachment":[{"href":"https:\/\/tavapy.gov.py\/biblioteca\/wp-json\/wp\/v2\/media?parent=7278"}],"wp:term":[{"taxonomy":"product_cat","embeddable":true,"href":"https:\/\/tavapy.gov.py\/biblioteca\/wp-json\/wp\/v2\/product_cat?post=7278"},{"taxonomy":"product_tag","embeddable":true,"href":"https:\/\/tavapy.gov.py\/biblioteca\/wp-json\/wp\/v2\/product_tag?post=7278"}],"curies":[{"name":"wp","href":"https:\/\/api.w.org\/{rel}","templated":true}]}}