{"id":7281,"date":"2023-02-28T03:14:22","date_gmt":"2023-02-28T03:14:22","guid":{"rendered":"https:\/\/tavapy.gov.py\/biblioteca\/?post_type=product&#038;p=7281"},"modified":"2023-02-28T03:14:22","modified_gmt":"2023-02-28T03:14:22","slug":"hablar-con-extranos-por-que-es-crucial-y-tan-dificil-leer-las-interacciones-de-los-desconocidos","status":"publish","type":"product","link":"https:\/\/tavapy.gov.py\/biblioteca\/product\/hablar-con-extranos-por-que-es-crucial-y-tan-dificil-leer-las-interacciones-de-los-desconocidos\/","title":{"rendered":"HABLAR CON EXTRA\u00d1OS: POR QU\u00c9 ES CRUCIAL (Y TAN DIF\u00cdCIL) LEER LAS INTERACCIONES DE LOS DESCONOCIDOS."},"content":{"rendered":"","protected":false},"excerpt":{"rendered":"<p>\u00abSi puedo convencerte de una \u00fanica cosa con este libro, que sea esta: los desconocidos no son simples\u00bb.<\/p>\n<p>\u00bfC\u00f3mo pudo un esp\u00eda pasar a\u00f1os sin ser detectado en los m\u00e1s altos niveles del Pent\u00e1gono? \u00bfQu\u00e9 llev\u00f3 a Neville Chamberlain a creer que pod\u00eda confiar en Adolf Hitler? \u00bfQu\u00e9 tienen en com\u00fan esos casos con el enga\u00f1o de Bernie Madoff, el juicio de Amanda Knox, el suicidio de Sylvia Plath o la comedia de televisi\u00f3n Friends? Cuando interactuamos con desconocidos, a menudo las cosas no salen bien, en parte porque creemos adivinar las intenciones de los dem\u00e1s bas\u00e1ndonos en pistas terriblemente endebles.<\/p>\n<p>En Hablar con extra\u00f1os, obra publicada en el 2.019, Malcolm Gladwell, el autor que ha conquistado a una legi\u00f3n de admiradores con su particular manera de ver el mundo, entrevista a toda una serie de personas brillantes, ofrece un arsenal de ejemplos divertidos, contraintuitivos y convincentes, extrae de ellos ideas poderosas y las condimenta con abundantes datos inolvidables. Al mostrarnos por qu\u00e9 se nos da tan mal leer entre l\u00edneas, revela las claves para lidiar mejor con los desconocidos en nuestra vida.<\/p>\n<p>En este nuevo viaje a lo inesperado, Gladwell nos ofrece nuevos y valiosos descubrimientos sobre nosotros mismos, pasados por el prisma de la historia, la psicolog\u00eda y la sociolog\u00eda.<\/p>\n<p><a href=\"https:\/\/tavapy.gov.py\/biblioteca\/wp-content\/uploads\/2023\/02\/GladwellM-Hablar-con-extranos.pdf\" target=\"_blank\" rel=\"attachment noopener wp-att-7271\"><img loading=\"lazy\" decoding=\"async\" class=\"size-full wp-image-7271 alignleft\" src=\"https:\/\/tavapy.gov.py\/biblioteca\/wp-content\/uploads\/2023\/02\/icono-PDF-copia-2-3.png\" alt=\"\" width=\"121\" height=\"140\" \/><\/a><\/p>\n","protected":false},"featured_media":7257,"comment_status":"open","ping_status":"closed","template":"","meta":{"spay_email":""},"product_cat":[952],"product_tag":[],"class_list":{"0":"post-7281","1":"product","2":"type-product","3":"status-publish","4":"has-post-thumbnail","6":"book_author-malcolm-gladwell","7":"product_cat-psicologia-social-pedagogia","8":"entry"},"_links":{"self":[{"href":"https:\/\/tavapy.gov.py\/biblioteca\/wp-json\/wp\/v2\/product\/7281","targetHints":{"allow":["GET"]}}],"collection":[{"href":"https:\/\/tavapy.gov.py\/biblioteca\/wp-json\/wp\/v2\/product"}],"about":[{"href":"https:\/\/tavapy.gov.py\/biblioteca\/wp-json\/wp\/v2\/types\/product"}],"replies":[{"embeddable":true,"href":"https:\/\/tavapy.gov.py\/biblioteca\/wp-json\/wp\/v2\/comments?post=7281"}],"wp:featuredmedia":[{"embeddable":true,"href":"https:\/\/tavapy.gov.py\/biblioteca\/wp-json\/wp\/v2\/media\/7257"}],"wp:attachment":[{"href":"https:\/\/tavapy.gov.py\/biblioteca\/wp-json\/wp\/v2\/media?parent=7281"}],"wp:term":[{"taxonomy":"product_cat","embeddable":true,"href":"https:\/\/tavapy.gov.py\/biblioteca\/wp-json\/wp\/v2\/product_cat?post=7281"},{"taxonomy":"product_tag","embeddable":true,"href":"https:\/\/tavapy.gov.py\/biblioteca\/wp-json\/wp\/v2\/product_tag?post=7281"}],"curies":[{"name":"wp","href":"https:\/\/api.w.org\/{rel}","templated":true}]}}