{"id":7282,"date":"2023-02-28T03:23:26","date_gmt":"2023-02-28T03:23:26","guid":{"rendered":"https:\/\/tavapy.gov.py\/biblioteca\/?post_type=product&#038;p=7282"},"modified":"2023-02-28T03:23:26","modified_gmt":"2023-02-28T03:23:26","slug":"las-dificultades-de-aprendizaje-en-el-aula","status":"publish","type":"product","link":"https:\/\/tavapy.gov.py\/biblioteca\/product\/las-dificultades-de-aprendizaje-en-el-aula\/","title":{"rendered":"LAS DIFICULTADES DE APRENDIZAJE EN EL AULA."},"content":{"rendered":"","protected":false},"excerpt":{"rendered":"<p>\u00bfQu\u00e9 entendemos por necesidades educativas especiales? \u00bfcu\u00e1ndo decimos que un alumno presenta dificultades de aprendizaje? \u00bfqui\u00e9n debe atender a estos alumnos? \u00bfde qu\u00e9 recursos reales disponemos para ello? \u00bfc\u00f3mo podemos organizarlos de manera efectiva dentro y fuera del aula? \u00bfc\u00f3mo adaptar las actividades del d\u00eda a d\u00eda de forma eficaz? \u00bfen qu\u00e9 consiste una adaptaci\u00f3n curricular individualizada?&#8230;<\/p>\n<p>\u00c9stas son algunas de las cuestiones a las que responde de manera clara y amena esta obra publicada en el 2.002. A partir de un ejemplo concreto, el caso de Juan, un alumno con dificultades de aprendizaje, el autor presenta la atenci\u00f3n a la diversidad y ofrece criterios claros, acompa\u00f1ados de ejemplos, para guiar nuestras pr\u00e1cticas educativas.<\/p>\n<p><a href=\"https:\/\/tavapy.gov.py\/biblioteca\/wp-content\/uploads\/2023\/02\/Gonzalez-ManjonD-Las-Dificultades-de-Aprendizaje-en-el-aula.pdf\" target=\"_blank\" rel=\"attachment noopener wp-att-7271\"><img loading=\"lazy\" decoding=\"async\" class=\"size-full wp-image-7271 alignleft\" src=\"https:\/\/tavapy.gov.py\/biblioteca\/wp-content\/uploads\/2023\/02\/icono-PDF-copia-2-3.png\" alt=\"\" width=\"121\" height=\"140\" \/><\/a><\/p>\n","protected":false},"featured_media":7259,"comment_status":"open","ping_status":"closed","template":"","meta":{"spay_email":""},"product_cat":[872],"product_tag":[],"class_list":{"0":"post-7282","1":"product","2":"type-product","3":"status-publish","4":"has-post-thumbnail","6":"book_author-daniel-gonzalez-manjon","7":"product_cat-psicologia-pedagogia-filosofia","8":"entry"},"_links":{"self":[{"href":"https:\/\/tavapy.gov.py\/biblioteca\/wp-json\/wp\/v2\/product\/7282","targetHints":{"allow":["GET"]}}],"collection":[{"href":"https:\/\/tavapy.gov.py\/biblioteca\/wp-json\/wp\/v2\/product"}],"about":[{"href":"https:\/\/tavapy.gov.py\/biblioteca\/wp-json\/wp\/v2\/types\/product"}],"replies":[{"embeddable":true,"href":"https:\/\/tavapy.gov.py\/biblioteca\/wp-json\/wp\/v2\/comments?post=7282"}],"wp:featuredmedia":[{"embeddable":true,"href":"https:\/\/tavapy.gov.py\/biblioteca\/wp-json\/wp\/v2\/media\/7259"}],"wp:attachment":[{"href":"https:\/\/tavapy.gov.py\/biblioteca\/wp-json\/wp\/v2\/media?parent=7282"}],"wp:term":[{"taxonomy":"product_cat","embeddable":true,"href":"https:\/\/tavapy.gov.py\/biblioteca\/wp-json\/wp\/v2\/product_cat?post=7282"},{"taxonomy":"product_tag","embeddable":true,"href":"https:\/\/tavapy.gov.py\/biblioteca\/wp-json\/wp\/v2\/product_tag?post=7282"}],"curies":[{"name":"wp","href":"https:\/\/api.w.org\/{rel}","templated":true}]}}