{"id":7290,"date":"2023-02-28T03:33:14","date_gmt":"2023-02-28T03:33:14","guid":{"rendered":"https:\/\/tavapy.gov.py\/biblioteca\/?post_type=product&#038;p=7290"},"modified":"2023-02-28T03:33:15","modified_gmt":"2023-02-28T03:33:15","slug":"prevencion-de-las-dificultades-de-aprendizaje","status":"publish","type":"product","link":"https:\/\/tavapy.gov.py\/biblioteca\/product\/prevencion-de-las-dificultades-de-aprendizaje\/","title":{"rendered":"PREVENCI\u00d3N DE LAS DIFICULTADES DE APRENDIZAJE."},"content":{"rendered":"","protected":false},"excerpt":{"rendered":"<p>En esta obra se ofrece una revisi\u00f3n de la conceptualizaci\u00f3n, clasificaci\u00f3n, explicaci\u00f3n y predicci\u00f3n de las dificultades de aprendizaje a lo largo de la evoluci\u00f3n hist\u00f3rica y desde la investigaci\u00f3n en distintas \u00e1reas de estudio. Para apoyar los fundamentos de estos estudios se explican las caracter\u00edsticas, los objetivos y los componentes instruccionales principales de algunos programas que se han desarrollado en la \u00faltima d\u00e9cada para la prevenci\u00f3n de las dificultades de aprendizaje en lectoescritura, as\u00ed como los resultados obtenidos tras sus aplicaciones.<\/p>\n<p>El libro publicado en el 2.012 es un instrumento de trabajo para aquellos profesionales de la Psicolog\u00eda y la Educaci\u00f3n que tienen que atender a alumnos con dificultades de aprendizaje, y al mismo tiempo es una referencia para los alumnos universitarios de estas \u00e1reas de estudio que en un futuro, no muy lejano, tendr\u00e1n que asumir la labor psicoeducativa en las escuelas.<\/p>\n<p>En definitiva, este manual constituye un veh\u00edculo para actuales y futuros profesionales del \u00e1mbito psicoeducativo en cuanto a la reflexi\u00f3n de lo que son las dificultades de aprendizaje, por qu\u00e9 surgen, c\u00f3mo podr\u00edan predecirse y c\u00f3mo se podr\u00edan prevenir desde la intervenci\u00f3n temprana y a trav\u00e9s del curr\u00edculum escolar.<\/p>\n<p><a href=\"https:\/\/tavapy.gov.py\/biblioteca\/wp-content\/uploads\/2023\/02\/Gonzalez-ValenzuelaM-Prevencion-de-las-dificultades-del-aprendizaje.pdf\" target=\"_blank\" rel=\"attachment noopener wp-att-7271\"><img loading=\"lazy\" decoding=\"async\" class=\"size-full wp-image-7271 alignleft\" src=\"https:\/\/tavapy.gov.py\/biblioteca\/wp-content\/uploads\/2023\/02\/icono-PDF-copia-2-3.png\" alt=\"\" width=\"121\" height=\"140\" \/><\/a><\/p>\n","protected":false},"featured_media":7261,"comment_status":"open","ping_status":"closed","template":"","meta":{"spay_email":""},"product_cat":[196],"product_tag":[],"class_list":{"0":"post-7290","1":"product","2":"type-product","3":"status-publish","4":"has-post-thumbnail","6":"book_author-maria-jose-gonzalez-valenzuela","7":"product_cat-psicologia-educacion","8":"entry"},"_links":{"self":[{"href":"https:\/\/tavapy.gov.py\/biblioteca\/wp-json\/wp\/v2\/product\/7290","targetHints":{"allow":["GET"]}}],"collection":[{"href":"https:\/\/tavapy.gov.py\/biblioteca\/wp-json\/wp\/v2\/product"}],"about":[{"href":"https:\/\/tavapy.gov.py\/biblioteca\/wp-json\/wp\/v2\/types\/product"}],"replies":[{"embeddable":true,"href":"https:\/\/tavapy.gov.py\/biblioteca\/wp-json\/wp\/v2\/comments?post=7290"}],"wp:featuredmedia":[{"embeddable":true,"href":"https:\/\/tavapy.gov.py\/biblioteca\/wp-json\/wp\/v2\/media\/7261"}],"wp:attachment":[{"href":"https:\/\/tavapy.gov.py\/biblioteca\/wp-json\/wp\/v2\/media?parent=7290"}],"wp:term":[{"taxonomy":"product_cat","embeddable":true,"href":"https:\/\/tavapy.gov.py\/biblioteca\/wp-json\/wp\/v2\/product_cat?post=7290"},{"taxonomy":"product_tag","embeddable":true,"href":"https:\/\/tavapy.gov.py\/biblioteca\/wp-json\/wp\/v2\/product_tag?post=7290"}],"curies":[{"name":"wp","href":"https:\/\/api.w.org\/{rel}","templated":true}]}}