{"id":7295,"date":"2023-02-28T16:15:29","date_gmt":"2023-02-28T16:15:29","guid":{"rendered":"https:\/\/tavapy.gov.py\/biblioteca\/?post_type=product&#038;p=7295"},"modified":"2023-02-28T16:15:30","modified_gmt":"2023-02-28T16:15:30","slug":"neuroproceso-de-la-ensenanza-y-del-aprendizaje","status":"publish","type":"product","link":"https:\/\/tavapy.gov.py\/biblioteca\/product\/neuroproceso-de-la-ensenanza-y-del-aprendizaje\/","title":{"rendered":"NEUROPROCESO DE LA ENSE\u00d1ANZA Y DEL APRENDIZAJE."},"content":{"rendered":"","protected":false},"excerpt":{"rendered":"<p>La educaci\u00f3n en la mayor\u00eda de los pa\u00edses en desarrollo pasa por una profunda crisis, cuyo principal indicador es el severo deterioro de la calidad y de la equidad educativa, lo que se expresa en los niveles de aprendizaje, en los altos \u00edndices de desempleo y subempleo, y en la exclusi\u00f3n del servicio educativo de amplios sectores.<\/p>\n<p>Por otro lado, la mayor\u00eda de docentes, al no comprender la funci\u00f3n de las diversas estructuras corticales y subcorticales que subyacen en la integraci\u00f3n de la percepci\u00f3n, el lenguaje, la memoria, la funci\u00f3n visuoespacial, la praxis, la atenci\u00f3n, la funci\u00f3n ejecutiva y la toma de decisiones, su labor educadora en el aula no puede ser la mejor; al no ser capaz de asesorarlos adecuadamente ni de facilitarles un aprendizaje significativo, personalizado y no memor\u00edstico.<\/p>\n<p>La obra Neuroproceso de la ense\u00f1anza y del aprendizaje fue publicada en el 2.017.<\/p>\n<p><a href=\"https:\/\/tavapy.gov.py\/biblioteca\/wp-content\/uploads\/2023\/02\/Hernan-IzaguirreM-Neuroproceso-de-la-ensenanza-y-del-aprendizaje.pdf\" target=\"_blank\" rel=\"attachment noopener wp-att-7271\"><img loading=\"lazy\" decoding=\"async\" class=\"size-full wp-image-7271 alignleft\" src=\"https:\/\/tavapy.gov.py\/biblioteca\/wp-content\/uploads\/2023\/02\/icono-PDF-copia-2-3.png\" alt=\"\" width=\"121\" height=\"140\" \/><\/a><\/p>\n","protected":false},"featured_media":7267,"comment_status":"open","ping_status":"closed","template":"","meta":{"spay_email":""},"product_cat":[373],"product_tag":[],"class_list":{"0":"post-7295","1":"product","2":"type-product","3":"status-publish","4":"has-post-thumbnail","6":"book_author-manuel-izaguirre","7":"product_cat-neurociencia-educacion","8":"entry"},"_links":{"self":[{"href":"https:\/\/tavapy.gov.py\/biblioteca\/wp-json\/wp\/v2\/product\/7295","targetHints":{"allow":["GET"]}}],"collection":[{"href":"https:\/\/tavapy.gov.py\/biblioteca\/wp-json\/wp\/v2\/product"}],"about":[{"href":"https:\/\/tavapy.gov.py\/biblioteca\/wp-json\/wp\/v2\/types\/product"}],"replies":[{"embeddable":true,"href":"https:\/\/tavapy.gov.py\/biblioteca\/wp-json\/wp\/v2\/comments?post=7295"}],"wp:featuredmedia":[{"embeddable":true,"href":"https:\/\/tavapy.gov.py\/biblioteca\/wp-json\/wp\/v2\/media\/7267"}],"wp:attachment":[{"href":"https:\/\/tavapy.gov.py\/biblioteca\/wp-json\/wp\/v2\/media?parent=7295"}],"wp:term":[{"taxonomy":"product_cat","embeddable":true,"href":"https:\/\/tavapy.gov.py\/biblioteca\/wp-json\/wp\/v2\/product_cat?post=7295"},{"taxonomy":"product_tag","embeddable":true,"href":"https:\/\/tavapy.gov.py\/biblioteca\/wp-json\/wp\/v2\/product_tag?post=7295"}],"curies":[{"name":"wp","href":"https:\/\/api.w.org\/{rel}","templated":true}]}}