{"id":7359,"date":"2023-03-02T03:02:03","date_gmt":"2023-03-02T03:02:03","guid":{"rendered":"https:\/\/tavapy.gov.py\/biblioteca\/?post_type=product&#038;p=7359"},"modified":"2023-03-02T03:02:04","modified_gmt":"2023-03-02T03:02:04","slug":"dificultades-especificas-de-aprendizaje-y-otros-trastornos-guia-basica-para-docentes","status":"publish","type":"product","link":"https:\/\/tavapy.gov.py\/biblioteca\/product\/dificultades-especificas-de-aprendizaje-y-otros-trastornos-guia-basica-para-docentes\/","title":{"rendered":"DIFICULTADES ESPEC\u00cdFICAS DE APRENDIZAJE Y OTROS TRASTORNOS: GU\u00cdA B\u00c1SICA PARA DOCENTES."},"content":{"rendered":"","protected":false},"excerpt":{"rendered":"<p>\u00bfPuede cualquier profesional de la educaci\u00f3n ayudar a los alumnos con DEA a desarrollar su m\u00e1ximo potencial en las aulas?<\/p>\n<p>Este libro publicado en el 2.017, contiene informaci\u00f3n directa, accesible y pr\u00e1ctica que, profesores, monitores, auxiliares t\u00e9cnicos educativos y familias pueden utilizar para reconocer y entender cu\u00e1les son los s\u00edntomas relacionados con las dificultades de aprendizaje m\u00e1s comunes: dislexia, discalculia, disgraf\u00eda, dispraxia, TDAH, TEA, TOC, junto a estrategias y pautas de actuaci\u00f3n relacionadas con estos alumnos.<\/p>\n<p>Ofrece una visi\u00f3n de las debilidades y fortalezas asociadas a cada una de estas dificultades, subrayando la importancia de trabajar desde la perspectiva de las fortalezas, contribuyendo as\u00ed al desarrollo pleno de estos alumnos. Centrarse en el esfuerzo de su aprendizaje y no en los resultados acad\u00e9micos obtenidos, llevar\u00e1 a una mejora de su autoestima.<\/p>\n<p>El aprendizaje de estrategias que ayuden a compensar sus dificultades, les capacitar\u00e1 para desarrollar al m\u00e1ximo sus habilidades y aptitudes. La obra recoge tambi\u00e9n sugerencias pr\u00e1cticas para que los educadores modifiquen los m\u00e9todos de ense\u00f1anza y los materiales did\u00e1cticos utilizados, con el fin de facilitar a estos alumnos y alumnas la resoluci\u00f3n de sus problemas y conseguir para ellos un aprendizaje m\u00e1s agradable, eficaz y accesible.<\/p>\n<p>Los cap\u00edtulos finales les ayudar\u00e1n a mejorar sus habilidades organizativas y les facilitar\u00e1n t\u00e9cnicas para superar con \u00e9xito las pruebas de evaluaci\u00f3n.<\/p>\n<p><a href=\"https:\/\/tavapy.gov.py\/biblioteca\/wp-content\/uploads\/2023\/03\/HudsonD-Dificultades-especificas-de-aprendizaje-y-otros-trastornos.pdf\" target=\"_blank\" rel=\"attachment noopener wp-att-7271\"><img loading=\"lazy\" decoding=\"async\" class=\"size-full wp-image-7271 alignleft\" src=\"https:\/\/tavapy.gov.py\/biblioteca\/wp-content\/uploads\/2023\/02\/icono-PDF-copia-2-3.png\" alt=\"\" width=\"121\" height=\"140\" \/><\/a><\/p>\n","protected":false},"featured_media":7311,"comment_status":"open","ping_status":"closed","template":"","meta":{"spay_email":""},"product_cat":[1001],"product_tag":[],"class_list":{"0":"post-7359","1":"product","2":"type-product","3":"status-publish","4":"has-post-thumbnail","6":"book_author-diana-hudson","7":"product_cat-pedagogia-educacion-especial","8":"entry"},"_links":{"self":[{"href":"https:\/\/tavapy.gov.py\/biblioteca\/wp-json\/wp\/v2\/product\/7359","targetHints":{"allow":["GET"]}}],"collection":[{"href":"https:\/\/tavapy.gov.py\/biblioteca\/wp-json\/wp\/v2\/product"}],"about":[{"href":"https:\/\/tavapy.gov.py\/biblioteca\/wp-json\/wp\/v2\/types\/product"}],"replies":[{"embeddable":true,"href":"https:\/\/tavapy.gov.py\/biblioteca\/wp-json\/wp\/v2\/comments?post=7359"}],"wp:featuredmedia":[{"embeddable":true,"href":"https:\/\/tavapy.gov.py\/biblioteca\/wp-json\/wp\/v2\/media\/7311"}],"wp:attachment":[{"href":"https:\/\/tavapy.gov.py\/biblioteca\/wp-json\/wp\/v2\/media?parent=7359"}],"wp:term":[{"taxonomy":"product_cat","embeddable":true,"href":"https:\/\/tavapy.gov.py\/biblioteca\/wp-json\/wp\/v2\/product_cat?post=7359"},{"taxonomy":"product_tag","embeddable":true,"href":"https:\/\/tavapy.gov.py\/biblioteca\/wp-json\/wp\/v2\/product_tag?post=7359"}],"curies":[{"name":"wp","href":"https:\/\/api.w.org\/{rel}","templated":true}]}}