{"id":7360,"date":"2023-03-02T03:14:31","date_gmt":"2023-03-02T03:14:31","guid":{"rendered":"https:\/\/tavapy.gov.py\/biblioteca\/?post_type=product&#038;p=7360"},"modified":"2023-03-02T03:14:32","modified_gmt":"2023-03-02T03:14:32","slug":"como-estudiar-con-exito-una-guia-para-potenciar-el-exito-del-estudiante","status":"publish","type":"product","link":"https:\/\/tavapy.gov.py\/biblioteca\/product\/como-estudiar-con-exito-una-guia-para-potenciar-el-exito-del-estudiante\/","title":{"rendered":"C\u00d3MO ESTUDIAR CON \u00c9XITO: UNA GU\u00cdA PARA POTENCIAR EL \u00c9XITO DEL ESTUDIANTE."},"content":{"rendered":"","protected":false},"excerpt":{"rendered":"<p>Las claves para que estudiantes de todos los niveles aprovechen al m\u00e1ximo y superen con \u00e9xito el reto de su formaci\u00f3n.<\/p>\n<p>El psic\u00f3logo y pedagogo Bernab\u00e9 Tierno nos brinda los m\u00e9todos m\u00e1s eficaces para desarrollar nuestras aptitudes y adquirir los h\u00e1bitos de estudio m\u00e1s eficientes. Con esta finalidad, expone las t\u00e9cnicas para obtener el mayor rendimiento de la memoria, la importancia del entorno y de la organizaci\u00f3n para lograr un nivel \u00f3ptimo de concentraci\u00f3n, o el valor de fortalecer la autoestima y la motivaci\u00f3n del estudiante.<\/p>\n<p>Tambi\u00e9n ofrece las claves para perfeccionar la capacidad de s\u00edntesis, la utilidad de saber confeccionar esquemas y diagramas o los aspectos a tener en cuenta a la hora de enfrentarse a los ex\u00e1menes.<\/p>\n<p>Esta obra publicada en 1.988 es de consulta imprescindible para estudiantes, pero tambi\u00e9n una extraordinaria herramienta para padres y profesores que deseen allanar el camino de los que est\u00e1n atravesando esa etapa crucial de nuestra vida que es el aprendizaje.<\/p>\n<p>Una obra fundamental para quienes atraviesan con dificultad esa etapa crucial de nuestra vida que es el aprendizaje.<\/p>\n<p><a href=\"https:\/\/tavapy.gov.py\/biblioteca\/wp-content\/uploads\/2023\/03\/JimenezB-Como-estudiar-con-exito.pdf\" target=\"_blank\" rel=\"attachment noopener wp-att-7271\"><img loading=\"lazy\" decoding=\"async\" class=\"size-full wp-image-7271 alignleft\" src=\"https:\/\/tavapy.gov.py\/biblioteca\/wp-content\/uploads\/2023\/02\/icono-PDF-copia-2-3.png\" alt=\"\" width=\"121\" height=\"140\" \/><\/a><\/p>\n","protected":false},"featured_media":7314,"comment_status":"open","ping_status":"closed","template":"","meta":{"spay_email":""},"product_cat":[1003],"product_tag":[],"class_list":{"0":"post-7360","1":"product","2":"type-product","3":"status-publish","4":"has-post-thumbnail","6":"book_author-bernabe-tierno-jimenez","7":"product_cat-psicologia-y-pedagogia-tecnicas-de-estudio","8":"entry"},"_links":{"self":[{"href":"https:\/\/tavapy.gov.py\/biblioteca\/wp-json\/wp\/v2\/product\/7360","targetHints":{"allow":["GET"]}}],"collection":[{"href":"https:\/\/tavapy.gov.py\/biblioteca\/wp-json\/wp\/v2\/product"}],"about":[{"href":"https:\/\/tavapy.gov.py\/biblioteca\/wp-json\/wp\/v2\/types\/product"}],"replies":[{"embeddable":true,"href":"https:\/\/tavapy.gov.py\/biblioteca\/wp-json\/wp\/v2\/comments?post=7360"}],"wp:featuredmedia":[{"embeddable":true,"href":"https:\/\/tavapy.gov.py\/biblioteca\/wp-json\/wp\/v2\/media\/7314"}],"wp:attachment":[{"href":"https:\/\/tavapy.gov.py\/biblioteca\/wp-json\/wp\/v2\/media?parent=7360"}],"wp:term":[{"taxonomy":"product_cat","embeddable":true,"href":"https:\/\/tavapy.gov.py\/biblioteca\/wp-json\/wp\/v2\/product_cat?post=7360"},{"taxonomy":"product_tag","embeddable":true,"href":"https:\/\/tavapy.gov.py\/biblioteca\/wp-json\/wp\/v2\/product_tag?post=7360"}],"curies":[{"name":"wp","href":"https:\/\/api.w.org\/{rel}","templated":true}]}}