{"id":7361,"date":"2023-03-02T03:24:55","date_gmt":"2023-03-02T03:24:55","guid":{"rendered":"https:\/\/tavapy.gov.py\/biblioteca\/?post_type=product&#038;p=7361"},"modified":"2023-03-02T03:24:56","modified_gmt":"2023-03-02T03:24:56","slug":"la-guerra-de-los-judios","status":"publish","type":"product","link":"https:\/\/tavapy.gov.py\/biblioteca\/product\/la-guerra-de-los-judios\/","title":{"rendered":"LA GUERRA DE LOS JUD\u00cdOS."},"content":{"rendered":"","protected":false},"excerpt":{"rendered":"<p>La obra fue escrita en un intervalo definido entre los a\u00f1os 75 y 79, ya que Josefo menciona en la misma obra la dedicaci\u00f3n del Templo de la Paz en el a\u00f1o 75, as\u00ed como que entreg\u00f3 una copia a Vespasiano, muerto en el 79. Originalmente fue escrita en arameo, el idioma materno de Josefo, siendo \u00e9sta una versi\u00f3n que no se ha conservado.<\/p>\n<p>La versi\u00f3n que ha llegado hasta nuestros d\u00edas es una traducci\u00f3n al griego \u00e1tico, en un estilo m\u00e1s cl\u00e1sico que el propio de la koin\u00e9, y supervisada por el propio autor; aunque Josefo era conocedor de la lengua y la cultura griegas, cont\u00f3 con la ayuda de colaboradores, como \u00e9l mismo especifica en su Contra Api\u00f3n.<\/p>\n<p>El hecho de que no escogiese el lat\u00edn para traducir su obra puede fundarse en que \u00e9ste no gozaba todav\u00eda de una amplia difusi\u00f3n en esa \u00e9poca, mientras que el griego supon\u00eda un veh\u00edculo m\u00e1s id\u00f3neo para transmitir su obra entre la comunidad jud\u00eda de la zona oriental del Imperio, sumamente helenizada. Tambi\u00e9n existe una traducci\u00f3n en antiguo eslavo eclesi\u00e1stico que ha perdurado hasta la actualidad.<\/p>\n<p><a href=\"https:\/\/tavapy.gov.py\/biblioteca\/wp-content\/uploads\/2023\/03\/JosefoF-La_guerra_de_los_judios.pdf\" target=\"_blank\" rel=\"attachment noopener wp-att-7271\"><img loading=\"lazy\" decoding=\"async\" class=\"size-full wp-image-7271 alignleft\" src=\"https:\/\/tavapy.gov.py\/biblioteca\/wp-content\/uploads\/2023\/02\/icono-PDF-copia-2-3.png\" alt=\"\" width=\"121\" height=\"140\" \/><\/a><\/p>\n","protected":false},"featured_media":7317,"comment_status":"open","ping_status":"closed","template":"","meta":{"spay_email":""},"product_cat":[1005],"product_tag":[],"class_list":{"0":"post-7361","1":"product","2":"type-product","3":"status-publish","4":"has-post-thumbnail","6":"book_author-flavio-josefo","7":"product_cat-historia-universal-historia-judia","8":"entry"},"_links":{"self":[{"href":"https:\/\/tavapy.gov.py\/biblioteca\/wp-json\/wp\/v2\/product\/7361","targetHints":{"allow":["GET"]}}],"collection":[{"href":"https:\/\/tavapy.gov.py\/biblioteca\/wp-json\/wp\/v2\/product"}],"about":[{"href":"https:\/\/tavapy.gov.py\/biblioteca\/wp-json\/wp\/v2\/types\/product"}],"replies":[{"embeddable":true,"href":"https:\/\/tavapy.gov.py\/biblioteca\/wp-json\/wp\/v2\/comments?post=7361"}],"wp:featuredmedia":[{"embeddable":true,"href":"https:\/\/tavapy.gov.py\/biblioteca\/wp-json\/wp\/v2\/media\/7317"}],"wp:attachment":[{"href":"https:\/\/tavapy.gov.py\/biblioteca\/wp-json\/wp\/v2\/media?parent=7361"}],"wp:term":[{"taxonomy":"product_cat","embeddable":true,"href":"https:\/\/tavapy.gov.py\/biblioteca\/wp-json\/wp\/v2\/product_cat?post=7361"},{"taxonomy":"product_tag","embeddable":true,"href":"https:\/\/tavapy.gov.py\/biblioteca\/wp-json\/wp\/v2\/product_tag?post=7361"}],"curies":[{"name":"wp","href":"https:\/\/api.w.org\/{rel}","templated":true}]}}