{"id":7362,"date":"2023-03-02T03:52:11","date_gmt":"2023-03-02T03:52:11","guid":{"rendered":"https:\/\/tavapy.gov.py\/biblioteca\/?post_type=product&#038;p=7362"},"modified":"2023-03-02T03:52:11","modified_gmt":"2023-03-02T03:52:11","slug":"antiguedades-de-los-judios","status":"publish","type":"product","link":"https:\/\/tavapy.gov.py\/biblioteca\/product\/antiguedades-de-los-judios\/","title":{"rendered":"ANTIGUEDADES DE LOS JUD\u00cdOS."},"content":{"rendered":"","protected":false},"excerpt":{"rendered":"<p>Antig\u00fcedades jud\u00edas es una obra escrita en griego del historiador jud\u00edo Flavio Josefo, hacia los a\u00f1os 93-94. La obra est\u00e1 destinada a narrar la historia de los jud\u00edos a un p\u00fablico gentil, esforz\u00e1ndose por demostrar que el pueblo jud\u00edo es el m\u00e1s antiguo de todos los existentes. Cubre un per\u00edodo que abarca desde la Creaci\u00f3n hasta la revuelta antirromana que se inici\u00f3 en el a\u00f1o 66.<\/p>\n<p>Se divide en veinte libros, y toma como modelo las Antig\u00fcedades romanas de Dionisio de Halicarnaso. Los diez primeros son una par\u00e1frasis del texto de la Biblia de los Setenta, y cubren el per\u00edodo que llega hasta la etapa del dominio persa. La segunda parte, que se inicia con la \u00e9poca de Alejandro Magno, utiliza fuentes tanto griegas (Polibio), como jud\u00edas (Libro de los Macabeos). En los libros XV, XVI y XVII se narra la historia de Herodes el Grande.<\/p>\n<p>La obra es c\u00e9lebre por contener, en el libro XVIII, un testimonio hist\u00f3rico acerca de Jes\u00fas de Nazaret, el fragmento llamado Testimonio flaviano. Sin embargo, existen dudas sobre la autenticidad de este fragmento, ya que la mayor\u00eda de los autores modernos consideran que contiene interpolaciones cristianas posteriores.<\/p>\n<p>La obra Las antig\u00fcedades de los jud\u00edos de Flavio Josefo fue publicada en 1.668.<\/p>\n<p><a href=\"https:\/\/tavapy.gov.py\/biblioteca\/wp-content\/uploads\/2023\/03\/JosefoF-Las-antiguedades-de-los-judios.pdf\" target=\"_blank\" rel=\"attachment noopener wp-att-7271\"><img loading=\"lazy\" decoding=\"async\" class=\"size-full wp-image-7271 alignleft\" src=\"https:\/\/tavapy.gov.py\/biblioteca\/wp-content\/uploads\/2023\/02\/icono-PDF-copia-2-3.png\" alt=\"\" width=\"121\" height=\"140\" \/><\/a><\/p>\n","protected":false},"featured_media":7320,"comment_status":"open","ping_status":"closed","template":"","meta":{"spay_email":""},"product_cat":[1005],"product_tag":[],"class_list":{"0":"post-7362","1":"product","2":"type-product","3":"status-publish","4":"has-post-thumbnail","6":"book_author-flavio-josefo","7":"product_cat-historia-universal-historia-judia","8":"entry"},"_links":{"self":[{"href":"https:\/\/tavapy.gov.py\/biblioteca\/wp-json\/wp\/v2\/product\/7362","targetHints":{"allow":["GET"]}}],"collection":[{"href":"https:\/\/tavapy.gov.py\/biblioteca\/wp-json\/wp\/v2\/product"}],"about":[{"href":"https:\/\/tavapy.gov.py\/biblioteca\/wp-json\/wp\/v2\/types\/product"}],"replies":[{"embeddable":true,"href":"https:\/\/tavapy.gov.py\/biblioteca\/wp-json\/wp\/v2\/comments?post=7362"}],"wp:featuredmedia":[{"embeddable":true,"href":"https:\/\/tavapy.gov.py\/biblioteca\/wp-json\/wp\/v2\/media\/7320"}],"wp:attachment":[{"href":"https:\/\/tavapy.gov.py\/biblioteca\/wp-json\/wp\/v2\/media?parent=7362"}],"wp:term":[{"taxonomy":"product_cat","embeddable":true,"href":"https:\/\/tavapy.gov.py\/biblioteca\/wp-json\/wp\/v2\/product_cat?post=7362"},{"taxonomy":"product_tag","embeddable":true,"href":"https:\/\/tavapy.gov.py\/biblioteca\/wp-json\/wp\/v2\/product_tag?post=7362"}],"curies":[{"name":"wp","href":"https:\/\/api.w.org\/{rel}","templated":true}]}}