{"id":7363,"date":"2023-03-02T12:49:54","date_gmt":"2023-03-02T12:49:54","guid":{"rendered":"https:\/\/tavapy.gov.py\/biblioteca\/?post_type=product&#038;p=7363"},"modified":"2023-03-02T12:49:55","modified_gmt":"2023-03-02T12:49:55","slug":"vida-de-flavio-josefo","status":"publish","type":"product","link":"https:\/\/tavapy.gov.py\/biblioteca\/product\/vida-de-flavio-josefo\/","title":{"rendered":"VIDA DE FLAVIO JOSEFO."},"content":{"rendered":"","protected":false},"excerpt":{"rendered":"<p>Esta obra de Flavio Josefo es un texto autobiogr\u00e1fico escrito por Flavio Josefo en Roma, en los \u00faltimos a\u00f1os de su vida, en torno al 96 d. C.<\/p>\n<p>Se trata posiblemente de un ap\u00e9ndice de su Antig\u00fcedades jud\u00edas,1\u200b donde el autor revisa los acontecimientos de la primera guerra judeo-romana.<\/p>\n<p>Al igual que el resto de la producci\u00f3n literaria de Flavio Josefo est\u00e1 escrito en griego, una lengua que no dominaba por lo que, seg\u00fan reconoce, en ocasiones tuvo que solicitar la ayuda de escritores m\u00e1s avezados.<\/p>\n<p>Las memorias personales o autobiogr\u00e1ficas representan un g\u00e9nero poco frecuente en la literatura grecorromana. \u200b En este caso, obedece a la necesidad de Flavio Josefo de justificar su trayectoria personal y pol\u00edtica que, de luchar contra los romanos en defensa de la independencia de su patria, Israel, una vez derrotado militarmente, se sum\u00f3 al bando vencedor y vivi\u00f3 en Roma favorecido por los emperadores de la dinast\u00eda Flavia.<\/p>\n<p>El autor no es objetivo, realzando sus acciones y ocultando sus contradicciones pol\u00edticas, mientras pone especial empe\u00f1o en refutar las acusaciones de traici\u00f3n que contra \u00e9l hab\u00eda formulado el tambi\u00e9n historiador jud\u00edo Justo de Tiber\u00edades, \u200b al que tacha de desvergonzado, mentiroso y corrupto.<\/p>\n<p><a href=\"https:\/\/tavapy.gov.py\/biblioteca\/wp-content\/uploads\/2023\/03\/JosefoF-Vida-de-Flavio-Josefo.pdf\" target=\"_blank\" rel=\"attachment noopener wp-att-7271\"><img loading=\"lazy\" decoding=\"async\" class=\"size-full wp-image-7271 alignleft\" src=\"https:\/\/tavapy.gov.py\/biblioteca\/wp-content\/uploads\/2023\/02\/icono-PDF-copia-2-3.png\" alt=\"\" width=\"121\" height=\"140\" \/><\/a><\/p>\n","protected":false},"featured_media":7323,"comment_status":"open","ping_status":"closed","template":"","meta":{"spay_email":""},"product_cat":[770],"product_tag":[],"class_list":{"0":"post-7363","1":"product","2":"type-product","3":"status-publish","4":"has-post-thumbnail","6":"book_author-flavio-josefo","7":"product_cat-historia-biografia","8":"entry"},"_links":{"self":[{"href":"https:\/\/tavapy.gov.py\/biblioteca\/wp-json\/wp\/v2\/product\/7363","targetHints":{"allow":["GET"]}}],"collection":[{"href":"https:\/\/tavapy.gov.py\/biblioteca\/wp-json\/wp\/v2\/product"}],"about":[{"href":"https:\/\/tavapy.gov.py\/biblioteca\/wp-json\/wp\/v2\/types\/product"}],"replies":[{"embeddable":true,"href":"https:\/\/tavapy.gov.py\/biblioteca\/wp-json\/wp\/v2\/comments?post=7363"}],"wp:featuredmedia":[{"embeddable":true,"href":"https:\/\/tavapy.gov.py\/biblioteca\/wp-json\/wp\/v2\/media\/7323"}],"wp:attachment":[{"href":"https:\/\/tavapy.gov.py\/biblioteca\/wp-json\/wp\/v2\/media?parent=7363"}],"wp:term":[{"taxonomy":"product_cat","embeddable":true,"href":"https:\/\/tavapy.gov.py\/biblioteca\/wp-json\/wp\/v2\/product_cat?post=7363"},{"taxonomy":"product_tag","embeddable":true,"href":"https:\/\/tavapy.gov.py\/biblioteca\/wp-json\/wp\/v2\/product_tag?post=7363"}],"curies":[{"name":"wp","href":"https:\/\/api.w.org\/{rel}","templated":true}]}}