{"id":7364,"date":"2023-03-02T13:00:25","date_gmt":"2023-03-02T13:00:25","guid":{"rendered":"https:\/\/tavapy.gov.py\/biblioteca\/?post_type=product&#038;p=7364"},"modified":"2023-03-02T13:02:48","modified_gmt":"2023-03-02T13:02:48","slug":"las-diez-caras-de-la-innovacion-estrategias-para-una-creatividad-excelente","status":"publish","type":"product","link":"https:\/\/tavapy.gov.py\/biblioteca\/product\/las-diez-caras-de-la-innovacion-estrategias-para-una-creatividad-excelente\/","title":{"rendered":"LAS DIEZ CARAS DE LA INNOVACI\u00d3N: ESTRATEGIAS PARA UNA CREATIVIDAD EXCELENTE."},"content":{"rendered":"","protected":false},"excerpt":{"rendered":"<p>La innovaci\u00f3n es el alma de toda empresa, el combustible que mantiene en marcha una organizaci\u00f3n en un mercado muy complicado. Sin embargo, por su propia naturaleza resulta muy dif\u00edcil planificarla, cuantificarla y darla a conocer a trav\u00e9s de la formaci\u00f3n. En Las diez caras de la innovaci\u00f3n, Tom Kelley, director general y hermano del fundador de IDEO, explica c\u00f3mo hacerlo.<\/p>\n<p>Kelley revela las estrategias que aplica su empresa mundialmente famosa, IDEO, para impulsar el pensamiento original y derrotar a los pesimistas que reprimen la creatividad. Identifica diez roles clave desarrollados que cualquiera puede adoptar con el fin de innovar en diferentes situaciones.<\/p>\n<p>Todos los roles -\u00abel antrop\u00f3logo\u00bb, \u00abel saltador de vallas\u00bb, \u00abel arquitecto de experiencias\u00bb y \u00abel interpolinizador\u00bb, por citar s\u00f3lo algunos- se ilustran con ejemplos reales que le ayudar\u00e1n a transformar su modo de trabajar. El resultado es una brillante gu\u00eda para fomentar la creatividad y desterrar al \u00ababogado del diablo\u00bb.<\/p>\n<p>La obra Las diez caras de la innovaci\u00f3n: estrategias para una creatividad excelente fue publicada en el 2.009.<\/p>\n<p><a href=\"https:\/\/tavapy.gov.py\/biblioteca\/wp-content\/uploads\/2023\/03\/KelleyT-Las-Diez-Caras-De-La-Innovacion.pdf\" target=\"_blank\" rel=\"attachment noopener wp-att-7271\"><img loading=\"lazy\" decoding=\"async\" class=\"size-full wp-image-7271 alignleft\" src=\"https:\/\/tavapy.gov.py\/biblioteca\/wp-content\/uploads\/2023\/02\/icono-PDF-copia-2-3.png\" alt=\"\" width=\"121\" height=\"140\" \/><\/a><\/p>\n","protected":false},"featured_media":7324,"comment_status":"open","ping_status":"closed","template":"","meta":{"spay_email":""},"product_cat":[742],"product_tag":[],"class_list":{"0":"post-7364","1":"product","2":"type-product","3":"status-publish","4":"has-post-thumbnail","6":"book_author-tom-kelley","7":"product_cat-empresas-gestion-empresarial","8":"entry"},"_links":{"self":[{"href":"https:\/\/tavapy.gov.py\/biblioteca\/wp-json\/wp\/v2\/product\/7364","targetHints":{"allow":["GET"]}}],"collection":[{"href":"https:\/\/tavapy.gov.py\/biblioteca\/wp-json\/wp\/v2\/product"}],"about":[{"href":"https:\/\/tavapy.gov.py\/biblioteca\/wp-json\/wp\/v2\/types\/product"}],"replies":[{"embeddable":true,"href":"https:\/\/tavapy.gov.py\/biblioteca\/wp-json\/wp\/v2\/comments?post=7364"}],"wp:featuredmedia":[{"embeddable":true,"href":"https:\/\/tavapy.gov.py\/biblioteca\/wp-json\/wp\/v2\/media\/7324"}],"wp:attachment":[{"href":"https:\/\/tavapy.gov.py\/biblioteca\/wp-json\/wp\/v2\/media?parent=7364"}],"wp:term":[{"taxonomy":"product_cat","embeddable":true,"href":"https:\/\/tavapy.gov.py\/biblioteca\/wp-json\/wp\/v2\/product_cat?post=7364"},{"taxonomy":"product_tag","embeddable":true,"href":"https:\/\/tavapy.gov.py\/biblioteca\/wp-json\/wp\/v2\/product_tag?post=7364"}],"curies":[{"name":"wp","href":"https:\/\/api.w.org\/{rel}","templated":true}]}}