{"id":7365,"date":"2023-03-02T13:08:22","date_gmt":"2023-03-02T13:08:22","guid":{"rendered":"https:\/\/tavapy.gov.py\/biblioteca\/?post_type=product&#038;p=7365"},"modified":"2023-03-02T13:08:23","modified_gmt":"2023-03-02T13:08:23","slug":"apocalipsis","status":"publish","type":"product","link":"https:\/\/tavapy.gov.py\/biblioteca\/product\/apocalipsis\/","title":{"rendered":"APOCALIPSIS."},"content":{"rendered":"","protected":false},"excerpt":{"rendered":"<p>Stephen King en estado puro. Un\u00e1nimemente, una de las novelas favoritas de los fans del maestro de la literatura de terror. El libro en el que se basa la serie deThe Stand<\/p>\n<p>Un virus gripal, creado artificialmente como posible arma bacteriol\u00f3gica, se extiende por Estados Unidos y el mundo, provocando la muerte de la mayor parte de la poblaci\u00f3n. Los supervivientes tienen sue\u00f1os comunes, en los que aparece una anciana y un hombre joven.<\/p>\n<p>La mujer anciana los incita a viajar a Nebraska para combatir a Randall Flagg, un abominable personaje que lidera las fuerzas del mal y busca la aniquilaci\u00f3n definitiva de la humanidad mediante un temible arsenal nuclear.<\/p>\n<p>El libro Apocalipsis de Stephen King fue publicado en 1.978.<\/p>\n<p><a href=\"https:\/\/tavapy.gov.py\/biblioteca\/wp-content\/uploads\/2023\/03\/KingS-Apocalipsis-Libro-1.pdf\" target=\"_blank\" rel=\"attachment noopener wp-att-7271\"><img loading=\"lazy\" decoding=\"async\" class=\"size-full wp-image-7271 alignleft\" src=\"https:\/\/tavapy.gov.py\/biblioteca\/wp-content\/uploads\/2023\/02\/icono-PDF-copia-2-3.png\" alt=\"\" width=\"121\" height=\"140\" \/><\/a><\/p>\n","protected":false},"featured_media":7327,"comment_status":"open","ping_status":"closed","template":"","meta":{"spay_email":""},"product_cat":[1008],"product_tag":[],"class_list":{"0":"post-7365","1":"product","2":"type-product","3":"status-publish","4":"has-post-thumbnail","6":"book_author-stephen-king","7":"product_cat-novela-de-terror","8":"entry"},"_links":{"self":[{"href":"https:\/\/tavapy.gov.py\/biblioteca\/wp-json\/wp\/v2\/product\/7365","targetHints":{"allow":["GET"]}}],"collection":[{"href":"https:\/\/tavapy.gov.py\/biblioteca\/wp-json\/wp\/v2\/product"}],"about":[{"href":"https:\/\/tavapy.gov.py\/biblioteca\/wp-json\/wp\/v2\/types\/product"}],"replies":[{"embeddable":true,"href":"https:\/\/tavapy.gov.py\/biblioteca\/wp-json\/wp\/v2\/comments?post=7365"}],"wp:featuredmedia":[{"embeddable":true,"href":"https:\/\/tavapy.gov.py\/biblioteca\/wp-json\/wp\/v2\/media\/7327"}],"wp:attachment":[{"href":"https:\/\/tavapy.gov.py\/biblioteca\/wp-json\/wp\/v2\/media?parent=7365"}],"wp:term":[{"taxonomy":"product_cat","embeddable":true,"href":"https:\/\/tavapy.gov.py\/biblioteca\/wp-json\/wp\/v2\/product_cat?post=7365"},{"taxonomy":"product_tag","embeddable":true,"href":"https:\/\/tavapy.gov.py\/biblioteca\/wp-json\/wp\/v2\/product_tag?post=7365"}],"curies":[{"name":"wp","href":"https:\/\/api.w.org\/{rel}","templated":true}]}}