{"id":7367,"date":"2023-03-02T16:33:49","date_gmt":"2023-03-02T16:33:49","guid":{"rendered":"https:\/\/tavapy.gov.py\/biblioteca\/?post_type=product&#038;p=7367"},"modified":"2023-03-02T16:33:49","modified_gmt":"2023-03-02T16:33:49","slug":"el-visitante","status":"publish","type":"product","link":"https:\/\/tavapy.gov.py\/biblioteca\/product\/el-visitante\/","title":{"rendered":"EL VISITANTE."},"content":{"rendered":"","protected":false},"excerpt":{"rendered":"<p>Un ni\u00f1o de once a\u00f1os ha sido brutalmente asesinado. Todas las pruebas apuntan a uno de los ciudadanos m\u00e1s queridos de Flint City: Terry Maitland, entrenador en la liga infantil, profesor de literatura, marido ejemplar y padre de dos ni\u00f1as.<\/p>\n<p>El detective Ralph Anderson ordena su detenci\u00f3n. Maitland tiene una coartada firme que demuestra que estuvo en otra ciudad cuando se cometi\u00f3 el crimen, pero las pruebas de ADNencontradas en el lugar de los hechos confirman que es culpable. Ante la justicia y la opini\u00f3n p\u00fablica Terry Maitland es un asesino y el caso est\u00e1 resuelto.<\/p>\n<p>Pero el detective Anderson no est\u00e1 satisfecho. Maitland parece un buen tipo, un ciudadano ejemplar, \u00bfacaso tiene dos caras? Y \u00bfc\u00f3mo es posible que estuviera en dos sitios a la vez?<\/p>\n<p>La respuesta, como no podr\u00eda ser de otra forma saliendo de la pluma de Stephen King, te har\u00e1 desear no haber preguntado.<\/p>\n<p>El libro El visitante de Stephen King fue publicado en el 2.018.<\/p>\n<p><a href=\"https:\/\/tavapy.gov.py\/biblioteca\/wp-content\/uploads\/2023\/03\/KingS-El-visitante.pdf\" target=\"_blank\" rel=\"attachment noopener wp-att-7271\"><img loading=\"lazy\" decoding=\"async\" class=\"size-full wp-image-7271 alignleft\" src=\"https:\/\/tavapy.gov.py\/biblioteca\/wp-content\/uploads\/2023\/02\/icono-PDF-copia-2-3.png\" alt=\"\" width=\"121\" height=\"140\" \/><\/a><\/p>\n","protected":false},"featured_media":7332,"comment_status":"open","ping_status":"closed","template":"","meta":{"spay_email":""},"product_cat":[1008],"product_tag":[],"class_list":{"0":"post-7367","1":"product","2":"type-product","3":"status-publish","4":"has-post-thumbnail","6":"book_author-stephen-king","7":"product_cat-novela-de-terror","8":"entry"},"_links":{"self":[{"href":"https:\/\/tavapy.gov.py\/biblioteca\/wp-json\/wp\/v2\/product\/7367","targetHints":{"allow":["GET"]}}],"collection":[{"href":"https:\/\/tavapy.gov.py\/biblioteca\/wp-json\/wp\/v2\/product"}],"about":[{"href":"https:\/\/tavapy.gov.py\/biblioteca\/wp-json\/wp\/v2\/types\/product"}],"replies":[{"embeddable":true,"href":"https:\/\/tavapy.gov.py\/biblioteca\/wp-json\/wp\/v2\/comments?post=7367"}],"wp:featuredmedia":[{"embeddable":true,"href":"https:\/\/tavapy.gov.py\/biblioteca\/wp-json\/wp\/v2\/media\/7332"}],"wp:attachment":[{"href":"https:\/\/tavapy.gov.py\/biblioteca\/wp-json\/wp\/v2\/media?parent=7367"}],"wp:term":[{"taxonomy":"product_cat","embeddable":true,"href":"https:\/\/tavapy.gov.py\/biblioteca\/wp-json\/wp\/v2\/product_cat?post=7367"},{"taxonomy":"product_tag","embeddable":true,"href":"https:\/\/tavapy.gov.py\/biblioteca\/wp-json\/wp\/v2\/product_tag?post=7367"}],"curies":[{"name":"wp","href":"https:\/\/api.w.org\/{rel}","templated":true}]}}