{"id":7373,"date":"2023-03-08T19:07:33","date_gmt":"2023-03-08T19:07:33","guid":{"rendered":"https:\/\/tavapy.gov.py\/biblioteca\/?post_type=product&#038;p=7373"},"modified":"2023-03-08T19:07:34","modified_gmt":"2023-03-08T19:07:34","slug":"festin-de-cuervos-cancion-de-hielo-y-fuego-04","status":"publish","type":"product","link":"https:\/\/tavapy.gov.py\/biblioteca\/product\/festin-de-cuervos-cancion-de-hielo-y-fuego-04\/","title":{"rendered":"FEST\u00cdN DE CUERVOS &#8211; CANCI\u00d3N DE HIELO Y FUEGO 04."},"content":{"rendered":"","protected":false},"excerpt":{"rendered":"<p>Mientras los vientos del oto\u00f1o desnudan los \u00e1rboles, las \u00faltimas cosechas se pudren en los pocos campos que no han sido devastados por la guerra, y por los r\u00edos te\u00f1idos de rojo bajan cad\u00e1veres de todos los blasones y estirpes. Y aunque casi todo Poniente yace extenuado, en diversos rincones florecen nuevas e inquietantes intrigas que ans\u00edan nutrirse de los despojos de un reino moribundo.<\/p>\n<p>George R.R. Martin contin\u00faa sumando hordas de seguidores incondicionales mientras desgrana, con pulso firme y certero, una de las experiencias literarias m\u00e1s ambiciosas y apasionantes que se hayan propuesto nunca en el terreno de la fantas\u00eda. Fest\u00edn de cuervos, como la calma que precede a la tempestad, desarrolla nuevos personajes y tramas de un retablo tenso y sobrecogedor.<\/p>\n<p>Cuando se apaga el clamor de las espadas, solamente queda carro\u00f1a para los cuervos.<\/p>\n<p>Las circunstancias han forzado una tregua en la guerra de los Cinco Reyes. Los intrigantes miembros de la Casa Lannister intentan consolidar su hegemon\u00eda en Poniente; la flota de las Islas del Hierro se congrega para la elecci\u00f3n de un rey que restituya la gloria perdida del Trono de Piedramar, y en Dorne, el \u00fanico de los Siete Reinos que permanece apartado del conflicto, el asesinato de la princesa Elia y de los herederos Targaryen todav\u00eda se recuerda con dolor y rabia.<\/p>\n<p>Entre tanto, Brienne de Tarth parte en busca de Sansa Stark en cumplimiento de una promesa, y Samwell Tarly regresa de las tierras inh\u00f3spitas de m\u00e1s all\u00e1 del Muro acompa\u00f1ado de una mujer y un ni\u00f1o de pecho.<\/p>\n<p>Fest\u00edn de cuervos, consigue mantener la intensidad emocional de sus predecesoras y contin\u00faa tejiendo con maestr\u00eda y convicci\u00f3n la multiplicidad de tramas de una serie sin parang\u00f3n.<\/p>\n<p>El libro Canci\u00f3n de hielo y fuego 04: fest\u00edn de cuervos fue publicado en el 2.011.<\/p>\n<p><a href=\"https:\/\/tavapy.gov.py\/biblioteca\/wp-content\/uploads\/2023\/03\/MartinG-Juego-de-tronos-Cancionde-hielo-y-fuego-4-Festin-de-cuervos.pdf\" target=\"_blank\" rel=\"attachment noopener wp-att-7271\"><img loading=\"lazy\" decoding=\"async\" class=\"size-full wp-image-7271 alignleft\" src=\"https:\/\/tavapy.gov.py\/biblioteca\/wp-content\/uploads\/2023\/02\/icono-PDF-copia-2-3.png\" alt=\"\" width=\"121\" height=\"140\" \/><\/a><\/p>\n","protected":false},"featured_media":7345,"comment_status":"open","ping_status":"closed","template":"","meta":{"spay_email":""},"product_cat":[588],"product_tag":[],"class_list":{"0":"post-7373","1":"product","2":"type-product","3":"status-publish","4":"has-post-thumbnail","6":"book_author-george-r-r-martin","7":"product_cat-novela-fantastica","8":"entry"},"_links":{"self":[{"href":"https:\/\/tavapy.gov.py\/biblioteca\/wp-json\/wp\/v2\/product\/7373","targetHints":{"allow":["GET"]}}],"collection":[{"href":"https:\/\/tavapy.gov.py\/biblioteca\/wp-json\/wp\/v2\/product"}],"about":[{"href":"https:\/\/tavapy.gov.py\/biblioteca\/wp-json\/wp\/v2\/types\/product"}],"replies":[{"embeddable":true,"href":"https:\/\/tavapy.gov.py\/biblioteca\/wp-json\/wp\/v2\/comments?post=7373"}],"wp:featuredmedia":[{"embeddable":true,"href":"https:\/\/tavapy.gov.py\/biblioteca\/wp-json\/wp\/v2\/media\/7345"}],"wp:attachment":[{"href":"https:\/\/tavapy.gov.py\/biblioteca\/wp-json\/wp\/v2\/media?parent=7373"}],"wp:term":[{"taxonomy":"product_cat","embeddable":true,"href":"https:\/\/tavapy.gov.py\/biblioteca\/wp-json\/wp\/v2\/product_cat?post=7373"},{"taxonomy":"product_tag","embeddable":true,"href":"https:\/\/tavapy.gov.py\/biblioteca\/wp-json\/wp\/v2\/product_tag?post=7373"}],"curies":[{"name":"wp","href":"https:\/\/api.w.org\/{rel}","templated":true}]}}