{"id":7374,"date":"2023-03-08T19:12:09","date_gmt":"2023-03-08T19:12:09","guid":{"rendered":"https:\/\/tavapy.gov.py\/biblioteca\/?post_type=product&#038;p=7374"},"modified":"2023-03-08T19:12:09","modified_gmt":"2023-03-08T19:12:09","slug":"juego-de-tronos-cancion-de-hielo-y-fuego-01","status":"publish","type":"product","link":"https:\/\/tavapy.gov.py\/biblioteca\/product\/juego-de-tronos-cancion-de-hielo-y-fuego-01\/","title":{"rendered":"JUEGO DE TRONOS &#8211; CANCI\u00d3N DE HIELO Y FUEGO 01."},"content":{"rendered":"","protected":false},"excerpt":{"rendered":"<p>Juego de tronos (Game of Thrones) es una novela de fantas\u00eda escrita por el autor estadounidense George R. R. Martin en 1996 y ganadora del premio Locus a la mejor novela de fantas\u00eda en 1997.<\/p>\n<p>Se trata de la primera entrega de la serie de gran popularidad Canci\u00f3n de hielo y fuego. La novela se caracteriza por su est\u00e9tica medieval,\u200b la descripci\u00f3n de numerosos personajes bien detallados, la contraposici\u00f3n de puntos de vista de los m\u00faltiples protagonistas, su trama con giros inesperados y un uso sutil y moderado de los aspectos m\u00e1gicos tan comunes en otras obras de fantas\u00eda heroica.<\/p>\n<p>Eddard Stark, como Se\u00f1or de Invernalia, en nombre de Robert I Baratheon, rey de los Siete Reinos, debe condenar y ejecutar a un desertor de la Guardia de la Noche. Algunos de sus hijos se encuentran entre los testigos. En el viaje de vuelta a Invernalia (Winterfell), los hijos de Eddard descubren cinco cachorros de lobo huargo al lado de su madre muerta, uno para cada uno de sus hijos leg\u00edtimos y otro cachorro totalmente blanco, que se queda su bastardo Jon Nieves (el lobo huargo es el s\u00edmbolo de la Casa Stark, que aparece en la her\u00e1ldica de la familia Stark).<\/p>\n<p>Despu\u00e9s de la muerte de Lord Jon Arryn, anterior \u00abMano del Rey\u00bb (el m\u00e1s alto asesor del rey), el rey Robert Baratheon visita a Eddard en Invernalia. Como conf\u00eda en \u00e9l como un viejo amigo y como aliado en la lucha por el trono, el rey Robert le pide a Eddard convertirse en la nueva Mano del Rey. Eddard acepta, en contra de sus instintos, y al mismo tiempo promete a su esposa, Lady Catelyn Stark que va a investigar la muerte de la Mano anterior, Jon Arryn, que hab\u00eda sido esposo de su hermana Lysa Tully.<\/p>\n<p>Antes de que los Stark viajen al sur, en direcci\u00f3n a Desembarco del Rey (capital de Los Siete Reinos), el hijo de Ned Stark, Bran ve a Cersei Lannister Baratheon, esposa del rey, cometer incesto con su hermano gemelo Jaime Lannister. Este empuja a Bran al vac\u00edo desde una torre con la esperanza de ocultar el secreto.<\/p>\n<p>Bran sobrevive pero permanece inconsciente por un largo periodo de tiempo. Durante su recuperaci\u00f3n, atentan contra su vida pero Verano, el lobo huargo de Bran lo evita, salvando la vida del joven y la de su madre matando al asesino.<\/p>\n<p>Catelyn se da cuenta de que su marido se enfrenta a numerosos peligros en Desembarco del Rey, por lo que viaja all\u00ed de inc\u00f3gnito en barco para advertirle. Robb Stark, su hijo mayor, queda gobernando como el Se\u00f1or de Invernalia. No mucho despu\u00e9s de la partida de Catelyn, Bran despierta del coma sin movilidad en las piernas y sin recordar c\u00f3mo cay\u00f3. Bran permanece en Invernalia, junto con su hermano mayor Robb y su hermano menor Rickon\u2026<\/p>\n<p><a href=\"https:\/\/tavapy.gov.py\/biblioteca\/wp-content\/uploads\/2023\/03\/MartinG-Juego-de-Tronos-Cancion-de-hielo-y-fuego-1.pdf\" target=\"_blank\" rel=\"attachment noopener wp-att-7271\"><img loading=\"lazy\" decoding=\"async\" class=\"size-full wp-image-7271 alignleft\" src=\"https:\/\/tavapy.gov.py\/biblioteca\/wp-content\/uploads\/2023\/02\/icono-PDF-copia-2-3.png\" alt=\"\" width=\"121\" height=\"140\" \/><\/a><\/p>\n","protected":false},"featured_media":7347,"comment_status":"open","ping_status":"closed","template":"","meta":{"spay_email":""},"product_cat":[588],"product_tag":[],"class_list":{"0":"post-7374","1":"product","2":"type-product","3":"status-publish","4":"has-post-thumbnail","6":"book_author-george-r-r-martin","7":"product_cat-novela-fantastica","8":"entry"},"_links":{"self":[{"href":"https:\/\/tavapy.gov.py\/biblioteca\/wp-json\/wp\/v2\/product\/7374","targetHints":{"allow":["GET"]}}],"collection":[{"href":"https:\/\/tavapy.gov.py\/biblioteca\/wp-json\/wp\/v2\/product"}],"about":[{"href":"https:\/\/tavapy.gov.py\/biblioteca\/wp-json\/wp\/v2\/types\/product"}],"replies":[{"embeddable":true,"href":"https:\/\/tavapy.gov.py\/biblioteca\/wp-json\/wp\/v2\/comments?post=7374"}],"wp:featuredmedia":[{"embeddable":true,"href":"https:\/\/tavapy.gov.py\/biblioteca\/wp-json\/wp\/v2\/media\/7347"}],"wp:attachment":[{"href":"https:\/\/tavapy.gov.py\/biblioteca\/wp-json\/wp\/v2\/media?parent=7374"}],"wp:term":[{"taxonomy":"product_cat","embeddable":true,"href":"https:\/\/tavapy.gov.py\/biblioteca\/wp-json\/wp\/v2\/product_cat?post=7374"},{"taxonomy":"product_tag","embeddable":true,"href":"https:\/\/tavapy.gov.py\/biblioteca\/wp-json\/wp\/v2\/product_tag?post=7374"}],"curies":[{"name":"wp","href":"https:\/\/api.w.org\/{rel}","templated":true}]}}