{"id":7375,"date":"2023-03-08T21:35:01","date_gmt":"2023-03-08T21:35:01","guid":{"rendered":"https:\/\/tavapy.gov.py\/biblioteca\/?post_type=product&#038;p=7375"},"modified":"2023-03-08T21:35:02","modified_gmt":"2023-03-08T21:35:02","slug":"choque-de-reyes-cancion-de-hielo-y-fuego-02","status":"publish","type":"product","link":"https:\/\/tavapy.gov.py\/biblioteca\/product\/choque-de-reyes-cancion-de-hielo-y-fuego-02\/","title":{"rendered":"CHOQUE DE REYES &#8211; CANCI\u00d3N DE HIELO Y FUEGO 02."},"content":{"rendered":"","protected":false},"excerpt":{"rendered":"<p>Canci\u00f3n de Hielo y Fuego: Libro Segundo, la continuaci\u00f3n del best-seller Juego de tronos. La novela r\u00edo m\u00e1s espectacular jam\u00e1s escrita. Un cometa del color de la sangre hiende el cielo cargado de malos augurios. Y hay razones sobradas para pensar as\u00ed: los Siete Reinos se ven sacudidos por las luchas intestinas entre los nobles por la sucesi\u00f3n al Trono de Hierro.<\/p>\n<p>En la otra orilla del oc\u00e9ano, la princesa Daenerys Targaryen conduce a su pueblo de jinetes salvajes a trav\u00e9s del desierto. Y en los p\u00e1ramos helados del Norte, m\u00e1s all\u00e1 del Muro, un ej\u00e9rcito implacable avanza impune hacia un territorio asolado por el caos y las guerras fraticidas.<\/p>\n<p>George R.R. Martin, con pulso firme y en\u00e9rgico, nos deleita con un brillante despliegue de personajes, engranando una trama rica, densa y sorprendente. Nos vuelve testigos de luchas fraticidas, intrigas y traiciones palaciegas en una tierra maldita por la guerra, donde fuerzas ocultas se alzan de nuevo y acechan para reinar en las noches del largo invierno que se avecina. \u00c9xito rotundo de ventas, destinado a la distribuci\u00f3n masiva tanto en tiendas especializadas como generales.<\/p>\n<p>El libro Canci\u00f3n de hielo y fuego 02: choque de reyes de George R.R. Martin fue publicado en 1.998.<\/p>\n<p><a href=\"https:\/\/tavapy.gov.py\/biblioteca\/wp-content\/uploads\/2023\/03\/MartinG-Juego-de-Tronos-Cancion-de-hielo-y-fuego-02.pdf\" target=\"_blank\" rel=\"attachment noopener wp-att-7271\"><img loading=\"lazy\" decoding=\"async\" class=\"size-full wp-image-7271 alignleft\" src=\"https:\/\/tavapy.gov.py\/biblioteca\/wp-content\/uploads\/2023\/02\/icono-PDF-copia-2-3.png\" alt=\"\" width=\"121\" height=\"140\" \/><\/a><\/p>\n","protected":false},"featured_media":7349,"comment_status":"open","ping_status":"closed","template":"","meta":{"spay_email":""},"product_cat":[588],"product_tag":[],"class_list":{"0":"post-7375","1":"product","2":"type-product","3":"status-publish","4":"has-post-thumbnail","6":"book_author-george-r-r-martin","7":"product_cat-novela-fantastica","8":"entry"},"_links":{"self":[{"href":"https:\/\/tavapy.gov.py\/biblioteca\/wp-json\/wp\/v2\/product\/7375","targetHints":{"allow":["GET"]}}],"collection":[{"href":"https:\/\/tavapy.gov.py\/biblioteca\/wp-json\/wp\/v2\/product"}],"about":[{"href":"https:\/\/tavapy.gov.py\/biblioteca\/wp-json\/wp\/v2\/types\/product"}],"replies":[{"embeddable":true,"href":"https:\/\/tavapy.gov.py\/biblioteca\/wp-json\/wp\/v2\/comments?post=7375"}],"wp:featuredmedia":[{"embeddable":true,"href":"https:\/\/tavapy.gov.py\/biblioteca\/wp-json\/wp\/v2\/media\/7349"}],"wp:attachment":[{"href":"https:\/\/tavapy.gov.py\/biblioteca\/wp-json\/wp\/v2\/media?parent=7375"}],"wp:term":[{"taxonomy":"product_cat","embeddable":true,"href":"https:\/\/tavapy.gov.py\/biblioteca\/wp-json\/wp\/v2\/product_cat?post=7375"},{"taxonomy":"product_tag","embeddable":true,"href":"https:\/\/tavapy.gov.py\/biblioteca\/wp-json\/wp\/v2\/product_tag?post=7375"}],"curies":[{"name":"wp","href":"https:\/\/api.w.org\/{rel}","templated":true}]}}